{"id":960,"date":"2025-07-14T23:50:01","date_gmt":"2025-07-14T23:50:01","guid":{"rendered":"https:\/\/arneztravel.com.ar\/?page_id=960"},"modified":"2025-08-01T14:06:44","modified_gmt":"2025-08-01T14:06:44","slug":"como-llegar-a-puerto-madryn","status":"publish","type":"page","link":"https:\/\/arneztravel.com.ar\/en\/informacion\/como-llegar-a-puerto-madryn\/","title":{"rendered":"Como llegar a Puerto Madryn"},"content":{"rendered":"<div data-elementor-type=\"wp-page\" data-elementor-id=\"960\" class=\"elementor elementor-960\" data-elementor-post-type=\"page\">\n\t\t\t\t<div class=\"elementor-element elementor-element-6709868 e-con-full e-flex e-con e-parent\" data-id=\"6709868\" data-element_type=\"container\" data-e-type=\"container\" data-settings=\"{&quot;background_background&quot;:&quot;classic&quot;}\">\n\t\t\t\t<div class=\"elementor-element elementor-element-4b3f0a6 elementor-widget elementor-widget-heading\" data-id=\"4b3f0a6\" data-element_type=\"widget\" data-e-type=\"widget\" data-widget_type=\"heading.default\">\n\t\t\t\t<div class=\"elementor-widget-container\">\n\t\t\t\t\t<h2 class=\"elementor-heading-title elementor-size-default\">A\u00f1ade aqu\u00ed tu texto de cabecera<\/h2>\t\t\t\t<\/div>\n\t\t\t\t<\/div>\n\t\t\t\t<\/div>\n\t\t<div class=\"elementor-element elementor-element-07f225b e-con-full e-flex e-con e-parent\" data-id=\"07f225b\" data-element_type=\"container\" data-e-type=\"container\">\n\t\t\t\t<div class=\"elementor-element elementor-element-3844a59 elementor-widget elementor-widget-text-editor\" data-id=\"3844a59\" data-element_type=\"widget\" data-e-type=\"widget\" data-widget_type=\"text-editor.default\">\n\t\t\t\t<div class=\"elementor-widget-container\">\n\t\t\t\t\t\t\t\t\t<h2 data-start=\"324\" data-end=\"358\">\ud83d\uddfa\ufe0f C\u00f3mo llegar a Puerto Madryn<\/h2><p data-start=\"360\" data-end=\"746\">Puerto Madryn, ubicado en la costa atl\u00e1ntica de la Patagonia argentina, es uno de los destinos tur\u00edsticos m\u00e1s importantes del pa\u00eds, especialmente conocido por su biodiversidad marina y la cercan\u00eda a la Pen\u00ednsula Vald\u00e9s. Llegar es m\u00e1s f\u00e1cil de lo que parece, y ac\u00e1 te contamos todas las formas posibles de hacerlo, tanto si ven\u00eds desde otras provincias argentinas como desde el exterior.<\/p>\t\t\t\t\t\t\t\t<\/div>\n\t\t\t\t<\/div>\n\t\t\t\t<\/div>\n\t\t<div class=\"elementor-element elementor-element-e5a4066 e-flex e-con-boxed e-con e-parent\" data-id=\"e5a4066\" data-element_type=\"container\" data-e-type=\"container\">\n\t\t\t\t\t<div class=\"e-con-inner\">\n\t\t<div class=\"elementor-element elementor-element-6f8214c e-con-full e-flex e-con e-child\" data-id=\"6f8214c\" data-element_type=\"container\" data-e-type=\"container\">\n\t\t\t\t<div class=\"elementor-element elementor-element-ccaa41f elementor-widget elementor-widget-text-editor\" data-id=\"ccaa41f\" data-element_type=\"widget\" data-e-type=\"widget\" data-widget_type=\"text-editor.default\">\n\t\t\t\t<div class=\"elementor-widget-container\">\n\t\t\t\t\t\t\t\t\t<h3 data-start=\"1453\" data-end=\"1476\">\ud83d\ude8d En \u00f3mnibus (bus)<\/h3>\n<p data-start=\"1478\" data-end=\"1636\">Puerto Madryn tiene una <strong data-start=\"1502\" data-end=\"1550\">terminal de \u00f3mnibus moderna y bien conectada<\/strong>. Diversas empresas ofrecen servicios desde y hacia las principales ciudades del pa\u00eds.<\/p>\n<h4 data-start=\"1638\" data-end=\"1666\">Ejemplos de distancias:<\/h4>\n<ul data-start=\"1667\" data-end=\"1841\">\n<li data-start=\"1667\" data-end=\"1723\">\n<p data-start=\"1669\" data-end=\"1723\">Desde Buenos Aires: 1.300 km (unas 18-20 horas en bus)<\/p>\n<\/li>\n<li data-start=\"1724\" data-end=\"1763\">\n<p data-start=\"1726\" data-end=\"1763\">Desde Bariloche: 850 km (12-13 horas)<\/p>\n<\/li>\n<li data-start=\"1764\" data-end=\"1810\">\n<p data-start=\"1766\" data-end=\"1810\">Desde Comodoro Rivadavia: 430 km (6-7 horas)<\/p>\n<\/li>\n<li data-start=\"1811\" data-end=\"1841\">\n<p data-start=\"1813\" data-end=\"1841\">Desde Trelew: 65 km (1 hora)<\/p>\n<\/li>\n<\/ul>\n<p data-start=\"1843\" data-end=\"1930\">Los viajes suelen ser en <strong data-start=\"1868\" data-end=\"1894\">buses semi-cama o cama<\/strong>, muy c\u00f3modos para trayectos largos.<\/p>\t\t\t\t\t\t\t\t<\/div>\n\t\t\t\t<\/div>\n\t\t\t\t<\/div>\n\t\t<div class=\"elementor-element elementor-element-2865234 e-con-full e-flex e-con e-child\" data-id=\"2865234\" data-element_type=\"container\" data-e-type=\"container\">\n\t\t\t\t<div class=\"elementor-element elementor-element-d1ca3a0 elementor-widget elementor-widget-text-editor\" data-id=\"d1ca3a0\" data-element_type=\"widget\" data-e-type=\"widget\" data-widget_type=\"text-editor.default\">\n\t\t\t\t<div class=\"elementor-widget-container\">\n\t\t\t\t\t\t\t\t\t<h3 data-start=\"753\" data-end=\"768\">\u2708\ufe0f En avi\u00f3n<\/h3><p data-start=\"770\" data-end=\"1027\">Puerto Madryn cuenta con <strong data-start=\"795\" data-end=\"848\">aeropuerto propio (Aeropuerto El Tehuelche &#8211; PMY)<\/strong>, ubicado a solo 10 km del centro de la ciudad. Sin embargo, la mayor\u00eda de los vuelos comerciales llegan al <strong data-start=\"956\" data-end=\"986\">Aeropuerto de Trelew (REL)<\/strong>, que est\u00e1 a unos 60 km de Puerto Madryn.<\/p><h4 data-start=\"1029\" data-end=\"1052\">Vuelos frecuentes:<\/h4><ul data-start=\"1053\" data-end=\"1246\"><li data-start=\"1053\" data-end=\"1153\"><p data-start=\"1055\" data-end=\"1153\"><strong data-start=\"1055\" data-end=\"1090\">Desde Buenos Aires (Aeroparque)<\/strong>: vuelos diarios operados por Aerol\u00edneas Argentinas y Flybondi.<\/p><\/li><li data-start=\"1154\" data-end=\"1246\"><p data-start=\"1156\" data-end=\"1246\"><strong data-start=\"1156\" data-end=\"1183\">Desde C\u00f3rdoba o Rosario<\/strong>: en temporada alta suele haber opciones directas o con escala.<\/p><\/li><\/ul><p data-start=\"1248\" data-end=\"1446\">Desde ambos aeropuertos hay <strong data-start=\"1276\" data-end=\"1328\">servicios de transfer, taxis o alquiler de autos<\/strong> que te llevan directamente a Puerto Madryn. En Arnez Travel podemos ayudarte a coordinar el traslado si lo necesit\u00e1s.<\/p>\t\t\t\t\t\t\t\t<\/div>\n\t\t\t\t<\/div>\n\t\t\t\t<\/div>\n\t\t\t\t\t<\/div>\n\t\t\t\t<\/div>\n\t\t<div class=\"elementor-element elementor-element-5617de7 e-flex e-con-boxed e-con e-parent\" data-id=\"5617de7\" data-element_type=\"container\" data-e-type=\"container\">\n\t\t\t\t\t<div class=\"e-con-inner\">\n\t\t<div class=\"elementor-element elementor-element-0469f10 e-con-full e-flex e-con e-child\" data-id=\"0469f10\" data-element_type=\"container\" data-e-type=\"container\">\n\t\t\t\t<div class=\"elementor-element elementor-element-ca0b332 elementor-widget elementor-widget-text-editor\" data-id=\"ca0b332\" data-element_type=\"widget\" data-e-type=\"widget\" data-widget_type=\"text-editor.default\">\n\t\t\t\t<div class=\"elementor-widget-container\">\n\t\t\t\t\t\t\t\t\t<h3 data-start=\"1937\" data-end=\"1962\">\ud83d\ude97 En auto particular<\/h3><p data-start=\"1964\" data-end=\"2189\">La ciudad es accesible en auto desde cualquier punto del pa\u00eds. La <strong data-start=\"2030\" data-end=\"2049\">Ruta Nacional 3<\/strong> es la v\u00eda principal que recorre el sur argentino a lo largo del mar, y conecta Puerto Madryn con Buenos Aires y otras ciudades importantes.<\/p><h4 data-start=\"2191\" data-end=\"2212\">Recomendaciones:<\/h4><ul data-start=\"2213\" data-end=\"2490\"><li data-start=\"2213\" data-end=\"2307\"><p data-start=\"2215\" data-end=\"2307\">En verano, se recomienda salir con anticipaci\u00f3n y hacer paradas estrat\u00e9gicas para descansar.<\/p><\/li><li data-start=\"2308\" data-end=\"2490\"><p data-start=\"2310\" data-end=\"2490\">Los caminos est\u00e1n asfaltados y bien se\u00f1alizados, pero record\u00e1 que algunas excursiones se realizan por caminos de ripio, por lo que <strong data-start=\"2441\" data-end=\"2489\">un veh\u00edculo alto o 4&#215;2 puede ser conveniente<\/strong>.<\/p><\/li><\/ul>\t\t\t\t\t\t\t\t<\/div>\n\t\t\t\t<\/div>\n\t\t\t\t<\/div>\n\t\t<div class=\"elementor-element elementor-element-b10ad7c e-con-full e-flex e-con e-child\" data-id=\"b10ad7c\" data-element_type=\"container\" data-e-type=\"container\">\n\t\t\t\t<div class=\"elementor-element elementor-element-dbacdf6 elementor-widget elementor-widget-text-editor\" data-id=\"dbacdf6\" data-element_type=\"widget\" data-e-type=\"widget\" data-widget_type=\"text-editor.default\">\n\t\t\t\t<div class=\"elementor-widget-container\">\n\t\t\t\t\t\t\t\t\t<h3 data-start=\"2497\" data-end=\"2514\">\ud83d\udea2 En crucero<\/h3><p data-start=\"2516\" data-end=\"2755\">Puerto Madryn es tambi\u00e9n un destino elegido por muchas l\u00edneas de cruceros internacionales. El <strong data-start=\"2610\" data-end=\"2638\">muelle Luis Piedra Buena<\/strong>, ubicado en pleno centro, recibe cada a\u00f1o miles de turistas que llegan por mar, especialmente entre octubre y marzo.<\/p><p data-start=\"2757\" data-end=\"3004\">Desde el muelle, los pasajeros pueden acceder f\u00e1cilmente a excursiones organizadas, transporte y servicios tur\u00edsticos. En Arnez Travel tenemos programas dise\u00f1ados <strong data-start=\"2920\" data-end=\"2954\">especialmente para cruceristas<\/strong>, con log\u00edstica adaptada a los horarios del barco.<\/p>\t\t\t\t\t\t\t\t<\/div>\n\t\t\t\t<\/div>\n\t\t\t\t<\/div>\n\t\t\t\t\t<\/div>\n\t\t\t\t<\/div>\n\t\t<div class=\"elementor-element elementor-element-f0973fd e-flex e-con-boxed e-con e-parent\" data-id=\"f0973fd\" data-element_type=\"container\" data-e-type=\"container\">\n\t\t\t\t\t<div class=\"e-con-inner\">\n\t\t<div class=\"elementor-element elementor-element-1e35246 e-con-full e-flex e-con e-child\" data-id=\"1e35246\" data-element_type=\"container\" data-e-type=\"container\">\n\t\t\t\t<div class=\"elementor-element elementor-element-712bbbc elementor-widget elementor-widget-google_maps\" data-id=\"712bbbc\" data-element_type=\"widget\" data-e-type=\"widget\" data-widget_type=\"google_maps.default\">\n\t\t\t\t<div class=\"elementor-widget-container\">\n\t\t\t\t\t\t\t<div class=\"elementor-custom-embed\">\n\t\t\t<iframe\n\t\t\t\t\tdata-src=\"https:\/\/maps.google.com\/maps?q=Puerto%20madryn&#038;t=m&#038;z=12&#038;output=embed&#038;iwloc=near\"\n\t\t\t\t\ttitle=\"Puerto madryn\"\n\t\t\t\t\taria-label=\"Puerto madryn\"\n\t\t\t src=\"data:image\/svg+xml;base64,PHN2ZyB3aWR0aD0iMSIgaGVpZ2h0PSIxIiB4bWxucz0iaHR0cDovL3d3dy53My5vcmcvMjAwMC9zdmciPjwvc3ZnPg==\" class=\"lazyload\" data-load-mode=\"1\"><\/iframe>\n\t\t<\/div>\n\t\t\t\t\t\t<\/div>\n\t\t\t\t<\/div>\n\t\t\t\t<\/div>\n\t\t<div class=\"elementor-element elementor-element-c8fdac4 e-con-full e-flex e-con e-child\" data-id=\"c8fdac4\" data-element_type=\"container\" data-e-type=\"container\">\n\t\t\t\t<div class=\"elementor-element elementor-element-c049785 elementor-widget elementor-widget-text-editor\" data-id=\"c049785\" data-element_type=\"widget\" data-e-type=\"widget\" data-widget_type=\"text-editor.default\">\n\t\t\t\t<div class=\"elementor-widget-container\">\n\t\t\t\t\t\t\t\t\t<h2 data-start=\"3277\" data-end=\"3309\">\ud83d\udccd Ubicaci\u00f3n de Puerto Madryn<\/h2><p data-start=\"3311\" data-end=\"3498\">Puerto Madryn se encuentra en la provincia del Chubut, Patagonia argentina, a orillas del <strong data-start=\"3401\" data-end=\"3416\">Golfo Nuevo<\/strong>, lo que le otorga vistas incre\u00edbles y acceso directo a avistajes de fauna marina.<\/p><h3 data-start=\"3500\" data-end=\"3518\">Coordenadas:<\/h3><ul data-start=\"3519\" data-end=\"3559\"><li data-start=\"3519\" data-end=\"3539\"><p data-start=\"3521\" data-end=\"3539\">Latitud: 42\u00b046\u2032S<\/p><\/li><li data-start=\"3540\" data-end=\"3559\"><p data-start=\"3542\" data-end=\"3559\">Longitud: 65\u00b002\u2032O<\/p><\/li><\/ul><p data-start=\"3561\" data-end=\"3663\">\ud83d\udccc Si necesit\u00e1s indicaciones o ayuda para planificar tu llegada, escribinos y te asesoramos sin cargo.<\/p>\t\t\t\t\t\t\t\t<\/div>\n\t\t\t\t<\/div>\n\t\t\t\t<\/div>\n\t\t\t\t\t<\/div>\n\t\t\t\t<\/div>\n\t\t\t\t<\/div>","protected":false},"excerpt":{"rendered":"<p>A\u00f1ade aqu\u00ed tu texto de cabecera \ud83d\uddfa\ufe0f C\u00f3mo llegar a Puerto Madryn Puerto Madryn, ubicado en la costa atl\u00e1ntica de [&hellip;]<\/p>","protected":false},"author":1,"featured_media":0,"parent":152,"menu_order":0,"comment_status":"closed","ping_status":"closed","template":"","meta":{"site-sidebar-layout":"default","site-content-layout":"","ast-site-content-layout":"default","site-content-style":"default","site-sidebar-style":"default","ast-global-header-display":"","ast-banner-title-visibility":"","ast-main-header-display":"","ast-hfb-above-header-display":"","ast-hfb-below-header-display":"","ast-hfb-mobile-header-display":"","site-post-title":"","ast-breadcrumbs-content":"","ast-featured-img":"","footer-sml-layout":"","theme-transparent-header-meta":"","adv-header-id-meta":"","stick-header-meta":"","header-above-stick-meta":"","header-main-stick-meta":"","header-below-stick-meta":"","astra-migrate-meta-layouts":"default","ast-page-background-enabled":"default","ast-page-background-meta":{"desktop":{"background-color":"var(--ast-global-color-4)","background-image":"","background-repeat":"repeat","background-position":"center center","background-size":"auto","background-attachment":"scroll","background-type":"","background-media":"","overlay-type":"","overlay-color":"","overlay-opacity":"","overlay-gradient":""},"tablet":{"background-color":"","background-image":"","background-repeat":"repeat","background-position":"center center","background-size":"auto","background-attachment":"scroll","background-type":"","background-media":"","overlay-type":"","overlay-color":"","overlay-opacity":"","overlay-gradient":""},"mobile":{"background-color":"","background-image":"","background-repeat":"repeat","background-position":"center center","background-size":"auto","background-attachment":"scroll","background-type":"","background-media":"","overlay-type":"","overlay-color":"","overlay-opacity":"","overlay-gradient":""}},"ast-content-background-meta":{"desktop":{"background-color":"var(--ast-global-color-5)","background-image":"","background-repeat":"repeat","background-position":"center center","background-size":"auto","background-attachment":"scroll","background-type":"","background-media":"","overlay-type":"","overlay-color":"","overlay-opacity":"","overlay-gradient":""},"tablet":{"background-color":"var(--ast-global-color-5)","background-image":"","background-repeat":"repeat","background-position":"center center","background-size":"auto","background-attachment":"scroll","background-type":"","background-media":"","overlay-type":"","overlay-color":"","overlay-opacity":"","overlay-gradient":""},"mobile":{"background-color":"var(--ast-global-color-5)","background-image":"","background-repeat":"repeat","background-position":"center center","background-size":"auto","background-attachment":"scroll","background-type":"","background-media":"","overlay-type":"","overlay-color":"","overlay-opacity":"","overlay-gradient":""}},"footnotes":""},"class_list":["post-960","page","type-page","status-publish","hentry"],"yoast_head":"<!-- This site is optimized with the Yoast SEO Premium plugin v26.2 (Yoast SEO v26.3) - https:\/\/yoast.com\/wordpress\/plugins\/seo\/ -->\n<title>Como llegar a Puerto Madryn - Agencia de Viajes y Tours en Puerto Madryn Patagonia<\/title>\n<meta name=\"robots\" content=\"index, follow, max-snippet:-1, max-image-preview:large, max-video-preview:-1\" \/>\n<link rel=\"canonical\" href=\"https:\/\/arneztravel.com.ar\/en\/informacion\/como-llegar-a-puerto-madryn\/\" \/>\n<meta property=\"og:locale\" content=\"en_US\" \/>\n<meta property=\"og:type\" content=\"article\" \/>\n<meta property=\"og:title\" content=\"Como llegar a Puerto Madryn\" \/>\n<meta property=\"og:description\" content=\"A\u00f1ade aqu\u00ed tu texto de cabecera \ud83d\uddfa\ufe0f C\u00f3mo llegar a Puerto Madryn Puerto Madryn, ubicado en la costa atl\u00e1ntica de [&hellip;]\" \/>\n<meta property=\"og:url\" content=\"https:\/\/arneztravel.com.ar\/en\/informacion\/como-llegar-a-puerto-madryn\/\" \/>\n<meta property=\"og:site_name\" content=\"Agencia de Viajes y Tours en Puerto Madryn Patagonia\" \/>\n<meta property=\"article:modified_time\" content=\"2025-08-01T14:06:44+00:00\" \/>\n<meta property=\"og:image\" content=\"https:\/\/arneztravel.com.ar\/wp-content\/uploads\/2025\/06\/logoarnez.jpg\" \/>\n\t<meta property=\"og:image:width\" content=\"665\" \/>\n\t<meta property=\"og:image:height\" content=\"175\" \/>\n\t<meta property=\"og:image:type\" content=\"image\/jpeg\" \/>\n<meta name=\"twitter:card\" content=\"summary_large_image\" \/>\n<meta name=\"twitter:label1\" content=\"Est. reading time\" \/>\n\t<meta name=\"twitter:data1\" content=\"4 minutes\" \/>\n<script type=\"application\/ld+json\" class=\"yoast-schema-graph\">{\"@context\":\"https:\/\/schema.org\",\"@graph\":[{\"@type\":\"WebPage\",\"@id\":\"https:\/\/arneztravel.com.ar\/informacion\/como-llegar-a-puerto-madryn\/\",\"url\":\"https:\/\/arneztravel.com.ar\/informacion\/como-llegar-a-puerto-madryn\/\",\"name\":\"Como llegar a Puerto Madryn - Agencia de Viajes y Tours en Puerto Madryn Patagonia\",\"isPartOf\":{\"@id\":\"https:\/\/arneztravel.com.ar\/#website\"},\"datePublished\":\"2025-07-14T23:50:01+00:00\",\"dateModified\":\"2025-08-01T14:06:44+00:00\",\"breadcrumb\":{\"@id\":\"https:\/\/arneztravel.com.ar\/informacion\/como-llegar-a-puerto-madryn\/#breadcrumb\"},\"inLanguage\":\"en-US\",\"potentialAction\":[{\"@type\":\"ReadAction\",\"target\":[\"https:\/\/arneztravel.com.ar\/informacion\/como-llegar-a-puerto-madryn\/\"]}]},{\"@type\":\"BreadcrumbList\",\"@id\":\"https:\/\/arneztravel.com.ar\/informacion\/como-llegar-a-puerto-madryn\/#breadcrumb\",\"itemListElement\":[{\"@type\":\"ListItem\",\"position\":1,\"name\":\"Inicio\",\"item\":\"https:\/\/arneztravel.com.ar\/\"},{\"@type\":\"ListItem\",\"position\":2,\"name\":\"Informacion\",\"item\":\"https:\/\/arneztravel.com.ar\/informacion\/\"},{\"@type\":\"ListItem\",\"position\":3,\"name\":\"Como llegar a Puerto Madryn\"}]},{\"@type\":\"WebSite\",\"@id\":\"https:\/\/arneztravel.com.ar\/#website\",\"url\":\"https:\/\/arneztravel.com.ar\/\",\"name\":\"Agencia de Viajes y Tours en Puerto Madryn Patagonia\",\"description\":\"\",\"publisher\":{\"@id\":\"https:\/\/arneztravel.com.ar\/#organization\"},\"potentialAction\":[{\"@type\":\"SearchAction\",\"target\":{\"@type\":\"EntryPoint\",\"urlTemplate\":\"https:\/\/arneztravel.com.ar\/?s={search_term_string}\"},\"query-input\":{\"@type\":\"PropertyValueSpecification\",\"valueRequired\":true,\"valueName\":\"search_term_string\"}}],\"inLanguage\":\"en-US\"},{\"@type\":\"Organization\",\"@id\":\"https:\/\/arneztravel.com.ar\/#organization\",\"name\":\"Agencia de Viajes y Tours en Puerto Madryn Patagonia\",\"url\":\"https:\/\/arneztravel.com.ar\/\",\"logo\":{\"@type\":\"ImageObject\",\"inLanguage\":\"en-US\",\"@id\":\"https:\/\/arneztravel.com.ar\/#\/schema\/logo\/image\/\",\"url\":\"https:\/\/arneztravel.com.ar\/wp-content\/uploads\/2025\/07\/logoarnez.jpg\",\"contentUrl\":\"https:\/\/arneztravel.com.ar\/wp-content\/uploads\/2025\/07\/logoarnez.jpg\",\"width\":167,\"height\":146,\"caption\":\"Agencia de Viajes y Tours en Puerto Madryn Patagonia\"},\"image\":{\"@id\":\"https:\/\/arneztravel.com.ar\/#\/schema\/logo\/image\/\"},\"sameAs\":[\"https:\/\/www.instagram.com\/arneztravel\/\"]}]}<\/script>\n<!-- \/ Yoast SEO Premium plugin. -->","yoast_head_json":{"title":"Como llegar a Puerto Madryn - Agencia de Viajes y Tours en Puerto Madryn Patagonia","robots":{"index":"index","follow":"follow","max-snippet":"max-snippet:-1","max-image-preview":"max-image-preview:large","max-video-preview":"max-video-preview:-1"},"canonical":"https:\/\/arneztravel.com.ar\/en\/informacion\/como-llegar-a-puerto-madryn\/","og_locale":"en_US","og_type":"article","og_title":"Como llegar a Puerto Madryn","og_description":"A\u00f1ade aqu\u00ed tu texto de cabecera \ud83d\uddfa\ufe0f C\u00f3mo llegar a Puerto Madryn Puerto Madryn, ubicado en la costa atl\u00e1ntica de [&hellip;]","og_url":"https:\/\/arneztravel.com.ar\/en\/informacion\/como-llegar-a-puerto-madryn\/","og_site_name":"Agencia de Viajes y Tours en Puerto Madryn Patagonia","article_modified_time":"2025-08-01T14:06:44+00:00","og_image":[{"width":665,"height":175,"url":"https:\/\/arneztravel.com.ar\/wp-content\/uploads\/2025\/06\/logoarnez.jpg","type":"image\/jpeg"}],"twitter_card":"summary_large_image","twitter_misc":{"Est. reading time":"4 minutes"},"schema":{"@context":"https:\/\/schema.org","@graph":[{"@type":"WebPage","@id":"https:\/\/arneztravel.com.ar\/informacion\/como-llegar-a-puerto-madryn\/","url":"https:\/\/arneztravel.com.ar\/informacion\/como-llegar-a-puerto-madryn\/","name":"Como llegar a Puerto Madryn - Agencia de Viajes y Tours en Puerto Madryn Patagonia","isPartOf":{"@id":"https:\/\/arneztravel.com.ar\/#website"},"datePublished":"2025-07-14T23:50:01+00:00","dateModified":"2025-08-01T14:06:44+00:00","breadcrumb":{"@id":"https:\/\/arneztravel.com.ar\/informacion\/como-llegar-a-puerto-madryn\/#breadcrumb"},"inLanguage":"en-US","potentialAction":[{"@type":"ReadAction","target":["https:\/\/arneztravel.com.ar\/informacion\/como-llegar-a-puerto-madryn\/"]}]},{"@type":"BreadcrumbList","@id":"https:\/\/arneztravel.com.ar\/informacion\/como-llegar-a-puerto-madryn\/#breadcrumb","itemListElement":[{"@type":"ListItem","position":1,"name":"Inicio","item":"https:\/\/arneztravel.com.ar\/"},{"@type":"ListItem","position":2,"name":"Informacion","item":"https:\/\/arneztravel.com.ar\/informacion\/"},{"@type":"ListItem","position":3,"name":"Como llegar a Puerto Madryn"}]},{"@type":"WebSite","@id":"https:\/\/arneztravel.com.ar\/#website","url":"https:\/\/arneztravel.com.ar\/","name":"Agencia de Viajes y Tours en Puerto Madryn Patagonia","description":"","publisher":{"@id":"https:\/\/arneztravel.com.ar\/#organization"},"potentialAction":[{"@type":"SearchAction","target":{"@type":"EntryPoint","urlTemplate":"https:\/\/arneztravel.com.ar\/?s={search_term_string}"},"query-input":{"@type":"PropertyValueSpecification","valueRequired":true,"valueName":"search_term_string"}}],"inLanguage":"en-US"},{"@type":"Organization","@id":"https:\/\/arneztravel.com.ar\/#organization","name":"Agencia de Viajes y Tours en Puerto Madryn Patagonia","url":"https:\/\/arneztravel.com.ar\/","logo":{"@type":"ImageObject","inLanguage":"en-US","@id":"https:\/\/arneztravel.com.ar\/#\/schema\/logo\/image\/","url":"https:\/\/arneztravel.com.ar\/wp-content\/uploads\/2025\/07\/logoarnez.jpg","contentUrl":"https:\/\/arneztravel.com.ar\/wp-content\/uploads\/2025\/07\/logoarnez.jpg","width":167,"height":146,"caption":"Agencia de Viajes y Tours en Puerto Madryn Patagonia"},"image":{"@id":"https:\/\/arneztravel.com.ar\/#\/schema\/logo\/image\/"},"sameAs":["https:\/\/www.instagram.com\/arneztravel\/"]}]}},"_links":{"self":[{"href":"https:\/\/arneztravel.com.ar\/en\/wp-json\/wp\/v2\/pages\/960","targetHints":{"allow":["GET"]}}],"collection":[{"href":"https:\/\/arneztravel.com.ar\/en\/wp-json\/wp\/v2\/pages"}],"about":[{"href":"https:\/\/arneztravel.com.ar\/en\/wp-json\/wp\/v2\/types\/page"}],"author":[{"embeddable":true,"href":"https:\/\/arneztravel.com.ar\/en\/wp-json\/wp\/v2\/users\/1"}],"replies":[{"embeddable":true,"href":"https:\/\/arneztravel.com.ar\/en\/wp-json\/wp\/v2\/comments?post=960"}],"version-history":[{"count":3,"href":"https:\/\/arneztravel.com.ar\/en\/wp-json\/wp\/v2\/pages\/960\/revisions"}],"predecessor-version":[{"id":1604,"href":"https:\/\/arneztravel.com.ar\/en\/wp-json\/wp\/v2\/pages\/960\/revisions\/1604"}],"up":[{"embeddable":true,"href":"https:\/\/arneztravel.com.ar\/en\/wp-json\/wp\/v2\/pages\/152"}],"wp:attachment":[{"href":"https:\/\/arneztravel.com.ar\/en\/wp-json\/wp\/v2\/media?parent=960"}],"curies":[{"name":"wp","href":"https:\/\/api.w.org\/{rel}","templated":true}]}}