{"id":486,"date":"2025-06-23T21:40:43","date_gmt":"2025-06-23T21:40:43","guid":{"rendered":"https:\/\/arneztravel.com.ar\/?page_id=486"},"modified":"2025-07-14T23:43:32","modified_gmt":"2025-07-14T23:43:32","slug":"servicios-grupos-agencia","status":"publish","type":"page","link":"https:\/\/arneztravel.com.ar\/en\/shore-tours\/servicios-grupos-agencia\/","title":{"rendered":"Servicios especiales para grupos\/agencia"},"content":{"rendered":"<div data-elementor-type=\"wp-page\" data-elementor-id=\"486\" class=\"elementor elementor-486\" data-elementor-post-type=\"page\">\n\t\t\t\t<div class=\"elementor-element elementor-element-593a93b e-flex e-con-boxed e-con e-parent\" data-id=\"593a93b\" data-element_type=\"container\" data-e-type=\"container\">\n\t\t\t\t\t<div class=\"e-con-inner\">\n\t\t<div class=\"elementor-element elementor-element-f8ef767 e-con-full e-flex e-con e-child\" data-id=\"f8ef767\" data-element_type=\"container\" data-e-type=\"container\" data-settings=\"{&quot;background_background&quot;:&quot;classic&quot;}\">\n\t\t\t\t<div class=\"elementor-element elementor-element-82d0504 elementor-widget elementor-widget-heading\" data-id=\"82d0504\" data-element_type=\"widget\" data-e-type=\"widget\" data-widget_type=\"heading.default\">\n\t\t\t\t<div class=\"elementor-widget-container\">\n\t\t\t\t\t<h2 class=\"elementor-heading-title elementor-size-default\"><span style=\"font-size: 35px\">Servicios especiales para grupos<\/span><span style=\"font-size: 35px\">&nbsp;<\/span><\/h2>\t\t\t\t<\/div>\n\t\t\t\t<\/div>\n\t\t\t\t<div class=\"elementor-element elementor-element-c38fb97 elementor-widget elementor-widget-text-editor\" data-id=\"c38fb97\" data-element_type=\"widget\" data-e-type=\"widget\" data-widget_type=\"text-editor.default\">\n\t\t\t\t<div class=\"elementor-widget-container\">\n\t\t\t\t\t\t\t\t\t<p>Mas ande otro criollo pasa Mart\u00edn Fierro ha de pasar<\/p>\t\t\t\t\t\t\t\t<\/div>\n\t\t\t\t<\/div>\n\t\t\t\t<\/div>\n\t\t\t\t\t<\/div>\n\t\t\t\t<\/div>\n\t\t<div class=\"elementor-element elementor-element-a349f61 e-grid e-con-boxed e-con e-parent\" data-id=\"a349f61\" data-element_type=\"container\" data-e-type=\"container\">\n\t\t\t\t\t<div class=\"e-con-inner\">\n\t\t\t\t<div class=\"elementor-element elementor-element-b871c29 elementor-widget elementor-widget-image\" data-id=\"b871c29\" data-element_type=\"widget\" data-e-type=\"widget\" data-widget_type=\"image.default\">\n\t\t\t\t<div class=\"elementor-widget-container\">\n\t\t\t\t\t\t\t\t\t\t\t\t\t\t\t<img fetchpriority=\"high\" decoding=\"async\" width=\"723\" height=\"405\" src=\"https:\/\/arneztravel.com.ar\/wp-content\/uploads\/2025\/06\/traslado.webp\" class=\"attachment-large size-large wp-image-534\" alt=\"\" srcset=\"https:\/\/arneztravel.com.ar\/wp-content\/uploads\/2025\/06\/traslado.webp 723w, https:\/\/arneztravel.com.ar\/wp-content\/uploads\/2025\/06\/traslado-300x168.webp 300w\" sizes=\"(max-width: 723px) 100vw, 723px\" \/>\t\t\t\t\t\t\t\t\t\t\t\t\t\t\t<\/div>\n\t\t\t\t<\/div>\n\t\t<div class=\"elementor-element elementor-element-fb3ce7c e-con-full e-flex e-con e-child\" data-id=\"fb3ce7c\" data-element_type=\"container\" data-e-type=\"container\">\n\t\t\t\t<div class=\"elementor-element elementor-element-e24bd94 elementor-widget-tablet__width-initial elementor-widget elementor-widget-heading\" data-id=\"e24bd94\" data-element_type=\"widget\" data-e-type=\"widget\" data-widget_type=\"heading.default\">\n\t\t\t\t<div class=\"elementor-widget-container\">\n\t\t\t\t\t<h2 class=\"elementor-heading-title elementor-size-default\">Todo sobre programas pre y post crucero<\/h2>\t\t\t\t<\/div>\n\t\t\t\t<\/div>\n\t\t\t\t<div class=\"elementor-element elementor-element-10334a1 elementor-widget__width-initial elementor-widget elementor-widget-text-editor\" data-id=\"10334a1\" data-element_type=\"widget\" data-e-type=\"widget\" data-widget_type=\"text-editor.default\">\n\t\t\t\t<div class=\"elementor-widget-container\">\n\t\t\t\t\t\t\t\t\t<p>Disfrutar de Puerto Madryn no tiene por qu\u00e9 limitarse solo a las horas que dura la escala del crucero. Si lleg\u00e1s antes o te qued\u00e1s despu\u00e9s, te ofrecemos <strong data-start=\"457\" data-end=\"524\">programas especiales dise\u00f1ados para complementar tu experiencia<\/strong>, sin estr\u00e9s y con todo resuelto desde el primer momento.<\/p>\t\t\t\t\t\t\t\t<\/div>\n\t\t\t\t<\/div>\n\t\t\t\t<\/div>\n\t\t\t\t\t<\/div>\n\t\t\t\t<\/div>\n\t\t<div class=\"elementor-element elementor-element-76af71a e-con-full e-flex e-con e-parent\" data-id=\"76af71a\" data-element_type=\"container\" data-e-type=\"container\">\n\t\t<div class=\"elementor-element elementor-element-0a755f9 e-con-full e-flex e-con e-child\" data-id=\"0a755f9\" data-element_type=\"container\" data-e-type=\"container\">\n\t\t\t\t<div class=\"elementor-element elementor-element-b5944b9 elementor-widget elementor-widget-heading\" data-id=\"b5944b9\" data-element_type=\"widget\" data-e-type=\"widget\" data-widget_type=\"heading.default\">\n\t\t\t\t<div class=\"elementor-widget-container\">\n\t\t\t\t\t<h2 class=\"elementor-heading-title elementor-size-default\">Lleg\u00e1 con tranquilidad: traslados privados y seguros<\/h2>\t\t\t\t<\/div>\n\t\t\t\t<\/div>\n\t\t\t\t<div class=\"elementor-element elementor-element-294b9d2 elementor-widget elementor-widget-text-editor\" data-id=\"294b9d2\" data-element_type=\"widget\" data-e-type=\"widget\" data-widget_type=\"text-editor.default\">\n\t\t\t\t<div class=\"elementor-widget-container\">\n\t\t\t\t\t\t\t\t\t<p data-start=\"646\" data-end=\"731\">Sabemos lo importante que es llegar a tiempo y sin complicaciones. Por eso ofrecemos:<\/p><ul data-start=\"733\" data-end=\"942\"><li data-start=\"733\" data-end=\"807\"><p data-start=\"735\" data-end=\"807\">\ud83d\ude90 <strong data-start=\"738\" data-end=\"779\">Traslados desde y hacia el aeropuerto<\/strong> de Trelew o Puerto Madryn<\/p><\/li><li data-start=\"808\" data-end=\"879\"><p data-start=\"810\" data-end=\"879\">\ud83d\udea2 <strong data-start=\"813\" data-end=\"839\">Recepci\u00f3n en el muelle<\/strong>, si lleg\u00e1s en otro crucero o conexi\u00f3n<\/p><\/li><li data-start=\"880\" data-end=\"942\"><p data-start=\"882\" data-end=\"942\">\ud83e\uddf3 <strong data-start=\"885\" data-end=\"925\">Transporte con espacio para equipaje<\/strong>, seguro y c\u00f3modo<\/p><\/li><\/ul><p data-start=\"944\" data-end=\"1052\">Todo coordinado con tus horarios de arribo o partida, con seguimiento en tiempo real y comunicaci\u00f3n directa.<\/p>\t\t\t\t\t\t\t\t<\/div>\n\t\t\t\t<\/div>\n\t\t\t\t<\/div>\n\t\t<div class=\"elementor-element elementor-element-f4f9d0d e-con-full e-flex e-con e-child\" data-id=\"f4f9d0d\" data-element_type=\"container\" data-e-type=\"container\">\n\t\t\t\t<div class=\"elementor-element elementor-element-061081b elementor-widget elementor-widget-heading\" data-id=\"061081b\" data-element_type=\"widget\" data-e-type=\"widget\" data-widget_type=\"heading.default\">\n\t\t\t\t<div class=\"elementor-widget-container\">\n\t\t\t\t\t<h2 class=\"elementor-heading-title elementor-size-default\">City tours personalizados<\/h2>\t\t\t\t<\/div>\n\t\t\t\t<\/div>\n\t\t\t\t<div class=\"elementor-element elementor-element-f19a560 elementor-widget elementor-widget-text-editor\" data-id=\"f19a560\" data-element_type=\"widget\" data-e-type=\"widget\" data-widget_type=\"text-editor.default\">\n\t\t\t\t<div class=\"elementor-widget-container\">\n\t\t\t\t\t\t\t\t\t<p data-start=\"1090\" data-end=\"1173\">Si lleg\u00e1s un d\u00eda antes o ten\u00e9s unas horas libres antes del embarque, pod\u00e9s conocer:<\/p><ul data-start=\"1175\" data-end=\"1347\"><li data-start=\"1175\" data-end=\"1219\"><p data-start=\"1177\" data-end=\"1219\">\ud83c\udfd9 <strong data-start=\"1180\" data-end=\"1217\">Puerto Madryn en city tour guiado<\/strong><\/p><\/li><li data-start=\"1220\" data-end=\"1279\"><p data-start=\"1222\" data-end=\"1279\">\ud83e\uddb4 Museo Paleontol\u00f3gico Egidio Feruglio (MEF) en Trelew<\/p><\/li><li data-start=\"1280\" data-end=\"1311\"><p data-start=\"1282\" data-end=\"1311\">\u2615 Merienda galesa en Gaiman<\/p><\/li><li data-start=\"1312\" data-end=\"1347\"><p data-start=\"1314\" data-end=\"1347\">\ud83c\udfde Paseo por la costa y el muelle<\/p><\/li><\/ul><p data-start=\"1349\" data-end=\"1476\">Estas experiencias est\u00e1n pensadas para adaptarse a tus horarios y no interferir con el check-in del barco ni con tus traslados.<\/p>\t\t\t\t\t\t\t\t<\/div>\n\t\t\t\t<\/div>\n\t\t\t\t<\/div>\n\t\t<div class=\"elementor-element elementor-element-fc8a281 e-con-full e-flex e-con e-child\" data-id=\"fc8a281\" data-element_type=\"container\" data-e-type=\"container\">\n\t\t\t\t<div class=\"elementor-element elementor-element-059fee1 elementor-widget elementor-widget-heading\" data-id=\"059fee1\" data-element_type=\"widget\" data-e-type=\"widget\" data-widget_type=\"heading.default\">\n\t\t\t\t<div class=\"elementor-widget-container\">\n\t\t\t\t\t<h2 class=\"elementor-heading-title elementor-size-default\">Extensiones para los verdaderos exploradores<\/h2>\t\t\t\t<\/div>\n\t\t\t\t<\/div>\n\t\t\t\t<div class=\"elementor-element elementor-element-beff368 elementor-widget elementor-widget-text-editor\" data-id=\"beff368\" data-element_type=\"widget\" data-e-type=\"widget\" data-widget_type=\"text-editor.default\">\n\t\t\t\t<div class=\"elementor-widget-container\">\n\t\t\t\t\t\t\t\t\t<p data-start=\"1533\" data-end=\"1655\">\u00bfTen\u00e9s algunos d\u00edas m\u00e1s? Aprovech\u00e1 para visitar los destinos m\u00e1s emblem\u00e1ticos de la Patagonia. Ofrecemos extensiones como:<\/p><ul data-start=\"1657\" data-end=\"1854\"><li data-start=\"1657\" data-end=\"1701\"><p data-start=\"1659\" data-end=\"1701\">\ud83d\udc27 Punta Tombo en temporada de ping\u00fcinos<\/p><\/li><li data-start=\"1702\" data-end=\"1746\"><p data-start=\"1704\" data-end=\"1746\">\u2744 El Calafate y el glaciar Perito Moreno<\/p><\/li><li data-start=\"1747\" data-end=\"1788\"><p data-start=\"1749\" data-end=\"1788\">\ud83c\udfd4 Bariloche y la regi\u00f3n de los lagos<\/p><\/li><li data-start=\"1789\" data-end=\"1854\"><p data-start=\"1791\" data-end=\"1854\">\ud83d\ude97 Paquetes combinados con alojamiento, traslados y excursiones<\/p><\/li><\/ul><p data-start=\"1856\" data-end=\"1949\">Todo coordinado por nuestra agencia hermana <strong data-start=\"1900\" data-end=\"1920\">Arnez Patag\u00f3nica<\/strong>, experta en viajes a medida.<\/p>\t\t\t\t\t\t\t\t<\/div>\n\t\t\t\t<\/div>\n\t\t\t\t<\/div>\n\t\t<div class=\"elementor-element elementor-element-2f22b92 e-con-full e-flex e-con e-child\" data-id=\"2f22b92\" data-element_type=\"container\" data-e-type=\"container\">\n\t\t\t\t<div class=\"elementor-element elementor-element-f84430d elementor-widget elementor-widget-heading\" data-id=\"f84430d\" data-element_type=\"widget\" data-e-type=\"widget\" data-widget_type=\"heading.default\">\n\t\t\t\t<div class=\"elementor-widget-container\">\n\t\t\t\t\t<h2 class=\"elementor-heading-title elementor-size-default\">Todo organizado para tu tranquilidad<\/h2>\t\t\t\t<\/div>\n\t\t\t\t<\/div>\n\t\t\t\t<div class=\"elementor-element elementor-element-e7b7726 elementor-widget elementor-widget-text-editor\" data-id=\"e7b7726\" data-element_type=\"widget\" data-e-type=\"widget\" data-widget_type=\"text-editor.default\">\n\t\t\t\t<div class=\"elementor-widget-container\">\n\t\t\t\t\t\t\t\t\t<p data-start=\"1998\" data-end=\"2045\">Nuestros programas pre y post crucero incluyen:<\/p><ul data-start=\"2047\" data-end=\"2237\"><li data-start=\"2047\" data-end=\"2078\"><p data-start=\"2049\" data-end=\"2078\">Planificaci\u00f3n personalizada<\/p><\/li><li data-start=\"2079\" data-end=\"2112\"><p data-start=\"2081\" data-end=\"2112\">Alojamiento (si lo necesit\u00e1s)<\/p><\/li><li data-start=\"2113\" data-end=\"2150\"><p data-start=\"2115\" data-end=\"2150\">Gu\u00edas locales y transporte propio<\/p><\/li><li data-start=\"2151\" data-end=\"2198\"><p data-start=\"2153\" data-end=\"2198\">Flexibilidad seg\u00fan tu itinerario de crucero<\/p><\/li><li data-start=\"2199\" data-end=\"2237\"><p data-start=\"2201\" data-end=\"2237\">Comunicaci\u00f3n permanente v\u00eda WhatsApp<\/p><\/li><\/ul><p data-start=\"2239\" data-end=\"2331\">As\u00ed pod\u00e9s <strong data-start=\"2249\" data-end=\"2330\">aprovechar tu viaje al m\u00e1ximo, sin improvisar ni preocuparte por la log\u00edstica<\/strong>.<\/p>\t\t\t\t\t\t\t\t<\/div>\n\t\t\t\t<\/div>\n\t\t\t\t<\/div>\n\t\t<div class=\"elementor-element elementor-element-18ef580 e-con-full e-flex e-con e-child\" data-id=\"18ef580\" data-element_type=\"container\" data-e-type=\"container\">\n\t\t\t\t<\/div>\n\t\t\t\t<\/div>\n\t\t\t\t<\/div>","protected":false},"excerpt":{"rendered":"<p>Servicios especiales para grupos&nbsp; Mas ande otro criollo pasa Mart\u00edn Fierro ha de pasar Todo sobre programas pre y post [&hellip;]<\/p>","protected":false},"author":1,"featured_media":0,"parent":155,"menu_order":0,"comment_status":"closed","ping_status":"closed","template":"","meta":{"site-sidebar-layout":"no-sidebar","site-content-layout":"","ast-site-content-layout":"full-width-container","site-content-style":"default","site-sidebar-style":"default","ast-global-header-display":"","ast-banner-title-visibility":"","ast-main-header-display":"","ast-hfb-above-header-display":"","ast-hfb-below-header-display":"","ast-hfb-mobile-header-display":"","site-post-title":"disabled","ast-breadcrumbs-content":"","ast-featured-img":"disabled","footer-sml-layout":"","theme-transparent-header-meta":"","adv-header-id-meta":"","stick-header-meta":"","header-above-stick-meta":"","header-main-stick-meta":"","header-below-stick-meta":"","astra-migrate-meta-layouts":"default","ast-page-background-enabled":"default","ast-page-background-meta":{"desktop":{"background-color":"var(--ast-global-color-4)","background-image":"","background-repeat":"repeat","background-position":"center center","background-size":"auto","background-attachment":"scroll","background-type":"","background-media":"","overlay-type":"","overlay-color":"","overlay-opacity":"","overlay-gradient":""},"tablet":{"background-color":"","background-image":"","background-repeat":"repeat","background-position":"center center","background-size":"auto","background-attachment":"scroll","background-type":"","background-media":"","overlay-type":"","overlay-color":"","overlay-opacity":"","overlay-gradient":""},"mobile":{"background-color":"","background-image":"","background-repeat":"repeat","background-position":"center center","background-size":"auto","background-attachment":"scroll","background-type":"","background-media":"","overlay-type":"","overlay-color":"","overlay-opacity":"","overlay-gradient":""}},"ast-content-background-meta":{"desktop":{"background-color":"var(--ast-global-color-5)","background-image":"","background-repeat":"repeat","background-position":"center center","background-size":"auto","background-attachment":"scroll","background-type":"","background-media":"","overlay-type":"","overlay-color":"","overlay-opacity":"","overlay-gradient":""},"tablet":{"background-color":"var(--ast-global-color-5)","background-image":"","background-repeat":"repeat","background-position":"center center","background-size":"auto","background-attachment":"scroll","background-type":"","background-media":"","overlay-type":"","overlay-color":"","overlay-opacity":"","overlay-gradient":""},"mobile":{"background-color":"var(--ast-global-color-5)","background-image":"","background-repeat":"repeat","background-position":"center center","background-size":"auto","background-attachment":"scroll","background-type":"","background-media":"","overlay-type":"","overlay-color":"","overlay-opacity":"","overlay-gradient":""}},"footnotes":""},"class_list":["post-486","page","type-page","status-publish","hentry"],"yoast_head":"<!-- This site is optimized with the Yoast SEO Premium plugin v26.2 (Yoast SEO v26.3) - https:\/\/yoast.com\/wordpress\/plugins\/seo\/ -->\n<title>Servicios especiales para grupos\/agencia - Agencia de Viajes y Tours en Puerto Madryn Patagonia<\/title>\n<meta name=\"robots\" content=\"index, follow, max-snippet:-1, max-image-preview:large, max-video-preview:-1\" \/>\n<link rel=\"canonical\" href=\"https:\/\/arneztravel.com.ar\/en\/shore-tours\/servicios-grupos-agencia\/\" \/>\n<meta property=\"og:locale\" content=\"en_US\" \/>\n<meta property=\"og:type\" content=\"article\" \/>\n<meta property=\"og:title\" content=\"Servicios especiales para grupos\/agencia\" \/>\n<meta property=\"og:description\" content=\"Servicios especiales para grupos&nbsp; Mas ande otro criollo pasa Mart\u00edn Fierro ha de pasar Todo sobre programas pre y post [&hellip;]\" \/>\n<meta property=\"og:url\" content=\"https:\/\/arneztravel.com.ar\/en\/shore-tours\/servicios-grupos-agencia\/\" \/>\n<meta property=\"og:site_name\" content=\"Agencia de Viajes y Tours en Puerto Madryn Patagonia\" \/>\n<meta property=\"article:modified_time\" content=\"2025-07-14T23:43:32+00:00\" \/>\n<meta property=\"og:image\" content=\"https:\/\/arneztravel.com.ar\/wp-content\/uploads\/2025\/06\/traslado.webp\" \/>\n\t<meta property=\"og:image:width\" content=\"723\" \/>\n\t<meta property=\"og:image:height\" content=\"405\" \/>\n\t<meta property=\"og:image:type\" content=\"image\/webp\" \/>\n<meta name=\"twitter:card\" content=\"summary_large_image\" \/>\n<meta name=\"twitter:label1\" content=\"Est. reading time\" \/>\n\t<meta name=\"twitter:data1\" content=\"2 minutes\" \/>\n<script type=\"application\/ld+json\" class=\"yoast-schema-graph\">{\"@context\":\"https:\/\/schema.org\",\"@graph\":[{\"@type\":\"WebPage\",\"@id\":\"https:\/\/arneztravel.com.ar\/shore-tours\/servicios-grupos-agencia\/\",\"url\":\"https:\/\/arneztravel.com.ar\/shore-tours\/servicios-grupos-agencia\/\",\"name\":\"Servicios especiales para grupos\/agencia - Agencia de Viajes y Tours en Puerto Madryn Patagonia\",\"isPartOf\":{\"@id\":\"https:\/\/arneztravel.com.ar\/#website\"},\"primaryImageOfPage\":{\"@id\":\"https:\/\/arneztravel.com.ar\/shore-tours\/servicios-grupos-agencia\/#primaryimage\"},\"image\":{\"@id\":\"https:\/\/arneztravel.com.ar\/shore-tours\/servicios-grupos-agencia\/#primaryimage\"},\"thumbnailUrl\":\"https:\/\/arneztravel.com.ar\/wp-content\/uploads\/2025\/06\/traslado.webp\",\"datePublished\":\"2025-06-23T21:40:43+00:00\",\"dateModified\":\"2025-07-14T23:43:32+00:00\",\"breadcrumb\":{\"@id\":\"https:\/\/arneztravel.com.ar\/shore-tours\/servicios-grupos-agencia\/#breadcrumb\"},\"inLanguage\":\"en-US\",\"potentialAction\":[{\"@type\":\"ReadAction\",\"target\":[\"https:\/\/arneztravel.com.ar\/shore-tours\/servicios-grupos-agencia\/\"]}]},{\"@type\":\"ImageObject\",\"inLanguage\":\"en-US\",\"@id\":\"https:\/\/arneztravel.com.ar\/shore-tours\/servicios-grupos-agencia\/#primaryimage\",\"url\":\"https:\/\/arneztravel.com.ar\/wp-content\/uploads\/2025\/06\/traslado.webp\",\"contentUrl\":\"https:\/\/arneztravel.com.ar\/wp-content\/uploads\/2025\/06\/traslado.webp\"},{\"@type\":\"BreadcrumbList\",\"@id\":\"https:\/\/arneztravel.com.ar\/shore-tours\/servicios-grupos-agencia\/#breadcrumb\",\"itemListElement\":[{\"@type\":\"ListItem\",\"position\":1,\"name\":\"Inicio\",\"item\":\"https:\/\/arneztravel.com.ar\/\"},{\"@type\":\"ListItem\",\"position\":2,\"name\":\"Shore tour\",\"item\":\"https:\/\/arneztravel.com.ar\/shore-tours\/\"},{\"@type\":\"ListItem\",\"position\":3,\"name\":\"Servicios especiales para grupos\/agencia\"}]},{\"@type\":\"WebSite\",\"@id\":\"https:\/\/arneztravel.com.ar\/#website\",\"url\":\"https:\/\/arneztravel.com.ar\/\",\"name\":\"Agencia de Viajes y Tours en Puerto Madryn Patagonia\",\"description\":\"\",\"publisher\":{\"@id\":\"https:\/\/arneztravel.com.ar\/#organization\"},\"potentialAction\":[{\"@type\":\"SearchAction\",\"target\":{\"@type\":\"EntryPoint\",\"urlTemplate\":\"https:\/\/arneztravel.com.ar\/?s={search_term_string}\"},\"query-input\":{\"@type\":\"PropertyValueSpecification\",\"valueRequired\":true,\"valueName\":\"search_term_string\"}}],\"inLanguage\":\"en-US\"},{\"@type\":\"Organization\",\"@id\":\"https:\/\/arneztravel.com.ar\/#organization\",\"name\":\"Agencia de Viajes y Tours en Puerto Madryn Patagonia\",\"url\":\"https:\/\/arneztravel.com.ar\/\",\"logo\":{\"@type\":\"ImageObject\",\"inLanguage\":\"en-US\",\"@id\":\"https:\/\/arneztravel.com.ar\/#\/schema\/logo\/image\/\",\"url\":\"https:\/\/arneztravel.com.ar\/wp-content\/uploads\/2025\/07\/logoarnez.jpg\",\"contentUrl\":\"https:\/\/arneztravel.com.ar\/wp-content\/uploads\/2025\/07\/logoarnez.jpg\",\"width\":167,\"height\":146,\"caption\":\"Agencia de Viajes y Tours en Puerto Madryn Patagonia\"},\"image\":{\"@id\":\"https:\/\/arneztravel.com.ar\/#\/schema\/logo\/image\/\"},\"sameAs\":[\"https:\/\/www.instagram.com\/arneztravel\/\"]}]}<\/script>\n<!-- \/ Yoast SEO Premium plugin. -->","yoast_head_json":{"title":"Servicios especiales para grupos\/agencia - Agencia de Viajes y Tours en Puerto Madryn Patagonia","robots":{"index":"index","follow":"follow","max-snippet":"max-snippet:-1","max-image-preview":"max-image-preview:large","max-video-preview":"max-video-preview:-1"},"canonical":"https:\/\/arneztravel.com.ar\/en\/shore-tours\/servicios-grupos-agencia\/","og_locale":"en_US","og_type":"article","og_title":"Servicios especiales para grupos\/agencia","og_description":"Servicios especiales para grupos&nbsp; Mas ande otro criollo pasa Mart\u00edn Fierro ha de pasar Todo sobre programas pre y post [&hellip;]","og_url":"https:\/\/arneztravel.com.ar\/en\/shore-tours\/servicios-grupos-agencia\/","og_site_name":"Agencia de Viajes y Tours en Puerto Madryn Patagonia","article_modified_time":"2025-07-14T23:43:32+00:00","og_image":[{"width":723,"height":405,"url":"https:\/\/arneztravel.com.ar\/wp-content\/uploads\/2025\/06\/traslado.webp","type":"image\/webp"}],"twitter_card":"summary_large_image","twitter_misc":{"Est. reading time":"2 minutes"},"schema":{"@context":"https:\/\/schema.org","@graph":[{"@type":"WebPage","@id":"https:\/\/arneztravel.com.ar\/shore-tours\/servicios-grupos-agencia\/","url":"https:\/\/arneztravel.com.ar\/shore-tours\/servicios-grupos-agencia\/","name":"Servicios especiales para grupos\/agencia - Agencia de Viajes y Tours en Puerto Madryn Patagonia","isPartOf":{"@id":"https:\/\/arneztravel.com.ar\/#website"},"primaryImageOfPage":{"@id":"https:\/\/arneztravel.com.ar\/shore-tours\/servicios-grupos-agencia\/#primaryimage"},"image":{"@id":"https:\/\/arneztravel.com.ar\/shore-tours\/servicios-grupos-agencia\/#primaryimage"},"thumbnailUrl":"https:\/\/arneztravel.com.ar\/wp-content\/uploads\/2025\/06\/traslado.webp","datePublished":"2025-06-23T21:40:43+00:00","dateModified":"2025-07-14T23:43:32+00:00","breadcrumb":{"@id":"https:\/\/arneztravel.com.ar\/shore-tours\/servicios-grupos-agencia\/#breadcrumb"},"inLanguage":"en-US","potentialAction":[{"@type":"ReadAction","target":["https:\/\/arneztravel.com.ar\/shore-tours\/servicios-grupos-agencia\/"]}]},{"@type":"ImageObject","inLanguage":"en-US","@id":"https:\/\/arneztravel.com.ar\/shore-tours\/servicios-grupos-agencia\/#primaryimage","url":"https:\/\/arneztravel.com.ar\/wp-content\/uploads\/2025\/06\/traslado.webp","contentUrl":"https:\/\/arneztravel.com.ar\/wp-content\/uploads\/2025\/06\/traslado.webp"},{"@type":"BreadcrumbList","@id":"https:\/\/arneztravel.com.ar\/shore-tours\/servicios-grupos-agencia\/#breadcrumb","itemListElement":[{"@type":"ListItem","position":1,"name":"Inicio","item":"https:\/\/arneztravel.com.ar\/"},{"@type":"ListItem","position":2,"name":"Shore tour","item":"https:\/\/arneztravel.com.ar\/shore-tours\/"},{"@type":"ListItem","position":3,"name":"Servicios especiales para grupos\/agencia"}]},{"@type":"WebSite","@id":"https:\/\/arneztravel.com.ar\/#website","url":"https:\/\/arneztravel.com.ar\/","name":"Agencia de Viajes y Tours en Puerto Madryn Patagonia","description":"","publisher":{"@id":"https:\/\/arneztravel.com.ar\/#organization"},"potentialAction":[{"@type":"SearchAction","target":{"@type":"EntryPoint","urlTemplate":"https:\/\/arneztravel.com.ar\/?s={search_term_string}"},"query-input":{"@type":"PropertyValueSpecification","valueRequired":true,"valueName":"search_term_string"}}],"inLanguage":"en-US"},{"@type":"Organization","@id":"https:\/\/arneztravel.com.ar\/#organization","name":"Agencia de Viajes y Tours en Puerto Madryn Patagonia","url":"https:\/\/arneztravel.com.ar\/","logo":{"@type":"ImageObject","inLanguage":"en-US","@id":"https:\/\/arneztravel.com.ar\/#\/schema\/logo\/image\/","url":"https:\/\/arneztravel.com.ar\/wp-content\/uploads\/2025\/07\/logoarnez.jpg","contentUrl":"https:\/\/arneztravel.com.ar\/wp-content\/uploads\/2025\/07\/logoarnez.jpg","width":167,"height":146,"caption":"Agencia de Viajes y Tours en Puerto Madryn Patagonia"},"image":{"@id":"https:\/\/arneztravel.com.ar\/#\/schema\/logo\/image\/"},"sameAs":["https:\/\/www.instagram.com\/arneztravel\/"]}]}},"_links":{"self":[{"href":"https:\/\/arneztravel.com.ar\/en\/wp-json\/wp\/v2\/pages\/486","targetHints":{"allow":["GET"]}}],"collection":[{"href":"https:\/\/arneztravel.com.ar\/en\/wp-json\/wp\/v2\/pages"}],"about":[{"href":"https:\/\/arneztravel.com.ar\/en\/wp-json\/wp\/v2\/types\/page"}],"author":[{"embeddable":true,"href":"https:\/\/arneztravel.com.ar\/en\/wp-json\/wp\/v2\/users\/1"}],"replies":[{"embeddable":true,"href":"https:\/\/arneztravel.com.ar\/en\/wp-json\/wp\/v2\/comments?post=486"}],"version-history":[{"count":0,"href":"https:\/\/arneztravel.com.ar\/en\/wp-json\/wp\/v2\/pages\/486\/revisions"}],"up":[{"embeddable":true,"href":"https:\/\/arneztravel.com.ar\/en\/wp-json\/wp\/v2\/pages\/155"}],"wp:attachment":[{"href":"https:\/\/arneztravel.com.ar\/en\/wp-json\/wp\/v2\/media?parent=486"}],"curies":[{"name":"wp","href":"https:\/\/api.w.org\/{rel}","templated":true}]}}