{"id":469,"date":"2025-06-23T19:52:25","date_gmt":"2025-06-23T19:52:25","guid":{"rendered":"https:\/\/arneztravel.com.ar\/?page_id=469"},"modified":"2025-06-25T01:06:17","modified_gmt":"2025-06-25T01:06:17","slug":"excursiones-adaptadas-horarios","status":"publish","type":"page","link":"https:\/\/arneztravel.com.ar\/en\/shore-tours\/excursiones-adaptadas-horarios\/","title":{"rendered":"Excursiones adaptadas a horarios"},"content":{"rendered":"<div data-elementor-type=\"wp-page\" data-elementor-id=\"469\" class=\"elementor elementor-469\" data-elementor-post-type=\"page\">\n\t\t\t\t<div class=\"elementor-element elementor-element-a67f616 e-flex e-con-boxed e-con e-parent\" data-id=\"a67f616\" data-element_type=\"container\" data-e-type=\"container\">\n\t\t\t\t\t<div class=\"e-con-inner\">\n\t\t<div class=\"elementor-element elementor-element-f92d36e e-con-full e-flex e-con e-child\" data-id=\"f92d36e\" data-element_type=\"container\" data-e-type=\"container\" data-settings=\"{&quot;background_background&quot;:&quot;classic&quot;}\">\n\t\t\t\t<div class=\"elementor-element elementor-element-316508d elementor-widget elementor-widget-heading\" data-id=\"316508d\" data-element_type=\"widget\" data-e-type=\"widget\" data-widget_type=\"heading.default\">\n\t\t\t\t<div class=\"elementor-widget-container\">\n\t\t\t\t\t<h2 class=\"elementor-heading-title elementor-size-default\">Excursiones adaptadas a horarios<\/h2>\t\t\t\t<\/div>\n\t\t\t\t<\/div>\n\t\t\t\t<div class=\"elementor-element elementor-element-6aa0c34 elementor-widget elementor-widget-text-editor\" data-id=\"6aa0c34\" data-element_type=\"widget\" data-e-type=\"widget\" data-widget_type=\"text-editor.default\">\n\t\t\t\t<div class=\"elementor-widget-container\">\n\t\t\t\t\t\t\t\t\t<p>Mas ande otro criollo pasa Mart\u00edn Fierro ha de pasar<\/p>\t\t\t\t\t\t\t\t<\/div>\n\t\t\t\t<\/div>\n\t\t\t\t<\/div>\n\t\t\t\t\t<\/div>\n\t\t\t\t<\/div>\n\t\t<div class=\"elementor-element elementor-element-0705301 e-grid e-con-boxed e-con e-parent\" data-id=\"0705301\" data-element_type=\"container\" data-e-type=\"container\">\n\t\t\t\t\t<div class=\"e-con-inner\">\n\t\t\t\t<div class=\"elementor-element elementor-element-e99b665 elementor-widget elementor-widget-image\" data-id=\"e99b665\" data-element_type=\"widget\" data-e-type=\"widget\" data-widget_type=\"image.default\">\n\t\t\t\t<div class=\"elementor-widget-container\">\n\t\t\t\t\t\t\t\t\t\t\t\t\t\t\t<img decoding=\"async\" data-src=\"https:\/\/arneztravel.com.ar\/wp-content\/uploads\/2025\/06\/avistaje.webp\" title=\"\" alt=\"\" src=\"data:image\/svg+xml;base64,PHN2ZyB3aWR0aD0iMSIgaGVpZ2h0PSIxIiB4bWxucz0iaHR0cDovL3d3dy53My5vcmcvMjAwMC9zdmciPjwvc3ZnPg==\" class=\"lazyload\" \/>\t\t\t\t\t\t\t\t\t\t\t\t\t\t\t<\/div>\n\t\t\t\t<\/div>\n\t\t<div class=\"elementor-element elementor-element-253a459 e-con-full e-flex e-con e-child\" data-id=\"253a459\" data-element_type=\"container\" data-e-type=\"container\">\n\t\t\t\t<div class=\"elementor-element elementor-element-4c87630 elementor-widget-tablet__width-initial elementor-widget elementor-widget-heading\" data-id=\"4c87630\" data-element_type=\"widget\" data-e-type=\"widget\" data-widget_type=\"heading.default\">\n\t\t\t\t<div class=\"elementor-widget-container\">\n\t\t\t\t\t<h2 class=\"elementor-heading-title elementor-size-default\">Ventajas de tener excursiones adaptadas a horarios<\/h2>\t\t\t\t<\/div>\n\t\t\t\t<\/div>\n\t\t\t\t<div class=\"elementor-element elementor-element-3fadeaa elementor-widget__width-initial elementor-widget elementor-widget-text-editor\" data-id=\"3fadeaa\" data-element_type=\"widget\" data-e-type=\"widget\" data-widget_type=\"text-editor.default\">\n\t\t\t\t<div class=\"elementor-widget-container\">\n\t\t\t\t\t\t\t\t\t<p>Cuando viaj\u00e1s en crucero, cada minuto en tierra es valioso. Por eso nuestras excursiones est\u00e1n pensadas <strong data-start=\"384\" data-end=\"454\">espec\u00edficamente para el tiempo real del que disponen los pasajeros<\/strong>. No importa si ten\u00e9s solo unas pocas horas o casi todo el d\u00eda, vas a encontrar una opci\u00f3n segura, bien organizada y con el respaldo de una agencia con experiencia local.<\/p>\t\t\t\t\t\t\t\t<\/div>\n\t\t\t\t<\/div>\n\t\t\t\t<\/div>\n\t\t\t\t\t<\/div>\n\t\t\t\t<\/div>\n\t\t<div class=\"elementor-element elementor-element-607a114 e-con-full e-flex e-con e-parent\" data-id=\"607a114\" data-element_type=\"container\" data-e-type=\"container\">\n\t\t<div class=\"elementor-element elementor-element-29ebc7c e-con-full e-flex e-con e-child\" data-id=\"29ebc7c\" data-element_type=\"container\" data-e-type=\"container\">\n\t\t\t\t<div class=\"elementor-element elementor-element-798d1a6 elementor-widget elementor-widget-heading\" data-id=\"798d1a6\" data-element_type=\"widget\" data-e-type=\"widget\" data-widget_type=\"heading.default\">\n\t\t\t\t<div class=\"elementor-widget-container\">\n\t\t\t\t\t<h2 class=\"elementor-heading-title elementor-size-default\">Dise\u00f1adas seg\u00fan tu itinerario<\/h2>\t\t\t\t<\/div>\n\t\t\t\t<\/div>\n\t\t\t\t<div class=\"elementor-element elementor-element-4108a02 elementor-widget elementor-widget-text-editor\" data-id=\"4108a02\" data-element_type=\"widget\" data-e-type=\"widget\" data-widget_type=\"text-editor.default\">\n\t\t\t\t<div class=\"elementor-widget-container\">\n\t\t\t\t\t\t\t\t\t<p data-start=\"666\" data-end=\"928\">Sabemos que los cruceros tienen <strong data-start=\"698\" data-end=\"720\">horarios estrictos<\/strong> y que cualquier demora puede generar ansiedad. Por eso, dise\u00f1amos nuestros recorridos contemplando los <strong data-start=\"824\" data-end=\"871\">horarios de llegada y partida de cada barco<\/strong>, saliendo a tiempo y regresando con margen suficiente.<\/p><p data-start=\"930\" data-end=\"1155\">Nos mantenemos informados en tiempo real sobre cambios que puedan surgir en el itinerario del crucero, y ajustamos los horarios si hace falta. Si hay alg\u00fan cambio de \u00faltima hora, te lo comunicamos de forma clara y anticipada.<\/p>\t\t\t\t\t\t\t\t<\/div>\n\t\t\t\t<\/div>\n\t\t\t\t<\/div>\n\t\t<div class=\"elementor-element elementor-element-f83d4b8 e-con-full e-flex e-con e-child\" data-id=\"f83d4b8\" data-element_type=\"container\" data-e-type=\"container\">\n\t\t\t\t<div class=\"elementor-element elementor-element-731ae79 elementor-widget elementor-widget-heading\" data-id=\"731ae79\" data-element_type=\"widget\" data-e-type=\"widget\" data-widget_type=\"heading.default\">\n\t\t\t\t<div class=\"elementor-widget-container\">\n\t\t\t\t\t<h2 class=\"elementor-heading-title elementor-size-default\">Opciones para todos los tiempos<\/h2>\t\t\t\t<\/div>\n\t\t\t\t<\/div>\n\t\t\t\t<div class=\"elementor-element elementor-element-fddc2ee elementor-widget elementor-widget-text-editor\" data-id=\"fddc2ee\" data-element_type=\"widget\" data-e-type=\"widget\" data-widget_type=\"text-editor.default\">\n\t\t\t\t<div class=\"elementor-widget-container\">\n\t\t\t\t\t\t\t\t\t<p data-start=\"1199\" data-end=\"1363\">\u00bfSolo ten\u00e9s unas pocas horas? Tenemos <strong data-start=\"1237\" data-end=\"1265\">excursiones de medio d\u00eda<\/strong>, ideales para visitar los puntos m\u00e1s destacados de la regi\u00f3n sin alejarte demasiado del puerto.<\/p><p data-start=\"1365\" data-end=\"1554\">\u00bfTu barco permanece m\u00e1s tiempo? Entonces pod\u00e9s optar por una <strong data-start=\"1426\" data-end=\"1455\">excursi\u00f3n de d\u00eda completo<\/strong>, que incluye experiencias m\u00e1s completas como avistajes, paisajes naturales y visitas culturales.<\/p><p data-start=\"1556\" data-end=\"1707\">En cualquier caso, nuestras salidas est\u00e1n guiadas por expertos locales, con transporte propio y todo planificado para que disfrutes sin mirar el reloj.<\/p>\t\t\t\t\t\t\t\t<\/div>\n\t\t\t\t<\/div>\n\t\t\t\t<\/div>\n\t\t<div class=\"elementor-element elementor-element-3395557 e-con-full e-flex e-con e-child\" data-id=\"3395557\" data-element_type=\"container\" data-e-type=\"container\">\n\t\t\t\t<div class=\"elementor-element elementor-element-357285f elementor-widget elementor-widget-heading\" data-id=\"357285f\" data-element_type=\"widget\" data-e-type=\"widget\" data-widget_type=\"heading.default\">\n\t\t\t\t<div class=\"elementor-widget-container\">\n\t\t\t\t\t<h2 class=\"elementor-heading-title elementor-size-default\">Prioridad: tu tranquilidad<\/h2>\t\t\t\t<\/div>\n\t\t\t\t<\/div>\n\t\t\t\t<div class=\"elementor-element elementor-element-e730bdc elementor-widget elementor-widget-text-editor\" data-id=\"e730bdc\" data-element_type=\"widget\" data-e-type=\"widget\" data-widget_type=\"text-editor.default\">\n\t\t\t\t<div class=\"elementor-widget-container\">\n\t\t\t\t\t\t\t\t\t<p data-start=\"1746\" data-end=\"1812\">Nuestro objetivo es que te relajes y disfrutes. Por eso incluimos:<\/p><ul data-start=\"1814\" data-end=\"2067\"><li data-start=\"1814\" data-end=\"1869\"><p data-start=\"1816\" data-end=\"1869\"><strong data-start=\"1816\" data-end=\"1846\">Puntos de encuentro claros<\/strong> y cercanos al puerto<\/p><\/li><li data-start=\"1870\" data-end=\"1941\"><p data-start=\"1872\" data-end=\"1941\"><strong data-start=\"1872\" data-end=\"1906\">Coordinaci\u00f3n con el desembarco<\/strong> para evitar esperas innecesarias<\/p><\/li><li data-start=\"1942\" data-end=\"2003\"><p data-start=\"1944\" data-end=\"2003\"><strong data-start=\"1944\" data-end=\"1977\">Tiempo de regreso garantizado<\/strong> con margen de seguridad<\/p><\/li><li data-start=\"2004\" data-end=\"2067\"><p data-start=\"2006\" data-end=\"2067\"><strong data-start=\"2006\" data-end=\"2039\">Contacto directo v\u00eda WhatsApp<\/strong> ante cualquier imprevisto<\/p><\/li><\/ul><p data-start=\"2069\" data-end=\"2229\">Adem\u00e1s, muchos de nuestros gu\u00edas tienen experiencia trabajando con cruceros y conocen exactamente c\u00f3mo adaptarse al ritmo y necesidades de este tipo de turismo.<\/p>\t\t\t\t\t\t\t\t<\/div>\n\t\t\t\t<\/div>\n\t\t\t\t<\/div>\n\t\t<div class=\"elementor-element elementor-element-830f7aa e-con-full e-flex e-con e-child\" data-id=\"830f7aa\" data-element_type=\"container\" data-e-type=\"container\">\n\t\t\t\t<div class=\"elementor-element elementor-element-7f99c83 elementor-widget elementor-widget-heading\" data-id=\"7f99c83\" data-element_type=\"widget\" data-e-type=\"widget\" data-widget_type=\"heading.default\">\n\t\t\t\t<div class=\"elementor-widget-container\">\n\t\t\t\t\t<h2 class=\"elementor-heading-title elementor-size-default\">M\u00e1s excursi\u00f3n, menos log\u00edstica<\/h2>\t\t\t\t<\/div>\n\t\t\t\t<\/div>\n\t\t\t\t<div class=\"elementor-element elementor-element-46fd937 elementor-widget elementor-widget-text-editor\" data-id=\"46fd937\" data-element_type=\"widget\" data-e-type=\"widget\" data-widget_type=\"text-editor.default\">\n\t\t\t\t<div class=\"elementor-widget-container\">\n\t\t\t\t\t\t\t\t\t<p data-start=\"2272\" data-end=\"2550\">Al contratar una excursi\u00f3n con nosotros, <strong data-start=\"2313\" data-end=\"2358\">no perd\u00e9s tiempo en traslados complicados<\/strong> ni en organizaci\u00f3n. Te recibimos apenas sal\u00eds del puerto, te damos toda la informaci\u00f3n que necesit\u00e1s y comenzamos r\u00e1pidamente. Todo est\u00e1 preparado para que aproveches cada minuto en tierra.<\/p><p data-start=\"2552\" data-end=\"2713\">Ya sea que te interese la fauna, la cultura local, los paisajes o una experiencia combinada, tenemos una propuesta que se ajusta a vos, y al tiempo de tu escala.<\/p>\t\t\t\t\t\t\t\t<\/div>\n\t\t\t\t<\/div>\n\t\t\t\t<\/div>\n\t\t<div class=\"elementor-element elementor-element-9080af5 e-con-full e-flex e-con e-child\" data-id=\"9080af5\" data-element_type=\"container\" data-e-type=\"container\">\n\t\t\t\t<div class=\"elementor-element elementor-element-8c377ab elementor-widget elementor-widget-heading\" data-id=\"8c377ab\" data-element_type=\"widget\" data-e-type=\"widget\" data-widget_type=\"heading.default\">\n\t\t\t\t<div class=\"elementor-widget-container\">\n\t\t\t\t\t<h2 class=\"elementor-heading-title elementor-size-default\">Eleg\u00ed bien, viaj\u00e1 tranquilo<\/h2>\t\t\t\t<\/div>\n\t\t\t\t<\/div>\n\t\t\t\t<div class=\"elementor-element elementor-element-12f4961 elementor-widget elementor-widget-text-editor\" data-id=\"12f4961\" data-element_type=\"widget\" data-e-type=\"widget\" data-widget_type=\"text-editor.default\">\n\t\t\t\t<div class=\"elementor-widget-container\">\n\t\t\t\t\t\t\t\t\t<p data-start=\"2753\" data-end=\"3049\">Contratar una excursi\u00f3n adaptada a tu horario es clave para vivir una <strong data-start=\"2823\" data-end=\"2871\">experiencia segura, relajada y enriquecedora<\/strong>. Con nuestra experiencia local y log\u00edstica especializada en cruceristas, pod\u00e9s estar seguro de que tu paso por Puerto Madryn ser\u00e1 uno de los momentos m\u00e1s memorables de tu viaje.<\/p>\t\t\t\t\t\t\t\t<\/div>\n\t\t\t\t<\/div>\n\t\t\t\t<\/div>\n\t\t\t\t<\/div>\n\t\t\t\t<\/div>","protected":false},"excerpt":{"rendered":"<p>Excursiones adaptadas a horarios Mas ande otro criollo pasa Mart\u00edn Fierro ha de pasar Ventajas de tener excursiones adaptadas a [&hellip;]<\/p>","protected":false},"author":1,"featured_media":0,"parent":155,"menu_order":0,"comment_status":"closed","ping_status":"closed","template":"","meta":{"site-sidebar-layout":"no-sidebar","site-content-layout":"","ast-site-content-layout":"full-width-container","site-content-style":"default","site-sidebar-style":"default","ast-global-header-display":"","ast-banner-title-visibility":"","ast-main-header-display":"","ast-hfb-above-header-display":"","ast-hfb-below-header-display":"","ast-hfb-mobile-header-display":"","site-post-title":"disabled","ast-breadcrumbs-content":"","ast-featured-img":"disabled","footer-sml-layout":"","theme-transparent-header-meta":"","adv-header-id-meta":"","stick-header-meta":"","header-above-stick-meta":"","header-main-stick-meta":"","header-below-stick-meta":"","astra-migrate-meta-layouts":"default","ast-page-background-enabled":"default","ast-page-background-meta":{"desktop":{"background-color":"var(--ast-global-color-4)","background-image":"","background-repeat":"repeat","background-position":"center center","background-size":"auto","background-attachment":"scroll","background-type":"","background-media":"","overlay-type":"","overlay-color":"","overlay-opacity":"","overlay-gradient":""},"tablet":{"background-color":"","background-image":"","background-repeat":"repeat","background-position":"center center","background-size":"auto","background-attachment":"scroll","background-type":"","background-media":"","overlay-type":"","overlay-color":"","overlay-opacity":"","overlay-gradient":""},"mobile":{"background-color":"","background-image":"","background-repeat":"repeat","background-position":"center center","background-size":"auto","background-attachment":"scroll","background-type":"","background-media":"","overlay-type":"","overlay-color":"","overlay-opacity":"","overlay-gradient":""}},"ast-content-background-meta":{"desktop":{"background-color":"var(--ast-global-color-5)","background-image":"","background-repeat":"repeat","background-position":"center center","background-size":"auto","background-attachment":"scroll","background-type":"","background-media":"","overlay-type":"","overlay-color":"","overlay-opacity":"","overlay-gradient":""},"tablet":{"background-color":"var(--ast-global-color-5)","background-image":"","background-repeat":"repeat","background-position":"center center","background-size":"auto","background-attachment":"scroll","background-type":"","background-media":"","overlay-type":"","overlay-color":"","overlay-opacity":"","overlay-gradient":""},"mobile":{"background-color":"var(--ast-global-color-5)","background-image":"","background-repeat":"repeat","background-position":"center center","background-size":"auto","background-attachment":"scroll","background-type":"","background-media":"","overlay-type":"","overlay-color":"","overlay-opacity":"","overlay-gradient":""}},"footnotes":""},"class_list":["post-469","page","type-page","status-publish","hentry"],"yoast_head":"<!-- This site is optimized with the Yoast SEO Premium plugin v26.2 (Yoast SEO v26.3) - https:\/\/yoast.com\/wordpress\/plugins\/seo\/ -->\n<title>Excursiones adaptadas a horarios - Agencia de Viajes y Tours en Puerto Madryn Patagonia<\/title>\n<meta name=\"robots\" content=\"index, follow, max-snippet:-1, max-image-preview:large, max-video-preview:-1\" \/>\n<link rel=\"canonical\" href=\"https:\/\/arneztravel.com.ar\/en\/shore-tours\/excursiones-adaptadas-horarios\/\" \/>\n<meta property=\"og:locale\" content=\"en_US\" \/>\n<meta property=\"og:type\" content=\"article\" \/>\n<meta property=\"og:title\" content=\"Excursiones adaptadas a horarios\" \/>\n<meta property=\"og:description\" content=\"Excursiones adaptadas a horarios Mas ande otro criollo pasa Mart\u00edn Fierro ha de pasar Ventajas de tener excursiones adaptadas a [&hellip;]\" \/>\n<meta property=\"og:url\" content=\"https:\/\/arneztravel.com.ar\/en\/shore-tours\/excursiones-adaptadas-horarios\/\" \/>\n<meta property=\"og:site_name\" content=\"Agencia de Viajes y Tours en Puerto Madryn Patagonia\" \/>\n<meta property=\"article:modified_time\" content=\"2025-06-25T01:06:17+00:00\" \/>\n<meta property=\"og:image\" content=\"https:\/\/arneztravel.com.ar\/wp-content\/uploads\/2025\/06\/logoarnez.jpg\" \/>\n\t<meta property=\"og:image:width\" content=\"665\" \/>\n\t<meta property=\"og:image:height\" content=\"175\" \/>\n\t<meta property=\"og:image:type\" content=\"image\/jpeg\" \/>\n<meta name=\"twitter:card\" content=\"summary_large_image\" \/>\n<meta name=\"twitter:label1\" content=\"Est. reading time\" \/>\n\t<meta name=\"twitter:data1\" content=\"3 minutes\" \/>\n<script type=\"application\/ld+json\" class=\"yoast-schema-graph\">{\"@context\":\"https:\/\/schema.org\",\"@graph\":[{\"@type\":\"WebPage\",\"@id\":\"https:\/\/arneztravel.com.ar\/shore-tours\/excursiones-adaptadas-horarios\/\",\"url\":\"https:\/\/arneztravel.com.ar\/shore-tours\/excursiones-adaptadas-horarios\/\",\"name\":\"Excursiones adaptadas a horarios - Agencia de Viajes y Tours en Puerto Madryn Patagonia\",\"isPartOf\":{\"@id\":\"https:\/\/arneztravel.com.ar\/#website\"},\"primaryImageOfPage\":{\"@id\":\"https:\/\/arneztravel.com.ar\/shore-tours\/excursiones-adaptadas-horarios\/#primaryimage\"},\"image\":{\"@id\":\"https:\/\/arneztravel.com.ar\/shore-tours\/excursiones-adaptadas-horarios\/#primaryimage\"},\"thumbnailUrl\":\"https:\/\/arneztravel.com.ar\/wp-content\/uploads\/2025\/06\/avistaje-1024x538.webp\",\"datePublished\":\"2025-06-23T19:52:25+00:00\",\"dateModified\":\"2025-06-25T01:06:17+00:00\",\"breadcrumb\":{\"@id\":\"https:\/\/arneztravel.com.ar\/shore-tours\/excursiones-adaptadas-horarios\/#breadcrumb\"},\"inLanguage\":\"en-US\",\"potentialAction\":[{\"@type\":\"ReadAction\",\"target\":[\"https:\/\/arneztravel.com.ar\/shore-tours\/excursiones-adaptadas-horarios\/\"]}]},{\"@type\":\"ImageObject\",\"inLanguage\":\"en-US\",\"@id\":\"https:\/\/arneztravel.com.ar\/shore-tours\/excursiones-adaptadas-horarios\/#primaryimage\",\"url\":\"https:\/\/arneztravel.com.ar\/wp-content\/uploads\/2025\/06\/avistaje-1024x538.webp\",\"contentUrl\":\"https:\/\/arneztravel.com.ar\/wp-content\/uploads\/2025\/06\/avistaje-1024x538.webp\"},{\"@type\":\"BreadcrumbList\",\"@id\":\"https:\/\/arneztravel.com.ar\/shore-tours\/excursiones-adaptadas-horarios\/#breadcrumb\",\"itemListElement\":[{\"@type\":\"ListItem\",\"position\":1,\"name\":\"Inicio\",\"item\":\"https:\/\/arneztravel.com.ar\/\"},{\"@type\":\"ListItem\",\"position\":2,\"name\":\"Shore tour\",\"item\":\"https:\/\/arneztravel.com.ar\/shore-tours\/\"},{\"@type\":\"ListItem\",\"position\":3,\"name\":\"Excursiones adaptadas a horarios\"}]},{\"@type\":\"WebSite\",\"@id\":\"https:\/\/arneztravel.com.ar\/#website\",\"url\":\"https:\/\/arneztravel.com.ar\/\",\"name\":\"Agencia de Viajes y Tours en Puerto Madryn Patagonia\",\"description\":\"\",\"publisher\":{\"@id\":\"https:\/\/arneztravel.com.ar\/#organization\"},\"potentialAction\":[{\"@type\":\"SearchAction\",\"target\":{\"@type\":\"EntryPoint\",\"urlTemplate\":\"https:\/\/arneztravel.com.ar\/?s={search_term_string}\"},\"query-input\":{\"@type\":\"PropertyValueSpecification\",\"valueRequired\":true,\"valueName\":\"search_term_string\"}}],\"inLanguage\":\"en-US\"},{\"@type\":\"Organization\",\"@id\":\"https:\/\/arneztravel.com.ar\/#organization\",\"name\":\"Agencia de Viajes y Tours en Puerto Madryn Patagonia\",\"url\":\"https:\/\/arneztravel.com.ar\/\",\"logo\":{\"@type\":\"ImageObject\",\"inLanguage\":\"en-US\",\"@id\":\"https:\/\/arneztravel.com.ar\/#\/schema\/logo\/image\/\",\"url\":\"https:\/\/arneztravel.com.ar\/wp-content\/uploads\/2025\/07\/logoarnez.jpg\",\"contentUrl\":\"https:\/\/arneztravel.com.ar\/wp-content\/uploads\/2025\/07\/logoarnez.jpg\",\"width\":167,\"height\":146,\"caption\":\"Agencia de Viajes y Tours en Puerto Madryn Patagonia\"},\"image\":{\"@id\":\"https:\/\/arneztravel.com.ar\/#\/schema\/logo\/image\/\"},\"sameAs\":[\"https:\/\/www.instagram.com\/arneztravel\/\"]}]}<\/script>\n<!-- \/ Yoast SEO Premium plugin. -->","yoast_head_json":{"title":"Excursiones adaptadas a horarios - Agencia de Viajes y Tours en Puerto Madryn Patagonia","robots":{"index":"index","follow":"follow","max-snippet":"max-snippet:-1","max-image-preview":"max-image-preview:large","max-video-preview":"max-video-preview:-1"},"canonical":"https:\/\/arneztravel.com.ar\/en\/shore-tours\/excursiones-adaptadas-horarios\/","og_locale":"en_US","og_type":"article","og_title":"Excursiones adaptadas a horarios","og_description":"Excursiones adaptadas a horarios Mas ande otro criollo pasa Mart\u00edn Fierro ha de pasar Ventajas de tener excursiones adaptadas a [&hellip;]","og_url":"https:\/\/arneztravel.com.ar\/en\/shore-tours\/excursiones-adaptadas-horarios\/","og_site_name":"Agencia de Viajes y Tours en Puerto Madryn Patagonia","article_modified_time":"2025-06-25T01:06:17+00:00","og_image":[{"width":665,"height":175,"url":"https:\/\/arneztravel.com.ar\/wp-content\/uploads\/2025\/06\/logoarnez.jpg","type":"image\/jpeg"}],"twitter_card":"summary_large_image","twitter_misc":{"Est. reading time":"3 minutes"},"schema":{"@context":"https:\/\/schema.org","@graph":[{"@type":"WebPage","@id":"https:\/\/arneztravel.com.ar\/shore-tours\/excursiones-adaptadas-horarios\/","url":"https:\/\/arneztravel.com.ar\/shore-tours\/excursiones-adaptadas-horarios\/","name":"Excursiones adaptadas a horarios - Agencia de Viajes y Tours en Puerto Madryn Patagonia","isPartOf":{"@id":"https:\/\/arneztravel.com.ar\/#website"},"primaryImageOfPage":{"@id":"https:\/\/arneztravel.com.ar\/shore-tours\/excursiones-adaptadas-horarios\/#primaryimage"},"image":{"@id":"https:\/\/arneztravel.com.ar\/shore-tours\/excursiones-adaptadas-horarios\/#primaryimage"},"thumbnailUrl":"https:\/\/arneztravel.com.ar\/wp-content\/uploads\/2025\/06\/avistaje-1024x538.webp","datePublished":"2025-06-23T19:52:25+00:00","dateModified":"2025-06-25T01:06:17+00:00","breadcrumb":{"@id":"https:\/\/arneztravel.com.ar\/shore-tours\/excursiones-adaptadas-horarios\/#breadcrumb"},"inLanguage":"en-US","potentialAction":[{"@type":"ReadAction","target":["https:\/\/arneztravel.com.ar\/shore-tours\/excursiones-adaptadas-horarios\/"]}]},{"@type":"ImageObject","inLanguage":"en-US","@id":"https:\/\/arneztravel.com.ar\/shore-tours\/excursiones-adaptadas-horarios\/#primaryimage","url":"https:\/\/arneztravel.com.ar\/wp-content\/uploads\/2025\/06\/avistaje-1024x538.webp","contentUrl":"https:\/\/arneztravel.com.ar\/wp-content\/uploads\/2025\/06\/avistaje-1024x538.webp"},{"@type":"BreadcrumbList","@id":"https:\/\/arneztravel.com.ar\/shore-tours\/excursiones-adaptadas-horarios\/#breadcrumb","itemListElement":[{"@type":"ListItem","position":1,"name":"Inicio","item":"https:\/\/arneztravel.com.ar\/"},{"@type":"ListItem","position":2,"name":"Shore tour","item":"https:\/\/arneztravel.com.ar\/shore-tours\/"},{"@type":"ListItem","position":3,"name":"Excursiones adaptadas a horarios"}]},{"@type":"WebSite","@id":"https:\/\/arneztravel.com.ar\/#website","url":"https:\/\/arneztravel.com.ar\/","name":"Agencia de Viajes y Tours en Puerto Madryn Patagonia","description":"","publisher":{"@id":"https:\/\/arneztravel.com.ar\/#organization"},"potentialAction":[{"@type":"SearchAction","target":{"@type":"EntryPoint","urlTemplate":"https:\/\/arneztravel.com.ar\/?s={search_term_string}"},"query-input":{"@type":"PropertyValueSpecification","valueRequired":true,"valueName":"search_term_string"}}],"inLanguage":"en-US"},{"@type":"Organization","@id":"https:\/\/arneztravel.com.ar\/#organization","name":"Agencia de Viajes y Tours en Puerto Madryn Patagonia","url":"https:\/\/arneztravel.com.ar\/","logo":{"@type":"ImageObject","inLanguage":"en-US","@id":"https:\/\/arneztravel.com.ar\/#\/schema\/logo\/image\/","url":"https:\/\/arneztravel.com.ar\/wp-content\/uploads\/2025\/07\/logoarnez.jpg","contentUrl":"https:\/\/arneztravel.com.ar\/wp-content\/uploads\/2025\/07\/logoarnez.jpg","width":167,"height":146,"caption":"Agencia de Viajes y Tours en Puerto Madryn Patagonia"},"image":{"@id":"https:\/\/arneztravel.com.ar\/#\/schema\/logo\/image\/"},"sameAs":["https:\/\/www.instagram.com\/arneztravel\/"]}]}},"_links":{"self":[{"href":"https:\/\/arneztravel.com.ar\/en\/wp-json\/wp\/v2\/pages\/469","targetHints":{"allow":["GET"]}}],"collection":[{"href":"https:\/\/arneztravel.com.ar\/en\/wp-json\/wp\/v2\/pages"}],"about":[{"href":"https:\/\/arneztravel.com.ar\/en\/wp-json\/wp\/v2\/types\/page"}],"author":[{"embeddable":true,"href":"https:\/\/arneztravel.com.ar\/en\/wp-json\/wp\/v2\/users\/1"}],"replies":[{"embeddable":true,"href":"https:\/\/arneztravel.com.ar\/en\/wp-json\/wp\/v2\/comments?post=469"}],"version-history":[{"count":0,"href":"https:\/\/arneztravel.com.ar\/en\/wp-json\/wp\/v2\/pages\/469\/revisions"}],"up":[{"embeddable":true,"href":"https:\/\/arneztravel.com.ar\/en\/wp-json\/wp\/v2\/pages\/155"}],"wp:attachment":[{"href":"https:\/\/arneztravel.com.ar\/en\/wp-json\/wp\/v2\/media?parent=469"}],"curies":[{"name":"wp","href":"https:\/\/api.w.org\/{rel}","templated":true}]}}