{"id":448,"date":"2025-06-23T19:11:41","date_gmt":"2025-06-23T19:11:41","guid":{"rendered":"https:\/\/arneztravel.com.ar\/?page_id=448"},"modified":"2025-07-04T15:10:29","modified_gmt":"2025-07-04T15:10:29","slug":"camarones-costa-patagonica","status":"publish","type":"page","link":"https:\/\/arneztravel.com.ar\/en\/camarones-costa-patagonica\/","title":{"rendered":"camarones costa patagonica"},"content":{"rendered":"<div data-elementor-type=\"wp-page\" data-elementor-id=\"448\" class=\"elementor elementor-448\" data-elementor-post-type=\"page\">\n\t\t\t\t<div class=\"elementor-element elementor-element-68dca7c e-flex e-con-boxed e-con e-parent\" data-id=\"68dca7c\" data-element_type=\"container\" data-e-type=\"container\">\n\t\t\t\t\t<div class=\"e-con-inner\">\n\t\t\t\t<div class=\"elementor-element elementor-element-1a7687b elementor-widget elementor-widget-heading\" data-id=\"1a7687b\" data-element_type=\"widget\" data-e-type=\"widget\" data-widget_type=\"heading.default\">\n\t\t\t\t<div class=\"elementor-widget-container\">\n\t\t\t\t\t<h2 class=\"elementor-heading-title elementor-size-default\">Camarones: un rinc\u00f3n escondido de la Costa Patag\u00f3nica<\/h2>\t\t\t\t<\/div>\n\t\t\t\t<\/div>\n\t\t\t\t\t<\/div>\n\t\t\t\t<\/div>\n\t\t<div class=\"elementor-element elementor-element-f1a0832 e-flex e-con-boxed e-con e-parent\" data-id=\"f1a0832\" data-element_type=\"container\" data-e-type=\"container\">\n\t\t\t\t\t<div class=\"e-con-inner\">\n\t\t\t\t<div class=\"elementor-element elementor-element-21c27e9 elementor-widget elementor-widget-text-editor\" data-id=\"21c27e9\" data-element_type=\"widget\" data-e-type=\"widget\" data-widget_type=\"text-editor.default\">\n\t\t\t\t<div class=\"elementor-widget-container\">\n\t\t\t\t\t\t\t\t\t<p data-start=\"450\" data-end=\"542\">\u00a0Naturaleza, historia y mar en un pueblo aut\u00e9ntico de la provincia del Chubut.<\/p>\t\t\t\t\t\t\t\t<\/div>\n\t\t\t\t<\/div>\n\t\t\t\t\t<\/div>\n\t\t\t\t<\/div>\n\t\t<div class=\"elementor-element elementor-element-5b46a3f e-con-full e-flex e-con e-parent\" data-id=\"5b46a3f\" data-element_type=\"container\" data-e-type=\"container\">\n\t\t\t\t<div class=\"elementor-element elementor-element-f9a8625 elementor-widget__width-initial elementor-widget elementor-widget-image\" data-id=\"f9a8625\" data-element_type=\"widget\" data-e-type=\"widget\" data-widget_type=\"image.default\">\n\t\t\t\t<div class=\"elementor-widget-container\">\n\t\t\t\t\t\t\t\t\t\t\t\t\t\t\t<img decoding=\"async\" data-src=\"https:\/\/arneztravel.com.ar\/wp-content\/uploads\/2025\/06\/camarones2.jpg\" title=\"\" alt=\"\" src=\"data:image\/svg+xml;base64,PHN2ZyB3aWR0aD0iMSIgaGVpZ2h0PSIxIiB4bWxucz0iaHR0cDovL3d3dy53My5vcmcvMjAwMC9zdmciPjwvc3ZnPg==\" class=\"lazyload\" \/>\t\t\t\t\t\t\t\t\t\t\t\t\t\t\t<\/div>\n\t\t\t\t<\/div>\n\t\t\t\t<\/div>\n\t\t<div class=\"elementor-element elementor-element-9af6189 e-flex e-con-boxed e-con e-parent\" data-id=\"9af6189\" data-element_type=\"container\" data-e-type=\"container\">\n\t\t\t\t\t<div class=\"e-con-inner\">\n\t\t<div class=\"elementor-element elementor-element-2949b0f e-con-full e-flex e-con e-child\" data-id=\"2949b0f\" data-element_type=\"container\" data-e-type=\"container\">\n\t\t<div class=\"elementor-element elementor-element-93495c4 e-con-full e-flex e-con e-child\" data-id=\"93495c4\" data-element_type=\"container\" data-e-type=\"container\">\n\t\t\t\t<div class=\"elementor-element elementor-element-2a51cf2 elementor-widget elementor-widget-heading\" data-id=\"2a51cf2\" data-element_type=\"widget\" data-e-type=\"widget\" data-widget_type=\"heading.default\">\n\t\t\t\t<div class=\"elementor-widget-container\">\n\t\t\t\t\t<h2 class=\"elementor-heading-title elementor-size-default\"> \u00bfD\u00f3nde queda Camarones y c\u00f3mo llegar?<\/h2>\t\t\t\t<\/div>\n\t\t\t\t<\/div>\n\t\t\t\t<div class=\"elementor-element elementor-element-edf89ca elementor-widget elementor-widget-text-editor\" data-id=\"edf89ca\" data-element_type=\"widget\" data-e-type=\"widget\" data-widget_type=\"text-editor.default\">\n\t\t\t\t<div class=\"elementor-widget-container\">\n\t\t\t\t\t\t\t\t\t<p data-start=\"791\" data-end=\"901\">Camarones es una peque\u00f1a localidad costera ubicada en la provincia del Chubut, sobre el litoral atl\u00e1ntico de la Patagonia argentina. Est\u00e1 a medio camino entre Trelew y Comodoro Rivadavia, a unos <strong data-start=\"791\" data-end=\"825\">250 km al sur de Puerto Madryn<\/strong>. Se accede principalmente por la Ruta Nacional N\u00b03, combinando con la Ruta Provincial 30. Si bien no es tan conocida como otros destinos patag\u00f3nicos, <strong data-start=\"976\" data-end=\"1025\">su encanto radica en esa tranquilidad intacta<\/strong> y su contacto directo con la naturaleza marina.<\/p>\t\t\t\t\t\t\t\t<\/div>\n\t\t\t\t<\/div>\n\t\t\t\t<\/div>\n\t\t<div class=\"elementor-element elementor-element-126c97a e-con-full e-flex e-con e-child\" data-id=\"126c97a\" data-element_type=\"container\" data-e-type=\"container\">\n\t\t\t\t<div class=\"elementor-element elementor-element-3fb5218 elementor-widget elementor-widget-heading\" data-id=\"3fb5218\" data-element_type=\"widget\" data-e-type=\"widget\" data-widget_type=\"heading.default\">\n\t\t\t\t<div class=\"elementor-widget-container\">\n\t\t\t\t\t<h2 class=\"elementor-heading-title elementor-size-default\">Un pueblo frente al mar<\/h2>\t\t\t\t<\/div>\n\t\t\t\t<\/div>\n\t\t\t\t<div class=\"elementor-element elementor-element-0fed444 elementor-widget elementor-widget-text-editor\" data-id=\"0fed444\" data-element_type=\"widget\" data-e-type=\"widget\" data-widget_type=\"text-editor.default\">\n\t\t\t\t<div class=\"elementor-widget-container\">\n\t\t\t\t\t\t\t\t\t<ul><li data-start=\"1279\" data-end=\"1433\"><p data-start=\"935\" data-end=\"1299\">Camarones vive de cara al mar. Su bah\u00eda en forma de medialuna ofrece un paisaje sereno, con aguas calmas, playas solitarias, formaciones rocosas y un horizonte infinito. El pueblo tiene <strong data-start=\"1299\" data-end=\"1327\">menos de 2000 habitantes<\/strong>, lo que le da un ambiente apacible y aut\u00e9ntico. A diferencia de los centros tur\u00edsticos m\u00e1s grandes, ac\u00e1 el visitante es recibido como un invitado m\u00e1s, y el tiempo parece detenerse. Ideal para quienes buscan <strong data-start=\"1535\" data-end=\"1617\">escapadas tranquilas, contacto con el mar y una experiencia sin turismo masivo<\/strong>.<\/p><\/li><\/ul>\t\t\t\t\t\t\t\t<\/div>\n\t\t\t\t<\/div>\n\t\t\t\t<\/div>\n\t\t<div class=\"elementor-element elementor-element-1c2bde5 e-con-full e-flex e-con e-child\" data-id=\"1c2bde5\" data-element_type=\"container\" data-e-type=\"container\">\n\t\t\t\t<div class=\"elementor-element elementor-element-8c54d13 elementor-widget elementor-widget-heading\" data-id=\"8c54d13\" data-element_type=\"widget\" data-e-type=\"widget\" data-widget_type=\"heading.default\">\n\t\t\t\t<div class=\"elementor-widget-container\">\n\t\t\t\t\t<h2 class=\"elementor-heading-title elementor-size-default\">Fauna marina y Reserva Cabo Dos Bah\u00edas<\/h2>\t\t\t\t<\/div>\n\t\t\t\t<\/div>\n\t\t\t\t<div class=\"elementor-element elementor-element-eaeea2f elementor-widget elementor-widget-text-editor\" data-id=\"eaeea2f\" data-element_type=\"widget\" data-e-type=\"widget\" data-widget_type=\"text-editor.default\">\n\t\t\t\t<div class=\"elementor-widget-container\">\n\t\t\t\t\t\t\t\t\t<ul data-start=\"1731\" data-end=\"2064\"><li data-start=\"1731\" data-end=\"1833\"><p data-start=\"1673\" data-end=\"2241\">Uno de los principales atractivos cercanos es la <strong data-start=\"1722\" data-end=\"1760\">Reserva Provincial Cabo Dos Bah\u00edas<\/strong>, a unos 28 km del pueblo. Esta \u00e1rea protegida alberga una importante <strong data-start=\"1830\" data-end=\"1868\">colonia de ping\u00fcinos de Magallanes<\/strong>, adem\u00e1s de lobos marinos, aves costeras y guanacos. El entorno es imponente: acantilados, estepa y mar azul intenso.<br data-start=\"1985\" data-end=\"1988\" \/>Durante la temporada (de septiembre a marzo), los visitantes pueden caminar por pasarelas que recorren el terreno sin interferir con la fauna. Es una experiencia \u00fanica para <strong data-start=\"2161\" data-end=\"2240\">fot\u00f3grafos, amantes de la naturaleza o viajeros que buscan lugares v\u00edrgenes<\/strong>.<\/p><\/li><\/ul>\t\t\t\t\t\t\t\t<\/div>\n\t\t\t\t<\/div>\n\t\t\t\t<\/div>\n\t\t<div class=\"elementor-element elementor-element-086fd8d e-con-full e-flex e-con e-child\" data-id=\"086fd8d\" data-element_type=\"container\" data-e-type=\"container\">\n\t\t\t\t<div class=\"elementor-element elementor-element-67b7570 elementor-widget elementor-widget-heading\" data-id=\"67b7570\" data-element_type=\"widget\" data-e-type=\"widget\" data-widget_type=\"heading.default\">\n\t\t\t\t<div class=\"elementor-widget-container\">\n\t\t\t\t\t<h2 class=\"elementor-heading-title elementor-size-default\"> Historia y pesca artesanal<\/h2>\t\t\t\t<\/div>\n\t\t\t\t<\/div>\n\t\t\t\t<div class=\"elementor-element elementor-element-48aa1e4 elementor-widget elementor-widget-text-editor\" data-id=\"48aa1e4\" data-element_type=\"widget\" data-e-type=\"widget\" data-widget_type=\"text-editor.default\">\n\t\t\t\t<div class=\"elementor-widget-container\">\n\t\t\t\t\t\t\t\t\t<p data-start=\"2284\" data-end=\"2819\">Camarones tiene tambi\u00e9n una identidad muy ligada a la pesca. A lo largo de su historia, fue hogar de pescadores, marineros y familias que viven del mar. A\u00fan hoy, la <strong data-start=\"2449\" data-end=\"2468\">pesca artesanal<\/strong> es una de las actividades principales del pueblo. Si ten\u00e9s suerte, pod\u00e9s probar camarones frescos o centolla local en alguno de sus restaurantes o ferias.<br data-start=\"2623\" data-end=\"2626\" \/>Adem\u00e1s, el pueblo est\u00e1 vinculado a la historia nacional: aqu\u00ed vivi\u00f3 parte de su infancia el expresidente argentino <strong data-start=\"2741\" data-end=\"2763\">Juan Domingo Per\u00f3n<\/strong>, y su casa natal funciona hoy como <strong data-start=\"2799\" data-end=\"2818\">museo hist\u00f3rico<\/strong>.<\/p>\t\t\t\t\t\t\t\t<\/div>\n\t\t\t\t<\/div>\n\t\t\t\t<\/div>\n\t\t<div class=\"elementor-element elementor-element-a002511 e-con-full e-flex e-con e-child\" data-id=\"a002511\" data-element_type=\"container\" data-e-type=\"container\">\n\t\t\t\t<div class=\"elementor-element elementor-element-22b2539 elementor-widget elementor-widget-heading\" data-id=\"22b2539\" data-element_type=\"widget\" data-e-type=\"widget\" data-widget_type=\"heading.default\">\n\t\t\t\t<div class=\"elementor-widget-container\">\n\t\t\t\t\t<h2 class=\"elementor-heading-title elementor-size-default\">Un destino ideal para combinar con Bah\u00eda Bustamante<\/h2>\t\t\t\t<\/div>\n\t\t\t\t<\/div>\n\t\t\t\t<div class=\"elementor-element elementor-element-b926587 elementor-widget elementor-widget-text-editor\" data-id=\"b926587\" data-element_type=\"widget\" data-e-type=\"widget\" data-widget_type=\"text-editor.default\">\n\t\t\t\t<div class=\"elementor-widget-container\">\n\t\t\t\t\t\t\t\t\t<p data-start=\"2536\" data-end=\"2749\">Muchos viajeros combinan Camarones con <strong data-start=\"2927\" data-end=\"2947\">Bah\u00eda Bustamante<\/strong>, un lodge ecol\u00f3gico y reserva privada ubicada m\u00e1s al sur, en Santa Cruz. El trayecto es ideal para quienes hacen <strong data-start=\"3061\" data-end=\"3104\">rutas esc\u00e9nicas por la costa patag\u00f3nica<\/strong>, conectando pueblos, estancias, fauna marina y paisajes remotos.<br data-start=\"3169\" data-end=\"3172\" \/>Camarones puede visitarse como excursi\u00f3n desde Puerto Madryn o como <strong data-start=\"3240\" data-end=\"3260\">etapa intermedia<\/strong> para quienes viajan hacia el sur por tierra. Sea como sea, es una parada que vale la pena conocer por su valor natural y cultural.<\/p>\t\t\t\t\t\t\t\t<\/div>\n\t\t\t\t<\/div>\n\t\t\t\t<\/div>\n\t\t\t\t<\/div>\n\t\t<div class=\"elementor-element elementor-element-f6568ea e-con-full e-flex e-con e-child\" data-id=\"f6568ea\" data-element_type=\"container\" data-e-type=\"container\">\n\t\t\t\t<div class=\"elementor-element elementor-element-4a9dca8 elementor-widget elementor-widget-heading\" data-id=\"4a9dca8\" data-element_type=\"widget\" data-e-type=\"widget\" data-widget_type=\"heading.default\">\n\t\t\t\t<div class=\"elementor-widget-container\">\n\t\t\t\t\t<h2 class=\"elementor-heading-title elementor-size-default\">Recomendaciones para el viajero<\/h2>\t\t\t\t<\/div>\n\t\t\t\t<\/div>\n\t\t\t\t<div class=\"elementor-element elementor-element-73e2399 elementor-widget elementor-widget-text-editor\" data-id=\"73e2399\" data-element_type=\"widget\" data-e-type=\"widget\" data-widget_type=\"text-editor.default\">\n\t\t\t\t<div class=\"elementor-widget-container\">\n\t\t\t\t\t\t\t\t\t<ul><li data-start=\"3439\" data-end=\"3527\"><p data-start=\"3441\" data-end=\"3527\">Ideal para visitar entre <strong data-start=\"3466\" data-end=\"3488\">septiembre y marzo<\/strong>, cuando hay ping\u00fcinos y mejor clima.<\/p><\/li><li data-start=\"3528\" data-end=\"3620\"><p data-start=\"3530\" data-end=\"3620\">No hay muchas opciones de alojamiento, por lo que se recomienda <strong data-start=\"3594\" data-end=\"3617\">reservar con tiempo<\/strong>.<\/p><\/li><li data-start=\"3621\" data-end=\"3690\"><p data-start=\"3623\" data-end=\"3690\">Llevar siempre <strong data-start=\"3638\" data-end=\"3661\">ropa para el viento<\/strong>, protector solar y c\u00e1mara.<\/p><\/li><li data-start=\"3691\" data-end=\"3800\"><p data-start=\"3693\" data-end=\"3800\">Consultar antes de ir a la Reserva, ya que el camino es de ripio y puede estar cerrado en d\u00edas de lluvia.<\/p><\/li><li data-start=\"3801\" data-end=\"3897\"><p data-start=\"3803\" data-end=\"3897\">Es un destino perfecto para quienes buscan <strong data-start=\"3846\" data-end=\"3896\">paz, autenticidad y conexi\u00f3n con la naturaleza<\/strong>.<\/p><\/li><\/ul>\t\t\t\t\t\t\t\t<\/div>\n\t\t\t\t<\/div>\n\t\t\t\t<\/div>\n\t\t\t\t\t<\/div>\n\t\t\t\t<\/div>\n\t\t\t\t<\/div>","protected":false},"excerpt":{"rendered":"<p>Camarones: un rinc\u00f3n escondido de la Costa Patag\u00f3nica \u00a0Naturaleza, historia y mar en un pueblo aut\u00e9ntico de la provincia del [&hellip;]<\/p>","protected":false},"author":1,"featured_media":0,"parent":0,"menu_order":0,"comment_status":"closed","ping_status":"closed","template":"","meta":{"site-sidebar-layout":"no-sidebar","site-content-layout":"","ast-site-content-layout":"full-width-container","site-content-style":"default","site-sidebar-style":"default","ast-global-header-display":"","ast-banner-title-visibility":"","ast-main-header-display":"","ast-hfb-above-header-display":"","ast-hfb-below-header-display":"","ast-hfb-mobile-header-display":"","site-post-title":"disabled","ast-breadcrumbs-content":"","ast-featured-img":"disabled","footer-sml-layout":"","theme-transparent-header-meta":"","adv-header-id-meta":"","stick-header-meta":"","header-above-stick-meta":"","header-main-stick-meta":"","header-below-stick-meta":"","astra-migrate-meta-layouts":"default","ast-page-background-enabled":"default","ast-page-background-meta":{"desktop":{"background-color":"var(--ast-global-color-4)","background-image":"","background-repeat":"repeat","background-position":"center center","background-size":"auto","background-attachment":"scroll","background-type":"","background-media":"","overlay-type":"","overlay-color":"","overlay-opacity":"","overlay-gradient":""},"tablet":{"background-color":"","background-image":"","background-repeat":"repeat","background-position":"center center","background-size":"auto","background-attachment":"scroll","background-type":"","background-media":"","overlay-type":"","overlay-color":"","overlay-opacity":"","overlay-gradient":""},"mobile":{"background-color":"","background-image":"","background-repeat":"repeat","background-position":"center center","background-size":"auto","background-attachment":"scroll","background-type":"","background-media":"","overlay-type":"","overlay-color":"","overlay-opacity":"","overlay-gradient":""}},"ast-content-background-meta":{"desktop":{"background-color":"var(--ast-global-color-5)","background-image":"","background-repeat":"repeat","background-position":"center center","background-size":"auto","background-attachment":"scroll","background-type":"","background-media":"","overlay-type":"","overlay-color":"","overlay-opacity":"","overlay-gradient":""},"tablet":{"background-color":"var(--ast-global-color-5)","background-image":"","background-repeat":"repeat","background-position":"center center","background-size":"auto","background-attachment":"scroll","background-type":"","background-media":"","overlay-type":"","overlay-color":"","overlay-opacity":"","overlay-gradient":""},"mobile":{"background-color":"var(--ast-global-color-5)","background-image":"","background-repeat":"repeat","background-position":"center center","background-size":"auto","background-attachment":"scroll","background-type":"","background-media":"","overlay-type":"","overlay-color":"","overlay-opacity":"","overlay-gradient":""}},"footnotes":""},"class_list":["post-448","page","type-page","status-publish","hentry"],"yoast_head":"<!-- This site is optimized with the Yoast SEO Premium plugin v26.2 (Yoast SEO v26.3) - https:\/\/yoast.com\/wordpress\/plugins\/seo\/ -->\n<title>Camarones y la Costa Patag\u00f3nica: naturaleza, historia | Arnez Travel<\/title>\n<meta name=\"description\" content=\"Conoc\u00e9 Camarones, una joya escondida de la Costa Patag\u00f3nica. Acantilados, fauna marina, historia galesa y tranquilidad en un destino aut\u00e9ntico. Ideal para escapadas desde Puerto Madryn.\" \/>\n<meta name=\"robots\" content=\"index, follow, max-snippet:-1, max-image-preview:large, max-video-preview:-1\" \/>\n<link rel=\"canonical\" href=\"https:\/\/arneztravel.com.ar\/en\/camarones-costa-patagonica\/\" \/>\n<meta property=\"og:locale\" content=\"en_US\" \/>\n<meta property=\"og:type\" content=\"article\" \/>\n<meta property=\"og:title\" content=\"camarones costa patagonica\" \/>\n<meta property=\"og:description\" content=\"Conoc\u00e9 Camarones, una joya escondida de la Costa Patag\u00f3nica. Acantilados, fauna marina, historia galesa y tranquilidad en un destino aut\u00e9ntico. Ideal para escapadas desde Puerto Madryn.\" \/>\n<meta property=\"og:url\" content=\"https:\/\/arneztravel.com.ar\/en\/camarones-costa-patagonica\/\" \/>\n<meta property=\"og:site_name\" content=\"Agencia de Viajes y Tours en Puerto Madryn Patagonia\" \/>\n<meta property=\"article:modified_time\" content=\"2025-07-04T15:10:29+00:00\" \/>\n<meta property=\"og:image\" content=\"https:\/\/arneztravel.com.ar\/wp-content\/uploads\/2025\/06\/camarones2.jpg\" \/>\n<meta name=\"twitter:card\" content=\"summary_large_image\" \/>\n<meta name=\"twitter:label1\" content=\"Est. reading time\" \/>\n\t<meta name=\"twitter:data1\" content=\"3 minutes\" \/>\n<script type=\"application\/ld+json\" class=\"yoast-schema-graph\">{\"@context\":\"https:\/\/schema.org\",\"@graph\":[{\"@type\":\"WebPage\",\"@id\":\"https:\/\/arneztravel.com.ar\/camarones-costa-patagonica\/\",\"url\":\"https:\/\/arneztravel.com.ar\/camarones-costa-patagonica\/\",\"name\":\"Camarones y la Costa Patag\u00f3nica: naturaleza, historia | Arnez Travel\",\"isPartOf\":{\"@id\":\"https:\/\/arneztravel.com.ar\/#website\"},\"primaryImageOfPage\":{\"@id\":\"https:\/\/arneztravel.com.ar\/camarones-costa-patagonica\/#primaryimage\"},\"image\":{\"@id\":\"https:\/\/arneztravel.com.ar\/camarones-costa-patagonica\/#primaryimage\"},\"thumbnailUrl\":\"https:\/\/arneztravel.com.ar\/wp-content\/uploads\/2025\/06\/camarones2.jpg\",\"datePublished\":\"2025-06-23T19:11:41+00:00\",\"dateModified\":\"2025-07-04T15:10:29+00:00\",\"description\":\"Conoc\u00e9 Camarones, una joya escondida de la Costa Patag\u00f3nica. Acantilados, fauna marina, historia galesa y tranquilidad en un destino aut\u00e9ntico. Ideal para escapadas desde Puerto Madryn.\",\"breadcrumb\":{\"@id\":\"https:\/\/arneztravel.com.ar\/camarones-costa-patagonica\/#breadcrumb\"},\"inLanguage\":\"en-US\",\"potentialAction\":[{\"@type\":\"ReadAction\",\"target\":[\"https:\/\/arneztravel.com.ar\/camarones-costa-patagonica\/\"]}]},{\"@type\":\"ImageObject\",\"inLanguage\":\"en-US\",\"@id\":\"https:\/\/arneztravel.com.ar\/camarones-costa-patagonica\/#primaryimage\",\"url\":\"https:\/\/arneztravel.com.ar\/wp-content\/uploads\/2025\/06\/camarones2.jpg\",\"contentUrl\":\"https:\/\/arneztravel.com.ar\/wp-content\/uploads\/2025\/06\/camarones2.jpg\"},{\"@type\":\"BreadcrumbList\",\"@id\":\"https:\/\/arneztravel.com.ar\/camarones-costa-patagonica\/#breadcrumb\",\"itemListElement\":[{\"@type\":\"ListItem\",\"position\":1,\"name\":\"Inicio\",\"item\":\"https:\/\/arneztravel.com.ar\/\"},{\"@type\":\"ListItem\",\"position\":2,\"name\":\"camarones costa patagonica\"}]},{\"@type\":\"WebSite\",\"@id\":\"https:\/\/arneztravel.com.ar\/#website\",\"url\":\"https:\/\/arneztravel.com.ar\/\",\"name\":\"Agencia de Viajes y Tours en Puerto Madryn Patagonia\",\"description\":\"\",\"publisher\":{\"@id\":\"https:\/\/arneztravel.com.ar\/#organization\"},\"potentialAction\":[{\"@type\":\"SearchAction\",\"target\":{\"@type\":\"EntryPoint\",\"urlTemplate\":\"https:\/\/arneztravel.com.ar\/?s={search_term_string}\"},\"query-input\":{\"@type\":\"PropertyValueSpecification\",\"valueRequired\":true,\"valueName\":\"search_term_string\"}}],\"inLanguage\":\"en-US\"},{\"@type\":\"Organization\",\"@id\":\"https:\/\/arneztravel.com.ar\/#organization\",\"name\":\"Agencia de Viajes y Tours en Puerto Madryn Patagonia\",\"url\":\"https:\/\/arneztravel.com.ar\/\",\"logo\":{\"@type\":\"ImageObject\",\"inLanguage\":\"en-US\",\"@id\":\"https:\/\/arneztravel.com.ar\/#\/schema\/logo\/image\/\",\"url\":\"https:\/\/arneztravel.com.ar\/wp-content\/uploads\/2025\/07\/logoarnez.jpg\",\"contentUrl\":\"https:\/\/arneztravel.com.ar\/wp-content\/uploads\/2025\/07\/logoarnez.jpg\",\"width\":167,\"height\":146,\"caption\":\"Agencia de Viajes y Tours en Puerto Madryn Patagonia\"},\"image\":{\"@id\":\"https:\/\/arneztravel.com.ar\/#\/schema\/logo\/image\/\"},\"sameAs\":[\"https:\/\/www.instagram.com\/arneztravel\/\"]}]}<\/script>\n<!-- \/ Yoast SEO Premium plugin. -->","yoast_head_json":{"title":"Camarones y la Costa Patag\u00f3nica: naturaleza, historia | Arnez Travel","description":"Conoc\u00e9 Camarones, una joya escondida de la Costa Patag\u00f3nica. Acantilados, fauna marina, historia galesa y tranquilidad en un destino aut\u00e9ntico. Ideal para escapadas desde Puerto Madryn.","robots":{"index":"index","follow":"follow","max-snippet":"max-snippet:-1","max-image-preview":"max-image-preview:large","max-video-preview":"max-video-preview:-1"},"canonical":"https:\/\/arneztravel.com.ar\/en\/camarones-costa-patagonica\/","og_locale":"en_US","og_type":"article","og_title":"camarones costa patagonica","og_description":"Conoc\u00e9 Camarones, una joya escondida de la Costa Patag\u00f3nica. Acantilados, fauna marina, historia galesa y tranquilidad en un destino aut\u00e9ntico. Ideal para escapadas desde Puerto Madryn.","og_url":"https:\/\/arneztravel.com.ar\/en\/camarones-costa-patagonica\/","og_site_name":"Agencia de Viajes y Tours en Puerto Madryn Patagonia","article_modified_time":"2025-07-04T15:10:29+00:00","og_image":[{"url":"https:\/\/arneztravel.com.ar\/wp-content\/uploads\/2025\/06\/camarones2.jpg","type":"","width":"","height":""}],"twitter_card":"summary_large_image","twitter_misc":{"Est. reading time":"3 minutes"},"schema":{"@context":"https:\/\/schema.org","@graph":[{"@type":"WebPage","@id":"https:\/\/arneztravel.com.ar\/camarones-costa-patagonica\/","url":"https:\/\/arneztravel.com.ar\/camarones-costa-patagonica\/","name":"Camarones y la Costa Patag\u00f3nica: naturaleza, historia | Arnez Travel","isPartOf":{"@id":"https:\/\/arneztravel.com.ar\/#website"},"primaryImageOfPage":{"@id":"https:\/\/arneztravel.com.ar\/camarones-costa-patagonica\/#primaryimage"},"image":{"@id":"https:\/\/arneztravel.com.ar\/camarones-costa-patagonica\/#primaryimage"},"thumbnailUrl":"https:\/\/arneztravel.com.ar\/wp-content\/uploads\/2025\/06\/camarones2.jpg","datePublished":"2025-06-23T19:11:41+00:00","dateModified":"2025-07-04T15:10:29+00:00","description":"Conoc\u00e9 Camarones, una joya escondida de la Costa Patag\u00f3nica. Acantilados, fauna marina, historia galesa y tranquilidad en un destino aut\u00e9ntico. Ideal para escapadas desde Puerto Madryn.","breadcrumb":{"@id":"https:\/\/arneztravel.com.ar\/camarones-costa-patagonica\/#breadcrumb"},"inLanguage":"en-US","potentialAction":[{"@type":"ReadAction","target":["https:\/\/arneztravel.com.ar\/camarones-costa-patagonica\/"]}]},{"@type":"ImageObject","inLanguage":"en-US","@id":"https:\/\/arneztravel.com.ar\/camarones-costa-patagonica\/#primaryimage","url":"https:\/\/arneztravel.com.ar\/wp-content\/uploads\/2025\/06\/camarones2.jpg","contentUrl":"https:\/\/arneztravel.com.ar\/wp-content\/uploads\/2025\/06\/camarones2.jpg"},{"@type":"BreadcrumbList","@id":"https:\/\/arneztravel.com.ar\/camarones-costa-patagonica\/#breadcrumb","itemListElement":[{"@type":"ListItem","position":1,"name":"Inicio","item":"https:\/\/arneztravel.com.ar\/"},{"@type":"ListItem","position":2,"name":"camarones costa patagonica"}]},{"@type":"WebSite","@id":"https:\/\/arneztravel.com.ar\/#website","url":"https:\/\/arneztravel.com.ar\/","name":"Agencia de Viajes y Tours en Puerto Madryn Patagonia","description":"","publisher":{"@id":"https:\/\/arneztravel.com.ar\/#organization"},"potentialAction":[{"@type":"SearchAction","target":{"@type":"EntryPoint","urlTemplate":"https:\/\/arneztravel.com.ar\/?s={search_term_string}"},"query-input":{"@type":"PropertyValueSpecification","valueRequired":true,"valueName":"search_term_string"}}],"inLanguage":"en-US"},{"@type":"Organization","@id":"https:\/\/arneztravel.com.ar\/#organization","name":"Agencia de Viajes y Tours en Puerto Madryn Patagonia","url":"https:\/\/arneztravel.com.ar\/","logo":{"@type":"ImageObject","inLanguage":"en-US","@id":"https:\/\/arneztravel.com.ar\/#\/schema\/logo\/image\/","url":"https:\/\/arneztravel.com.ar\/wp-content\/uploads\/2025\/07\/logoarnez.jpg","contentUrl":"https:\/\/arneztravel.com.ar\/wp-content\/uploads\/2025\/07\/logoarnez.jpg","width":167,"height":146,"caption":"Agencia de Viajes y Tours en Puerto Madryn Patagonia"},"image":{"@id":"https:\/\/arneztravel.com.ar\/#\/schema\/logo\/image\/"},"sameAs":["https:\/\/www.instagram.com\/arneztravel\/"]}]}},"_links":{"self":[{"href":"https:\/\/arneztravel.com.ar\/en\/wp-json\/wp\/v2\/pages\/448","targetHints":{"allow":["GET"]}}],"collection":[{"href":"https:\/\/arneztravel.com.ar\/en\/wp-json\/wp\/v2\/pages"}],"about":[{"href":"https:\/\/arneztravel.com.ar\/en\/wp-json\/wp\/v2\/types\/page"}],"author":[{"embeddable":true,"href":"https:\/\/arneztravel.com.ar\/en\/wp-json\/wp\/v2\/users\/1"}],"replies":[{"embeddable":true,"href":"https:\/\/arneztravel.com.ar\/en\/wp-json\/wp\/v2\/comments?post=448"}],"version-history":[{"count":0,"href":"https:\/\/arneztravel.com.ar\/en\/wp-json\/wp\/v2\/pages\/448\/revisions"}],"wp:attachment":[{"href":"https:\/\/arneztravel.com.ar\/en\/wp-json\/wp\/v2\/media?parent=448"}],"curies":[{"name":"wp","href":"https:\/\/api.w.org\/{rel}","templated":true}]}}