{"id":444,"date":"2025-06-23T19:10:11","date_gmt":"2025-06-23T19:10:11","guid":{"rendered":"https:\/\/arneztravel.com.ar\/?page_id=444"},"modified":"2025-07-01T22:54:39","modified_gmt":"2025-07-01T22:54:39","slug":"que-hacer-si-llegas-en-crucero","status":"publish","type":"page","link":"https:\/\/arneztravel.com.ar\/en\/que-hacer-si-llegas-en-crucero\/","title":{"rendered":"que hacer si llegas en crucero"},"content":{"rendered":"<div data-elementor-type=\"wp-page\" data-elementor-id=\"444\" class=\"elementor elementor-444\" data-elementor-post-type=\"page\">\n\t\t\t\t<div class=\"elementor-element elementor-element-c3b160d e-flex e-con-boxed e-con e-parent\" data-id=\"c3b160d\" data-element_type=\"container\" data-e-type=\"container\">\n\t\t\t\t\t<div class=\"e-con-inner\">\n\t\t\t\t<div class=\"elementor-element elementor-element-def02a5 elementor-widget elementor-widget-heading\" data-id=\"def02a5\" data-element_type=\"widget\" data-e-type=\"widget\" data-widget_type=\"heading.default\">\n\t\t\t\t<div class=\"elementor-widget-container\">\n\t\t\t\t\t<h2 class=\"elementor-heading-title elementor-size-default\">\u00bfQu\u00e9 hacer si lleg\u00e1s a Puerto Madryn en crucero?<\/h2>\t\t\t\t<\/div>\n\t\t\t\t<\/div>\n\t\t\t\t\t<\/div>\n\t\t\t\t<\/div>\n\t\t<div class=\"elementor-element elementor-element-7713db3 e-flex e-con-boxed e-con e-parent\" data-id=\"7713db3\" data-element_type=\"container\" data-e-type=\"container\">\n\t\t\t\t\t<div class=\"e-con-inner\">\n\t\t\t\t<div class=\"elementor-element elementor-element-9b5a177 elementor-widget elementor-widget-text-editor\" data-id=\"9b5a177\" data-element_type=\"widget\" data-e-type=\"widget\" data-widget_type=\"text-editor.default\">\n\t\t\t\t<div class=\"elementor-widget-container\">\n\t\t\t\t\t\t\t\t\t<p>Puerto Madryn es uno de los destinos m\u00e1s destacados del litoral patag\u00f3nico argentino, y una parada imperdible para quienes recorren Sudam\u00e9rica en crucero. A pesar del tiempo limitado en tierra, hay una gran variedad de excursiones y experiencias que permiten conocer lo mejor de esta regi\u00f3n en pocas horas. En esta gu\u00eda te contamos qu\u00e9 pod\u00e9s hacer, c\u00f3mo organizarte y qu\u00e9 tener en cuenta para que tu visita sea inolvidable.<\/p>\t\t\t\t\t\t\t\t<\/div>\n\t\t\t\t<\/div>\n\t\t\t\t\t<\/div>\n\t\t\t\t<\/div>\n\t\t<div class=\"elementor-element elementor-element-9512e1b e-con-full e-flex e-con e-parent\" data-id=\"9512e1b\" data-element_type=\"container\" data-e-type=\"container\">\n\t\t\t\t<div class=\"elementor-element elementor-element-bb8b86c elementor-widget__width-initial elementor-widget-mobile__width-initial elementor-widget elementor-widget-image\" data-id=\"bb8b86c\" data-element_type=\"widget\" data-e-type=\"widget\" data-widget_type=\"image.default\">\n\t\t\t\t<div class=\"elementor-widget-container\">\n\t\t\t\t\t\t\t\t\t\t\t\t\t\t\t<img fetchpriority=\"high\" decoding=\"async\" width=\"813\" height=\"472\" src=\"https:\/\/arneztravel.com.ar\/wp-content\/uploads\/2025\/06\/gentebajando.jpg\" class=\"attachment-large size-large wp-image-527\" alt=\"\" srcset=\"https:\/\/arneztravel.com.ar\/wp-content\/uploads\/2025\/06\/gentebajando.jpg 813w, https:\/\/arneztravel.com.ar\/wp-content\/uploads\/2025\/06\/gentebajando-300x174.jpg 300w, https:\/\/arneztravel.com.ar\/wp-content\/uploads\/2025\/06\/gentebajando-768x446.jpg 768w\" sizes=\"(max-width: 813px) 100vw, 813px\" \/>\t\t\t\t\t\t\t\t\t\t\t\t\t\t\t<\/div>\n\t\t\t\t<\/div>\n\t\t\t\t<\/div>\n\t\t<div class=\"elementor-element elementor-element-7382743 e-flex e-con-boxed e-con e-parent\" data-id=\"7382743\" data-element_type=\"container\" data-e-type=\"container\">\n\t\t\t\t\t<div class=\"e-con-inner\">\n\t\t<div class=\"elementor-element elementor-element-4ca0f03 e-con-full e-flex e-con e-child\" data-id=\"4ca0f03\" data-element_type=\"container\" data-e-type=\"container\">\n\t\t<div class=\"elementor-element elementor-element-48955ae e-con-full e-flex e-con e-child\" data-id=\"48955ae\" data-element_type=\"container\" data-e-type=\"container\">\n\t\t\t\t<div class=\"elementor-element elementor-element-b48db16 elementor-widget elementor-widget-heading\" data-id=\"b48db16\" data-element_type=\"widget\" data-e-type=\"widget\" data-widget_type=\"heading.default\">\n\t\t\t\t<div class=\"elementor-widget-container\">\n\t\t\t\t\t<h2 class=\"elementor-heading-title elementor-size-default\">\u00bfCu\u00e1nto tiempo tengo para recorrer?<\/h2>\t\t\t\t<\/div>\n\t\t\t\t<\/div>\n\t\t\t\t<div class=\"elementor-element elementor-element-befad08 elementor-widget elementor-widget-text-editor\" data-id=\"befad08\" data-element_type=\"widget\" data-e-type=\"widget\" data-widget_type=\"text-editor.default\">\n\t\t\t\t<div class=\"elementor-widget-container\">\n\t\t\t\t\t\t\t\t\t<p data-start=\"791\" data-end=\"901\">El tiempo en tierra depende del crucero, pero en general el barco amarra por la ma\u00f1ana y parte por la tarde, dejando entre 6 y 9 horas disponibles para actividades. Esto puede parecer poco, pero alcanza perfectamente para realizar una excursi\u00f3n completa si se organiza bien. Muchas agencias locales \u2014como la nuestra\u2014 dise\u00f1an <strong data-start=\"1158\" data-end=\"1207\">tours especialmente pensados para cruceristas<\/strong>, con salidas puntuales desde el puerto, transporte privado o grupal y regreso garantizado antes del horario de embarque. Es clave <strong data-start=\"1338\" data-end=\"1367\">reservar con anticipaci\u00f3n<\/strong>, sobre todo en temporada alta, para asegurarte un lugar y evitar imprevistos.<\/p>\t\t\t\t\t\t\t\t<\/div>\n\t\t\t\t<\/div>\n\t\t\t\t<\/div>\n\t\t<div class=\"elementor-element elementor-element-20475e5 e-con-full e-flex e-con e-child\" data-id=\"20475e5\" data-element_type=\"container\" data-e-type=\"container\">\n\t\t\t\t<div class=\"elementor-element elementor-element-95d9341 elementor-widget elementor-widget-heading\" data-id=\"95d9341\" data-element_type=\"widget\" data-e-type=\"widget\" data-widget_type=\"heading.default\">\n\t\t\t\t<div class=\"elementor-widget-container\">\n\t\t\t\t\t<h2 class=\"elementor-heading-title elementor-size-default\">Ver fauna patag\u00f3nica en su h\u00e1bitat natural<\/h2>\t\t\t\t<\/div>\n\t\t\t\t<\/div>\n\t\t\t\t<div class=\"elementor-element elementor-element-22c3b32 elementor-widget elementor-widget-text-editor\" data-id=\"22c3b32\" data-element_type=\"widget\" data-e-type=\"widget\" data-widget_type=\"text-editor.default\">\n\t\t\t\t<div class=\"elementor-widget-container\">\n\t\t\t\t\t\t\t\t\t<ul><li data-start=\"1279\" data-end=\"1433\"><p data-start=\"1503\" data-end=\"1700\">Una de las principales razones por las que los viajeros eligen Puerto Madryn es la <strong data-start=\"1586\" data-end=\"1615\">incre\u00edble fauna silvestre<\/strong> que puede observarse cerca de la ciudad. Dependiendo de la \u00e9poca del a\u00f1o, pod\u00e9s ver:<\/p><ul data-start=\"1701\" data-end=\"1902\"><li data-start=\"1701\" data-end=\"1756\"><p data-start=\"1703\" data-end=\"1756\"><strong data-start=\"1703\" data-end=\"1733\">Ballenas francas australes<\/strong> (de junio a diciembre)<\/p><\/li><li data-start=\"1757\" data-end=\"1810\"><p data-start=\"1759\" data-end=\"1810\"><strong data-start=\"1759\" data-end=\"1786\">Ping\u00fcinos de Magallanes<\/strong> (de septiembre a marzo)<\/p><\/li><li data-start=\"1811\" data-end=\"1842\"><p data-start=\"1813\" data-end=\"1842\"><strong data-start=\"1813\" data-end=\"1842\">Elefantes y lobos marinos<\/strong><\/p><\/li><li data-start=\"1843\" data-end=\"1902\"><p data-start=\"1845\" data-end=\"1902\"><strong data-start=\"1845\" data-end=\"1874\">Guanacos, maras, choiques<\/strong> y otras especies aut\u00f3ctonas<\/p><\/li><\/ul><p data-start=\"1904\" data-end=\"2308\">Una excursi\u00f3n cl\u00e1sica para cruceristas es la visita a <strong data-start=\"1958\" data-end=\"1978\">Pen\u00ednsula Vald\u00e9s<\/strong>, un \u00e1rea natural protegida declarada Patrimonio de la Humanidad. Tambi\u00e9n pod\u00e9s optar por <strong data-start=\"2068\" data-end=\"2083\">Punta Tombo<\/strong>, la mayor colonia continental de ping\u00fcinos en Sudam\u00e9rica. Estas excursiones est\u00e1n pensadas para que puedas ver animales en libertad, en su ambiente natural, con gu\u00edas especializados y sin poner en riesgo tu regreso al barco.<\/p><\/li><\/ul>\t\t\t\t\t\t\t\t<\/div>\n\t\t\t\t<\/div>\n\t\t\t\t<\/div>\n\t\t<div class=\"elementor-element elementor-element-655cf3a e-con-full e-flex e-con e-child\" data-id=\"655cf3a\" data-element_type=\"container\" data-e-type=\"container\">\n\t\t\t\t<div class=\"elementor-element elementor-element-0628468 elementor-widget elementor-widget-heading\" data-id=\"0628468\" data-element_type=\"widget\" data-e-type=\"widget\" data-widget_type=\"heading.default\">\n\t\t\t\t<div class=\"elementor-widget-container\">\n\t\t\t\t\t<h2 class=\"elementor-heading-title elementor-size-default\"> Snorkel con lobos marinos: aventura \u00fanica<\/h2>\t\t\t\t<\/div>\n\t\t\t\t<\/div>\n\t\t\t\t<div class=\"elementor-element elementor-element-a351e18 elementor-widget elementor-widget-text-editor\" data-id=\"a351e18\" data-element_type=\"widget\" data-e-type=\"widget\" data-widget_type=\"text-editor.default\">\n\t\t\t\t<div class=\"elementor-widget-container\">\n\t\t\t\t\t\t\t\t\t<ul data-start=\"1731\" data-end=\"2064\"><li data-start=\"1731\" data-end=\"1833\"><p data-start=\"1441\" data-end=\"1742\">Para los viajeros m\u00e1s activos, <strong data-start=\"2396\" data-end=\"2431\">hacer snorkel con lobos marinos<\/strong> es una experiencia que no se olvida. La actividad se realiza en la <strong data-start=\"2499\" data-end=\"2524\">Reserva de Punta Loma<\/strong>, a pocos minutos del centro de la ciudad. Es una excursi\u00f3n segura, guiada por profesionales, donde nad\u00e1s con trajes de neopreno cerca de estos animales curiosos y juguetones.<br data-start=\"2699\" data-end=\"2702\" \/>La experiencia completa (traslados, briefing, equipamiento, tiempo en el agua) dura aproximadamente 2 a 3 horas, por lo que es <strong data-start=\"2829\" data-end=\"2883\">perfectamente compatible con una escala de crucero<\/strong>, siempre y cuando est\u00e9 bien coordinada. Es una de las actividades m\u00e1s valoradas por quienes buscan algo distinto en su paso por la Patagonia.<\/p><\/li><\/ul>\t\t\t\t\t\t\t\t<\/div>\n\t\t\t\t<\/div>\n\t\t\t\t<\/div>\n\t\t<div class=\"elementor-element elementor-element-f651aca e-con-full e-flex e-con e-child\" data-id=\"f651aca\" data-element_type=\"container\" data-e-type=\"container\">\n\t\t\t\t<div class=\"elementor-element elementor-element-339d48c elementor-widget elementor-widget-heading\" data-id=\"339d48c\" data-element_type=\"widget\" data-e-type=\"widget\" data-widget_type=\"heading.default\">\n\t\t\t\t<div class=\"elementor-widget-container\">\n\t\t\t\t\t<h2 class=\"elementor-heading-title elementor-size-default\">Navegaci\u00f3n en Puerto Pir\u00e1mides<\/h2>\t\t\t\t<\/div>\n\t\t\t\t<\/div>\n\t\t\t\t<div class=\"elementor-element elementor-element-03c9398 elementor-widget elementor-widget-text-editor\" data-id=\"03c9398\" data-element_type=\"widget\" data-e-type=\"widget\" data-widget_type=\"text-editor.default\">\n\t\t\t\t<div class=\"elementor-widget-container\">\n\t\t\t\t\t\t\t\t\t<p data-start=\"1930\" data-end=\"1991\">Si lleg\u00e1s entre <strong data-start=\"3087\" data-end=\"3108\">junio y diciembre<\/strong>, pod\u00e9s optar por una <strong data-start=\"3130\" data-end=\"3166\">navegaci\u00f3n para avistar ballenas<\/strong> desde Puerto Pir\u00e1mides, dentro del \u00e1rea de Pen\u00ednsula Vald\u00e9s. Esta excursi\u00f3n consiste en un traslado desde el puerto hasta la villa, una salida embarcada con gu\u00edas naturalistas, y regreso en veh\u00edculo privado o grupal.<br data-start=\"3383\" data-end=\"3386\" \/>En temporada alta, hay salidas cada una o dos horas, y la navegaci\u00f3n dura aproximadamente 1 hora y media. Es <strong data-start=\"3495\" data-end=\"3555\">una de las experiencias m\u00e1s emocionantes de la Patagonia<\/strong>, y est\u00e1 pensada para ajustarse a los horarios del barco. Incluso si no hay ballenas, muchas veces se ven lobos marinos, aves y delfines.<\/p>\t\t\t\t\t\t\t\t<\/div>\n\t\t\t\t<\/div>\n\t\t\t\t<\/div>\n\t\t<div class=\"elementor-element elementor-element-4e3544f e-con-full e-flex e-con e-child\" data-id=\"4e3544f\" data-element_type=\"container\" data-e-type=\"container\">\n\t\t\t\t<div class=\"elementor-element elementor-element-2ccbc6c elementor-widget elementor-widget-heading\" data-id=\"2ccbc6c\" data-element_type=\"widget\" data-e-type=\"widget\" data-widget_type=\"heading.default\">\n\t\t\t\t<div class=\"elementor-widget-container\">\n\t\t\t\t\t<h2 class=\"elementor-heading-title elementor-size-default\">Opciones privadas y grupales para cruceristas<\/h2>\t\t\t\t<\/div>\n\t\t\t\t<\/div>\n\t\t\t\t<div class=\"elementor-element elementor-element-976469e elementor-widget elementor-widget-text-editor\" data-id=\"976469e\" data-element_type=\"widget\" data-e-type=\"widget\" data-widget_type=\"text-editor.default\">\n\t\t\t\t<div class=\"elementor-widget-container\">\n\t\t\t\t\t\t\t\t\t<p data-start=\"2536\" data-end=\"2749\">Las agencias locales ofrecen distintos formatos para adaptarse a cada tipo de viajero. Los <strong data-start=\"3844\" data-end=\"3862\">tours privados<\/strong> est\u00e1n pensados para quienes quieren comodidad, atenci\u00f3n personalizada y mayor control sobre los tiempos. Son ideales para familias, parejas o grupos peque\u00f1os.<br data-start=\"4021\" data-end=\"4024\" \/>Los <strong data-start=\"4028\" data-end=\"4046\">tours grupales<\/strong> son m\u00e1s econ\u00f3micos y permiten compartir la experiencia con otros pasajeros del mismo crucero. Se organizan con gu\u00edas biling\u00fces, transporte autorizado y un itinerario adaptado para optimizar el tiempo disponible. En ambos casos, el punto de partida suele ser <strong data-start=\"4305\" data-end=\"4325\">frente al puerto<\/strong>, para facilitar la salida r\u00e1pida al desembarcar.<\/p>\t\t\t\t\t\t\t\t<\/div>\n\t\t\t\t<\/div>\n\t\t\t\t<\/div>\n\t\t\t\t<\/div>\n\t\t\t\t\t<\/div>\n\t\t\t\t<\/div>\n\t\t\t\t<\/div>","protected":false},"excerpt":{"rendered":"<p>\u00bfQu\u00e9 hacer si lleg\u00e1s a Puerto Madryn en crucero? Puerto Madryn es uno de los destinos m\u00e1s destacados del litoral [&hellip;]<\/p>","protected":false},"author":1,"featured_media":0,"parent":0,"menu_order":0,"comment_status":"closed","ping_status":"closed","template":"","meta":{"site-sidebar-layout":"no-sidebar","site-content-layout":"","ast-site-content-layout":"full-width-container","site-content-style":"default","site-sidebar-style":"default","ast-global-header-display":"","ast-banner-title-visibility":"","ast-main-header-display":"","ast-hfb-above-header-display":"","ast-hfb-below-header-display":"","ast-hfb-mobile-header-display":"","site-post-title":"disabled","ast-breadcrumbs-content":"","ast-featured-img":"disabled","footer-sml-layout":"","theme-transparent-header-meta":"","adv-header-id-meta":"","stick-header-meta":"","header-above-stick-meta":"","header-main-stick-meta":"","header-below-stick-meta":"","astra-migrate-meta-layouts":"default","ast-page-background-enabled":"default","ast-page-background-meta":{"desktop":{"background-color":"var(--ast-global-color-4)","background-image":"","background-repeat":"repeat","background-position":"center center","background-size":"auto","background-attachment":"scroll","background-type":"","background-media":"","overlay-type":"","overlay-color":"","overlay-opacity":"","overlay-gradient":""},"tablet":{"background-color":"","background-image":"","background-repeat":"repeat","background-position":"center center","background-size":"auto","background-attachment":"scroll","background-type":"","background-media":"","overlay-type":"","overlay-color":"","overlay-opacity":"","overlay-gradient":""},"mobile":{"background-color":"","background-image":"","background-repeat":"repeat","background-position":"center center","background-size":"auto","background-attachment":"scroll","background-type":"","background-media":"","overlay-type":"","overlay-color":"","overlay-opacity":"","overlay-gradient":""}},"ast-content-background-meta":{"desktop":{"background-color":"var(--ast-global-color-5)","background-image":"","background-repeat":"repeat","background-position":"center center","background-size":"auto","background-attachment":"scroll","background-type":"","background-media":"","overlay-type":"","overlay-color":"","overlay-opacity":"","overlay-gradient":""},"tablet":{"background-color":"var(--ast-global-color-5)","background-image":"","background-repeat":"repeat","background-position":"center center","background-size":"auto","background-attachment":"scroll","background-type":"","background-media":"","overlay-type":"","overlay-color":"","overlay-opacity":"","overlay-gradient":""},"mobile":{"background-color":"var(--ast-global-color-5)","background-image":"","background-repeat":"repeat","background-position":"center center","background-size":"auto","background-attachment":"scroll","background-type":"","background-media":"","overlay-type":"","overlay-color":"","overlay-opacity":"","overlay-gradient":""}},"footnotes":""},"class_list":["post-444","page","type-page","status-publish","hentry"],"yoast_head":"<!-- This site is optimized with the Yoast SEO Premium plugin v26.2 (Yoast SEO v26.3) - https:\/\/yoast.com\/wordpress\/plugins\/seo\/ -->\n<title>que hacer si llegas en crucero - Agencia de Viajes y Tours en Puerto Madryn Patagonia<\/title>\n<meta name=\"robots\" content=\"index, follow, max-snippet:-1, max-image-preview:large, max-video-preview:-1\" \/>\n<link rel=\"canonical\" href=\"https:\/\/arneztravel.com.ar\/en\/que-hacer-si-llegas-en-crucero\/\" \/>\n<meta property=\"og:locale\" content=\"en_US\" \/>\n<meta property=\"og:type\" content=\"article\" \/>\n<meta property=\"og:title\" content=\"que hacer si llegas en crucero\" \/>\n<meta property=\"og:description\" content=\"\u00bfQu\u00e9 hacer si lleg\u00e1s a Puerto Madryn en crucero? Puerto Madryn es uno de los destinos m\u00e1s destacados del litoral [&hellip;]\" \/>\n<meta property=\"og:url\" content=\"https:\/\/arneztravel.com.ar\/en\/que-hacer-si-llegas-en-crucero\/\" \/>\n<meta property=\"og:site_name\" content=\"Agencia de Viajes y Tours en Puerto Madryn Patagonia\" \/>\n<meta property=\"article:modified_time\" content=\"2025-07-01T22:54:39+00:00\" \/>\n<meta property=\"og:image\" content=\"https:\/\/arneztravel.com.ar\/wp-content\/uploads\/2025\/06\/gentebajando.jpg\" \/>\n\t<meta property=\"og:image:width\" content=\"813\" \/>\n\t<meta property=\"og:image:height\" content=\"472\" \/>\n\t<meta property=\"og:image:type\" content=\"image\/jpeg\" \/>\n<meta name=\"twitter:card\" content=\"summary_large_image\" \/>\n<meta name=\"twitter:label1\" content=\"Est. reading time\" \/>\n\t<meta name=\"twitter:data1\" content=\"4 minutes\" \/>\n<script type=\"application\/ld+json\" class=\"yoast-schema-graph\">{\"@context\":\"https:\/\/schema.org\",\"@graph\":[{\"@type\":\"WebPage\",\"@id\":\"https:\/\/arneztravel.com.ar\/que-hacer-si-llegas-en-crucero\/\",\"url\":\"https:\/\/arneztravel.com.ar\/que-hacer-si-llegas-en-crucero\/\",\"name\":\"que hacer si llegas en crucero - Agencia de Viajes y Tours en Puerto Madryn Patagonia\",\"isPartOf\":{\"@id\":\"https:\/\/arneztravel.com.ar\/#website\"},\"primaryImageOfPage\":{\"@id\":\"https:\/\/arneztravel.com.ar\/que-hacer-si-llegas-en-crucero\/#primaryimage\"},\"image\":{\"@id\":\"https:\/\/arneztravel.com.ar\/que-hacer-si-llegas-en-crucero\/#primaryimage\"},\"thumbnailUrl\":\"https:\/\/arneztravel.com.ar\/wp-content\/uploads\/2025\/06\/gentebajando.jpg\",\"datePublished\":\"2025-06-23T19:10:11+00:00\",\"dateModified\":\"2025-07-01T22:54:39+00:00\",\"breadcrumb\":{\"@id\":\"https:\/\/arneztravel.com.ar\/que-hacer-si-llegas-en-crucero\/#breadcrumb\"},\"inLanguage\":\"en-US\",\"potentialAction\":[{\"@type\":\"ReadAction\",\"target\":[\"https:\/\/arneztravel.com.ar\/que-hacer-si-llegas-en-crucero\/\"]}]},{\"@type\":\"ImageObject\",\"inLanguage\":\"en-US\",\"@id\":\"https:\/\/arneztravel.com.ar\/que-hacer-si-llegas-en-crucero\/#primaryimage\",\"url\":\"https:\/\/arneztravel.com.ar\/wp-content\/uploads\/2025\/06\/gentebajando.jpg\",\"contentUrl\":\"https:\/\/arneztravel.com.ar\/wp-content\/uploads\/2025\/06\/gentebajando.jpg\"},{\"@type\":\"BreadcrumbList\",\"@id\":\"https:\/\/arneztravel.com.ar\/que-hacer-si-llegas-en-crucero\/#breadcrumb\",\"itemListElement\":[{\"@type\":\"ListItem\",\"position\":1,\"name\":\"Inicio\",\"item\":\"https:\/\/arneztravel.com.ar\/\"},{\"@type\":\"ListItem\",\"position\":2,\"name\":\"que hacer si llegas en crucero\"}]},{\"@type\":\"WebSite\",\"@id\":\"https:\/\/arneztravel.com.ar\/#website\",\"url\":\"https:\/\/arneztravel.com.ar\/\",\"name\":\"Agencia de Viajes y Tours en Puerto Madryn Patagonia\",\"description\":\"\",\"publisher\":{\"@id\":\"https:\/\/arneztravel.com.ar\/#organization\"},\"potentialAction\":[{\"@type\":\"SearchAction\",\"target\":{\"@type\":\"EntryPoint\",\"urlTemplate\":\"https:\/\/arneztravel.com.ar\/?s={search_term_string}\"},\"query-input\":{\"@type\":\"PropertyValueSpecification\",\"valueRequired\":true,\"valueName\":\"search_term_string\"}}],\"inLanguage\":\"en-US\"},{\"@type\":\"Organization\",\"@id\":\"https:\/\/arneztravel.com.ar\/#organization\",\"name\":\"Agencia de Viajes y Tours en Puerto Madryn Patagonia\",\"url\":\"https:\/\/arneztravel.com.ar\/\",\"logo\":{\"@type\":\"ImageObject\",\"inLanguage\":\"en-US\",\"@id\":\"https:\/\/arneztravel.com.ar\/#\/schema\/logo\/image\/\",\"url\":\"https:\/\/arneztravel.com.ar\/wp-content\/uploads\/2025\/07\/logoarnez.jpg\",\"contentUrl\":\"https:\/\/arneztravel.com.ar\/wp-content\/uploads\/2025\/07\/logoarnez.jpg\",\"width\":167,\"height\":146,\"caption\":\"Agencia de Viajes y Tours en Puerto Madryn Patagonia\"},\"image\":{\"@id\":\"https:\/\/arneztravel.com.ar\/#\/schema\/logo\/image\/\"},\"sameAs\":[\"https:\/\/www.instagram.com\/arneztravel\/\"]}]}<\/script>\n<!-- \/ Yoast SEO Premium plugin. -->","yoast_head_json":{"title":"que hacer si llegas en crucero - Agencia de Viajes y Tours en Puerto Madryn Patagonia","robots":{"index":"index","follow":"follow","max-snippet":"max-snippet:-1","max-image-preview":"max-image-preview:large","max-video-preview":"max-video-preview:-1"},"canonical":"https:\/\/arneztravel.com.ar\/en\/que-hacer-si-llegas-en-crucero\/","og_locale":"en_US","og_type":"article","og_title":"que hacer si llegas en crucero","og_description":"\u00bfQu\u00e9 hacer si lleg\u00e1s a Puerto Madryn en crucero? Puerto Madryn es uno de los destinos m\u00e1s destacados del litoral [&hellip;]","og_url":"https:\/\/arneztravel.com.ar\/en\/que-hacer-si-llegas-en-crucero\/","og_site_name":"Agencia de Viajes y Tours en Puerto Madryn Patagonia","article_modified_time":"2025-07-01T22:54:39+00:00","og_image":[{"width":813,"height":472,"url":"https:\/\/arneztravel.com.ar\/wp-content\/uploads\/2025\/06\/gentebajando.jpg","type":"image\/jpeg"}],"twitter_card":"summary_large_image","twitter_misc":{"Est. reading time":"4 minutes"},"schema":{"@context":"https:\/\/schema.org","@graph":[{"@type":"WebPage","@id":"https:\/\/arneztravel.com.ar\/que-hacer-si-llegas-en-crucero\/","url":"https:\/\/arneztravel.com.ar\/que-hacer-si-llegas-en-crucero\/","name":"que hacer si llegas en crucero - Agencia de Viajes y Tours en Puerto Madryn Patagonia","isPartOf":{"@id":"https:\/\/arneztravel.com.ar\/#website"},"primaryImageOfPage":{"@id":"https:\/\/arneztravel.com.ar\/que-hacer-si-llegas-en-crucero\/#primaryimage"},"image":{"@id":"https:\/\/arneztravel.com.ar\/que-hacer-si-llegas-en-crucero\/#primaryimage"},"thumbnailUrl":"https:\/\/arneztravel.com.ar\/wp-content\/uploads\/2025\/06\/gentebajando.jpg","datePublished":"2025-06-23T19:10:11+00:00","dateModified":"2025-07-01T22:54:39+00:00","breadcrumb":{"@id":"https:\/\/arneztravel.com.ar\/que-hacer-si-llegas-en-crucero\/#breadcrumb"},"inLanguage":"en-US","potentialAction":[{"@type":"ReadAction","target":["https:\/\/arneztravel.com.ar\/que-hacer-si-llegas-en-crucero\/"]}]},{"@type":"ImageObject","inLanguage":"en-US","@id":"https:\/\/arneztravel.com.ar\/que-hacer-si-llegas-en-crucero\/#primaryimage","url":"https:\/\/arneztravel.com.ar\/wp-content\/uploads\/2025\/06\/gentebajando.jpg","contentUrl":"https:\/\/arneztravel.com.ar\/wp-content\/uploads\/2025\/06\/gentebajando.jpg"},{"@type":"BreadcrumbList","@id":"https:\/\/arneztravel.com.ar\/que-hacer-si-llegas-en-crucero\/#breadcrumb","itemListElement":[{"@type":"ListItem","position":1,"name":"Inicio","item":"https:\/\/arneztravel.com.ar\/"},{"@type":"ListItem","position":2,"name":"que hacer si llegas en crucero"}]},{"@type":"WebSite","@id":"https:\/\/arneztravel.com.ar\/#website","url":"https:\/\/arneztravel.com.ar\/","name":"Agencia de Viajes y Tours en Puerto Madryn Patagonia","description":"","publisher":{"@id":"https:\/\/arneztravel.com.ar\/#organization"},"potentialAction":[{"@type":"SearchAction","target":{"@type":"EntryPoint","urlTemplate":"https:\/\/arneztravel.com.ar\/?s={search_term_string}"},"query-input":{"@type":"PropertyValueSpecification","valueRequired":true,"valueName":"search_term_string"}}],"inLanguage":"en-US"},{"@type":"Organization","@id":"https:\/\/arneztravel.com.ar\/#organization","name":"Agencia de Viajes y Tours en Puerto Madryn Patagonia","url":"https:\/\/arneztravel.com.ar\/","logo":{"@type":"ImageObject","inLanguage":"en-US","@id":"https:\/\/arneztravel.com.ar\/#\/schema\/logo\/image\/","url":"https:\/\/arneztravel.com.ar\/wp-content\/uploads\/2025\/07\/logoarnez.jpg","contentUrl":"https:\/\/arneztravel.com.ar\/wp-content\/uploads\/2025\/07\/logoarnez.jpg","width":167,"height":146,"caption":"Agencia de Viajes y Tours en Puerto Madryn Patagonia"},"image":{"@id":"https:\/\/arneztravel.com.ar\/#\/schema\/logo\/image\/"},"sameAs":["https:\/\/www.instagram.com\/arneztravel\/"]}]}},"_links":{"self":[{"href":"https:\/\/arneztravel.com.ar\/en\/wp-json\/wp\/v2\/pages\/444","targetHints":{"allow":["GET"]}}],"collection":[{"href":"https:\/\/arneztravel.com.ar\/en\/wp-json\/wp\/v2\/pages"}],"about":[{"href":"https:\/\/arneztravel.com.ar\/en\/wp-json\/wp\/v2\/types\/page"}],"author":[{"embeddable":true,"href":"https:\/\/arneztravel.com.ar\/en\/wp-json\/wp\/v2\/users\/1"}],"replies":[{"embeddable":true,"href":"https:\/\/arneztravel.com.ar\/en\/wp-json\/wp\/v2\/comments?post=444"}],"version-history":[{"count":0,"href":"https:\/\/arneztravel.com.ar\/en\/wp-json\/wp\/v2\/pages\/444\/revisions"}],"wp:attachment":[{"href":"https:\/\/arneztravel.com.ar\/en\/wp-json\/wp\/v2\/media?parent=444"}],"curies":[{"name":"wp","href":"https:\/\/api.w.org\/{rel}","templated":true}]}}