{"id":440,"date":"2025-06-23T19:05:44","date_gmt":"2025-06-23T19:05:44","guid":{"rendered":"https:\/\/arneztravel.com.ar\/?page_id=440"},"modified":"2025-06-30T13:14:40","modified_gmt":"2025-06-30T13:14:40","slug":"punta-tombo-blog","status":"publish","type":"page","link":"https:\/\/arneztravel.com.ar\/en\/punta-tombo-blog\/","title":{"rendered":"Punta tombo blog"},"content":{"rendered":"<div data-elementor-type=\"wp-page\" data-elementor-id=\"440\" class=\"elementor elementor-440\" data-elementor-post-type=\"page\">\n\t\t\t\t<div class=\"elementor-element elementor-element-54d6b87 e-flex e-con-boxed e-con e-parent\" data-id=\"54d6b87\" data-element_type=\"container\" data-e-type=\"container\">\n\t\t\t\t\t<div class=\"e-con-inner\">\n\t\t\t\t<div class=\"elementor-element elementor-element-646d183 elementor-widget elementor-widget-heading\" data-id=\"646d183\" data-element_type=\"widget\" data-e-type=\"widget\" data-widget_type=\"heading.default\">\n\t\t\t\t<div class=\"elementor-widget-container\">\n\t\t\t\t\t<h2 class=\"elementor-heading-title elementor-size-default\">Punta Tombo: el para\u00edso de los ping\u00fcinos<\/h2>\t\t\t\t<\/div>\n\t\t\t\t<\/div>\n\t\t\t\t\t<\/div>\n\t\t\t\t<\/div>\n\t\t<div class=\"elementor-element elementor-element-464a9ee e-flex e-con-boxed e-con e-parent\" data-id=\"464a9ee\" data-element_type=\"container\" data-e-type=\"container\">\n\t\t\t\t\t<div class=\"e-con-inner\">\n\t\t\t\t<div class=\"elementor-element elementor-element-f7d189c elementor-widget elementor-widget-text-editor\" data-id=\"f7d189c\" data-element_type=\"widget\" data-e-type=\"widget\" data-widget_type=\"text-editor.default\">\n\t\t\t\t<div class=\"elementor-widget-container\">\n\t\t\t\t\t\t\t\t\t<p>Punta Tombo es una de las reservas naturales m\u00e1s espectaculares de Argentina. Ubicada a unos 180 km de Puerto Madryn, es el hogar de <strong data-start=\"415\" data-end=\"489\">la colonia continental de ping\u00fcinos de Magallanes m\u00e1s grande del mundo<\/strong>. Visitarla es una experiencia inolvidable para grandes y chicos.<\/p>\t\t\t\t\t\t\t\t<\/div>\n\t\t\t\t<\/div>\n\t\t\t\t\t<\/div>\n\t\t\t\t<\/div>\n\t\t<div class=\"elementor-element elementor-element-b90b4b2 e-con-full e-flex e-con e-parent\" data-id=\"b90b4b2\" data-element_type=\"container\" data-e-type=\"container\">\n\t\t\t\t<div class=\"elementor-element elementor-element-450b0a8 elementor-widget__width-initial elementor-widget elementor-widget-image\" data-id=\"450b0a8\" data-element_type=\"widget\" data-e-type=\"widget\" data-widget_type=\"image.default\">\n\t\t\t\t<div class=\"elementor-widget-container\">\n\t\t\t\t\t\t\t\t\t\t\t\t\t\t\t<img decoding=\"async\" data-src=\"https:\/\/arneztravel.com.ar\/wp-content\/uploads\/2025\/06\/tombo3.jpg\" title=\"\" alt=\"\" src=\"data:image\/svg+xml;base64,PHN2ZyB3aWR0aD0iMSIgaGVpZ2h0PSIxIiB4bWxucz0iaHR0cDovL3d3dy53My5vcmcvMjAwMC9zdmciPjwvc3ZnPg==\" class=\"lazyload\" \/>\t\t\t\t\t\t\t\t\t\t\t\t\t\t\t<\/div>\n\t\t\t\t<\/div>\n\t\t\t\t<\/div>\n\t\t<div class=\"elementor-element elementor-element-f261eea e-flex e-con-boxed e-con e-parent\" data-id=\"f261eea\" data-element_type=\"container\" data-e-type=\"container\">\n\t\t\t\t\t<div class=\"e-con-inner\">\n\t\t<div class=\"elementor-element elementor-element-8cc2925 e-con-full e-flex e-con e-child\" data-id=\"8cc2925\" data-element_type=\"container\" data-e-type=\"container\">\n\t\t<div class=\"elementor-element elementor-element-ba1a698 e-con-full e-flex e-con e-child\" data-id=\"ba1a698\" data-element_type=\"container\" data-e-type=\"container\">\n\t\t\t\t<div class=\"elementor-element elementor-element-273c842 elementor-widget elementor-widget-heading\" data-id=\"273c842\" data-element_type=\"widget\" data-e-type=\"widget\" data-widget_type=\"heading.default\">\n\t\t\t\t<div class=\"elementor-widget-container\">\n\t\t\t\t\t<h2 class=\"elementor-heading-title elementor-size-default\">\u00bfD\u00f3nde queda Punta Tombo?<\/h2>\t\t\t\t<\/div>\n\t\t\t\t<\/div>\n\t\t\t\t<div class=\"elementor-element elementor-element-1826310 elementor-widget elementor-widget-text-editor\" data-id=\"1826310\" data-element_type=\"widget\" data-e-type=\"widget\" data-widget_type=\"text-editor.default\">\n\t\t\t\t<div class=\"elementor-widget-container\">\n\t\t\t\t\t\t\t\t\t<p data-start=\"791\" data-end=\"901\">La reserva se encuentra en la costa atl\u00e1ntica de la provincia de Chubut. Desde Puerto Madryn, el viaje en veh\u00edculo toma aproximadamente 2 horas y media. El camino est\u00e1 en muy buen estado y atraviesa paisajes t\u00edpicos de la estepa patag\u00f3nica, donde es com\u00fan ver guanacos, choiques y maras.<\/p>\t\t\t\t\t\t\t\t<\/div>\n\t\t\t\t<\/div>\n\t\t\t\t<\/div>\n\t\t<div class=\"elementor-element elementor-element-6c0cb2a e-con-full e-flex e-con e-child\" data-id=\"6c0cb2a\" data-element_type=\"container\" data-e-type=\"container\">\n\t\t\t\t<div class=\"elementor-element elementor-element-de620d5 elementor-widget elementor-widget-heading\" data-id=\"de620d5\" data-element_type=\"widget\" data-e-type=\"widget\" data-widget_type=\"heading.default\">\n\t\t\t\t<div class=\"elementor-widget-container\">\n\t\t\t\t\t<h2 class=\"elementor-heading-title elementor-size-default\">\u00bfCu\u00e1ndo ver ping\u00fcinos en Punta Tombo?<\/h2>\t\t\t\t<\/div>\n\t\t\t\t<\/div>\n\t\t\t\t<div class=\"elementor-element elementor-element-2df5b73 elementor-widget elementor-widget-text-editor\" data-id=\"2df5b73\" data-element_type=\"widget\" data-e-type=\"widget\" data-widget_type=\"text-editor.default\">\n\t\t\t\t<div class=\"elementor-widget-container\">\n\t\t\t\t\t\t\t\t\t<ul><li data-start=\"1279\" data-end=\"1433\"><p data-start=\"935\" data-end=\"1299\">La temporada de ping\u00fcinos comienza en <strong data-start=\"973\" data-end=\"987\">septiembre<\/strong>, cuando las primeras aves llegan a la costa para aparearse. El momento de mayor actividad es entre <strong data-start=\"1087\" data-end=\"1108\">octubre y febrero<\/strong>, cuando se produce el nacimiento de las cr\u00edas, la alimentaci\u00f3n y los primeros pasos de los pichones.<br data-start=\"1209\" data-end=\"1212\" \/>En <strong data-start=\"1215\" data-end=\"1232\">marzo y abril<\/strong> ya comienzan a emigrar, pero a\u00fan se pueden ver algunos ejemplares.<\/p><\/li><li data-start=\"1279\" data-end=\"1433\"><p data-start=\"935\" data-end=\"1299\"><span style=\"font-size: 16.5px; font-style: inherit; font-weight: inherit; color: #334155; letter-spacing: 0px;\">\u00a0Si quer\u00e9s ver la colonia en su m\u00e1ximo esplendor, los meses ideales son <\/span><strong style=\"font-size: 16.5px; font-style: inherit; color: #334155; letter-spacing: 0px;\" data-start=\"1377\" data-end=\"1402\">noviembre y diciembre<\/strong><span style=\"font-size: 16.5px; font-style: inherit; font-weight: inherit; color: #334155; letter-spacing: 0px;\">.<\/span><\/p><\/li><\/ul>\t\t\t\t\t\t\t\t<\/div>\n\t\t\t\t<\/div>\n\t\t\t\t<\/div>\n\t\t<div class=\"elementor-element elementor-element-af56bab e-con-full e-flex e-con e-child\" data-id=\"af56bab\" data-element_type=\"container\" data-e-type=\"container\">\n\t\t\t\t<div class=\"elementor-element elementor-element-a0444c4 elementor-widget elementor-widget-heading\" data-id=\"a0444c4\" data-element_type=\"widget\" data-e-type=\"widget\" data-widget_type=\"heading.default\">\n\t\t\t\t<div class=\"elementor-widget-container\">\n\t\t\t\t\t<h2 class=\"elementor-heading-title elementor-size-default\">\u00bfC\u00f3mo es la visita?<\/h2>\t\t\t\t<\/div>\n\t\t\t\t<\/div>\n\t\t\t\t<div class=\"elementor-element elementor-element-14ad563 elementor-widget elementor-widget-text-editor\" data-id=\"14ad563\" data-element_type=\"widget\" data-e-type=\"widget\" data-widget_type=\"text-editor.default\">\n\t\t\t\t<div class=\"elementor-widget-container\">\n\t\t\t\t\t\t\t\t\t<ul data-start=\"1731\" data-end=\"2064\"><li data-start=\"1731\" data-end=\"1833\"><p data-start=\"1441\" data-end=\"1742\">El sendero dentro de la reserva est\u00e1 perfectamente se\u00f1alizado y permite caminar entre los nidos sin interferir con los animales.<br data-start=\"1569\" data-end=\"1572\" \/>Est\u00e1s literalmente <strong data-start=\"1591\" data-end=\"1625\">a cent\u00edmetros de los ping\u00fcinos<\/strong>, que se mueven libremente y sin temor. Es fundamental <strong data-start=\"1680\" data-end=\"1713\">respetar las normas del lugar<\/strong>, no tocarlos ni molestarlos.<\/p><p data-start=\"1744\" data-end=\"1886\">La visita se puede hacer con gu\u00eda o por cuenta propia. El ingreso es pago y el predio cuenta con ba\u00f1os, centro de interpretaci\u00f3n y confiter\u00eda.<\/p><\/li><\/ul>\t\t\t\t\t\t\t\t<\/div>\n\t\t\t\t<\/div>\n\t\t\t\t<\/div>\n\t\t<div class=\"elementor-element elementor-element-58e90dd e-con-full e-flex e-con e-child\" data-id=\"58e90dd\" data-element_type=\"container\" data-e-type=\"container\">\n\t\t\t\t<div class=\"elementor-element elementor-element-4ba6c00 elementor-widget elementor-widget-heading\" data-id=\"4ba6c00\" data-element_type=\"widget\" data-e-type=\"widget\" data-widget_type=\"heading.default\">\n\t\t\t\t<div class=\"elementor-widget-container\">\n\t\t\t\t\t<h2 class=\"elementor-heading-title elementor-size-default\">Recomendaciones y consejos<\/h2>\t\t\t\t<\/div>\n\t\t\t\t<\/div>\n\t\t\t\t<div class=\"elementor-element elementor-element-7cdaf4d elementor-widget elementor-widget-text-editor\" data-id=\"7cdaf4d\" data-element_type=\"widget\" data-e-type=\"widget\" data-widget_type=\"text-editor.default\">\n\t\t\t\t<div class=\"elementor-widget-container\">\n\t\t\t\t\t\t\t\t\t<ul><li data-start=\"2219\" data-end=\"2316\"><ul><li data-start=\"1928\" data-end=\"1991\"><p data-start=\"1930\" data-end=\"1991\">Llev\u00e1 gorra, protector solar y agua: no hay sombra natural.<\/p><\/li><li data-start=\"1992\" data-end=\"2028\"><p data-start=\"1994\" data-end=\"2028\">Us\u00e1 calzado c\u00f3modo para caminar.<\/p><\/li><li data-start=\"2029\" data-end=\"2074\"><p data-start=\"2031\" data-end=\"2074\">No uses flash ni molestes a los animales.<\/p><\/li><li data-start=\"2075\" data-end=\"2134\"><p data-start=\"2077\" data-end=\"2134\">Si vas por tu cuenta, cheque\u00e1 los horarios de apertura.<\/p><\/li><li data-start=\"2135\" data-end=\"2188\"><p data-start=\"2137\" data-end=\"2188\"><strong data-start=\"2137\" data-end=\"2153\">C\u00e1mara lista<\/strong>: \u00a1vas a querer sacar muchas fotos!<\/p><\/li><\/ul><\/li><\/ul>\t\t\t\t\t\t\t\t<\/div>\n\t\t\t\t<\/div>\n\t\t\t\t<\/div>\n\t\t<div class=\"elementor-element elementor-element-4f0760f e-con-full e-flex e-con e-child\" data-id=\"4f0760f\" data-element_type=\"container\" data-e-type=\"container\">\n\t\t\t\t<div class=\"elementor-element elementor-element-10a8aa4 elementor-widget elementor-widget-heading\" data-id=\"10a8aa4\" data-element_type=\"widget\" data-e-type=\"widget\" data-widget_type=\"heading.default\">\n\t\t\t\t<div class=\"elementor-widget-container\">\n\t\t\t\t\t<h2 class=\"elementor-heading-title elementor-size-default\">\u00bfVale la pena visitar Punta Tombo?<\/h2>\t\t\t\t<\/div>\n\t\t\t\t<\/div>\n\t\t\t\t<div class=\"elementor-element elementor-element-fb2ec14 elementor-widget elementor-widget-text-editor\" data-id=\"fb2ec14\" data-element_type=\"widget\" data-e-type=\"widget\" data-widget_type=\"text-editor.default\">\n\t\t\t\t<div class=\"elementor-widget-container\">\n\t\t\t\t\t\t\t\t\t<p data-start=\"2536\" data-end=\"2749\">\u00a1Totalmente! Es una excursi\u00f3n imperdible si am\u00e1s la naturaleza y quer\u00e9s vivir un <strong data-start=\"2316\" data-end=\"2360\">contacto directo con la fauna patag\u00f3nica<\/strong>.<br data-start=\"2361\" data-end=\"2364\" \/>Tanto si viaj\u00e1s en familia, en pareja o solo, es uno de los recuerdos m\u00e1s memorables que pod\u00e9s llevarte de tu paso por Puerto Madryn.<\/p>\t\t\t\t\t\t\t\t<\/div>\n\t\t\t\t<\/div>\n\t\t\t\t<\/div>\n\t\t\t\t<\/div>\n\t\t\t\t\t<\/div>\n\t\t\t\t<\/div>\n\t\t\t\t<\/div>","protected":false},"excerpt":{"rendered":"<p>Punta Tombo: el para\u00edso de los ping\u00fcinos Punta Tombo es una de las reservas naturales m\u00e1s espectaculares de Argentina. Ubicada [&hellip;]<\/p>","protected":false},"author":1,"featured_media":0,"parent":0,"menu_order":0,"comment_status":"closed","ping_status":"closed","template":"","meta":{"site-sidebar-layout":"no-sidebar","site-content-layout":"","ast-site-content-layout":"full-width-container","site-content-style":"default","site-sidebar-style":"default","ast-global-header-display":"","ast-banner-title-visibility":"","ast-main-header-display":"","ast-hfb-above-header-display":"","ast-hfb-below-header-display":"","ast-hfb-mobile-header-display":"","site-post-title":"disabled","ast-breadcrumbs-content":"","ast-featured-img":"disabled","footer-sml-layout":"","theme-transparent-header-meta":"","adv-header-id-meta":"","stick-header-meta":"","header-above-stick-meta":"","header-main-stick-meta":"","header-below-stick-meta":"","astra-migrate-meta-layouts":"default","ast-page-background-enabled":"default","ast-page-background-meta":{"desktop":{"background-color":"var(--ast-global-color-4)","background-image":"","background-repeat":"repeat","background-position":"center center","background-size":"auto","background-attachment":"scroll","background-type":"","background-media":"","overlay-type":"","overlay-color":"","overlay-opacity":"","overlay-gradient":""},"tablet":{"background-color":"","background-image":"","background-repeat":"repeat","background-position":"center center","background-size":"auto","background-attachment":"scroll","background-type":"","background-media":"","overlay-type":"","overlay-color":"","overlay-opacity":"","overlay-gradient":""},"mobile":{"background-color":"","background-image":"","background-repeat":"repeat","background-position":"center center","background-size":"auto","background-attachment":"scroll","background-type":"","background-media":"","overlay-type":"","overlay-color":"","overlay-opacity":"","overlay-gradient":""}},"ast-content-background-meta":{"desktop":{"background-color":"var(--ast-global-color-5)","background-image":"","background-repeat":"repeat","background-position":"center center","background-size":"auto","background-attachment":"scroll","background-type":"","background-media":"","overlay-type":"","overlay-color":"","overlay-opacity":"","overlay-gradient":""},"tablet":{"background-color":"var(--ast-global-color-5)","background-image":"","background-repeat":"repeat","background-position":"center center","background-size":"auto","background-attachment":"scroll","background-type":"","background-media":"","overlay-type":"","overlay-color":"","overlay-opacity":"","overlay-gradient":""},"mobile":{"background-color":"var(--ast-global-color-5)","background-image":"","background-repeat":"repeat","background-position":"center center","background-size":"auto","background-attachment":"scroll","background-type":"","background-media":"","overlay-type":"","overlay-color":"","overlay-opacity":"","overlay-gradient":""}},"footnotes":""},"class_list":["post-440","page","type-page","status-publish","hentry"],"yoast_head":"<!-- This site is optimized with the Yoast SEO Premium plugin v26.2 (Yoast SEO v26.3) - https:\/\/yoast.com\/wordpress\/plugins\/seo\/ -->\n<title>Punta tombo blog - Agencia de Viajes y Tours en Puerto Madryn Patagonia Punta Tombo: ping\u00fcinos en la costa patag\u00f3nica<\/title>\n<meta name=\"description\" content=\"Descubr\u00ed Punta Tombo, hogar de miles de ping\u00fcinos de Magallanes. Conoc\u00e9 la mejor \u00e9poca para visitarlo, c\u00f3mo llegar y qu\u00e9 esperar de esta experiencia inolvidable.\" \/>\n<meta name=\"robots\" content=\"index, follow, max-snippet:-1, max-image-preview:large, max-video-preview:-1\" \/>\n<link rel=\"canonical\" href=\"https:\/\/arneztravel.com.ar\/en\/punta-tombo-blog\/\" \/>\n<meta property=\"og:locale\" content=\"en_US\" \/>\n<meta property=\"og:type\" content=\"article\" \/>\n<meta property=\"og:title\" content=\"Punta tombo blog\" \/>\n<meta property=\"og:description\" content=\"Descubr\u00ed Punta Tombo, hogar de miles de ping\u00fcinos de Magallanes. Conoc\u00e9 la mejor \u00e9poca para visitarlo, c\u00f3mo llegar y qu\u00e9 esperar de esta experiencia inolvidable.\" \/>\n<meta property=\"og:url\" content=\"https:\/\/arneztravel.com.ar\/en\/punta-tombo-blog\/\" \/>\n<meta property=\"og:site_name\" content=\"Agencia de Viajes y Tours en Puerto Madryn Patagonia\" \/>\n<meta property=\"article:modified_time\" content=\"2025-06-30T13:14:40+00:00\" \/>\n<meta property=\"og:image\" content=\"https:\/\/arneztravel.com.ar\/wp-content\/uploads\/2025\/06\/logoarnez.jpg\" \/>\n\t<meta property=\"og:image:width\" content=\"665\" \/>\n\t<meta property=\"og:image:height\" content=\"175\" \/>\n\t<meta property=\"og:image:type\" content=\"image\/jpeg\" \/>\n<meta name=\"twitter:card\" content=\"summary_large_image\" \/>\n<meta name=\"twitter:label1\" content=\"Est. reading time\" \/>\n\t<meta name=\"twitter:data1\" content=\"2 minutes\" \/>\n<script type=\"application\/ld+json\" class=\"yoast-schema-graph\">{\"@context\":\"https:\/\/schema.org\",\"@graph\":[{\"@type\":\"WebPage\",\"@id\":\"https:\/\/arneztravel.com.ar\/punta-tombo-blog\/\",\"url\":\"https:\/\/arneztravel.com.ar\/punta-tombo-blog\/\",\"name\":\"Punta tombo blog - Agencia de Viajes y Tours en Puerto Madryn Patagonia Punta Tombo: ping\u00fcinos en la costa patag\u00f3nica\",\"isPartOf\":{\"@id\":\"https:\/\/arneztravel.com.ar\/#website\"},\"primaryImageOfPage\":{\"@id\":\"https:\/\/arneztravel.com.ar\/punta-tombo-blog\/#primaryimage\"},\"image\":{\"@id\":\"https:\/\/arneztravel.com.ar\/punta-tombo-blog\/#primaryimage\"},\"thumbnailUrl\":\"https:\/\/arneztravel.com.ar\/wp-content\/uploads\/2025\/06\/tombo3.jpg\",\"datePublished\":\"2025-06-23T19:05:44+00:00\",\"dateModified\":\"2025-06-30T13:14:40+00:00\",\"description\":\"Descubr\u00ed Punta Tombo, hogar de miles de ping\u00fcinos de Magallanes. Conoc\u00e9 la mejor \u00e9poca para visitarlo, c\u00f3mo llegar y qu\u00e9 esperar de esta experiencia inolvidable.\",\"breadcrumb\":{\"@id\":\"https:\/\/arneztravel.com.ar\/punta-tombo-blog\/#breadcrumb\"},\"inLanguage\":\"en-US\",\"potentialAction\":[{\"@type\":\"ReadAction\",\"target\":[\"https:\/\/arneztravel.com.ar\/punta-tombo-blog\/\"]}]},{\"@type\":\"ImageObject\",\"inLanguage\":\"en-US\",\"@id\":\"https:\/\/arneztravel.com.ar\/punta-tombo-blog\/#primaryimage\",\"url\":\"https:\/\/arneztravel.com.ar\/wp-content\/uploads\/2025\/06\/tombo3.jpg\",\"contentUrl\":\"https:\/\/arneztravel.com.ar\/wp-content\/uploads\/2025\/06\/tombo3.jpg\"},{\"@type\":\"BreadcrumbList\",\"@id\":\"https:\/\/arneztravel.com.ar\/punta-tombo-blog\/#breadcrumb\",\"itemListElement\":[{\"@type\":\"ListItem\",\"position\":1,\"name\":\"Inicio\",\"item\":\"https:\/\/arneztravel.com.ar\/\"},{\"@type\":\"ListItem\",\"position\":2,\"name\":\"Punta tombo blog\"}]},{\"@type\":\"WebSite\",\"@id\":\"https:\/\/arneztravel.com.ar\/#website\",\"url\":\"https:\/\/arneztravel.com.ar\/\",\"name\":\"Agencia de Viajes y Tours en Puerto Madryn Patagonia\",\"description\":\"\",\"publisher\":{\"@id\":\"https:\/\/arneztravel.com.ar\/#organization\"},\"potentialAction\":[{\"@type\":\"SearchAction\",\"target\":{\"@type\":\"EntryPoint\",\"urlTemplate\":\"https:\/\/arneztravel.com.ar\/?s={search_term_string}\"},\"query-input\":{\"@type\":\"PropertyValueSpecification\",\"valueRequired\":true,\"valueName\":\"search_term_string\"}}],\"inLanguage\":\"en-US\"},{\"@type\":\"Organization\",\"@id\":\"https:\/\/arneztravel.com.ar\/#organization\",\"name\":\"Agencia de Viajes y Tours en Puerto Madryn Patagonia\",\"url\":\"https:\/\/arneztravel.com.ar\/\",\"logo\":{\"@type\":\"ImageObject\",\"inLanguage\":\"en-US\",\"@id\":\"https:\/\/arneztravel.com.ar\/#\/schema\/logo\/image\/\",\"url\":\"https:\/\/arneztravel.com.ar\/wp-content\/uploads\/2025\/07\/logoarnez.jpg\",\"contentUrl\":\"https:\/\/arneztravel.com.ar\/wp-content\/uploads\/2025\/07\/logoarnez.jpg\",\"width\":167,\"height\":146,\"caption\":\"Agencia de Viajes y Tours en Puerto Madryn Patagonia\"},\"image\":{\"@id\":\"https:\/\/arneztravel.com.ar\/#\/schema\/logo\/image\/\"},\"sameAs\":[\"https:\/\/www.instagram.com\/arneztravel\/\"]}]}<\/script>\n<!-- \/ Yoast SEO Premium plugin. -->","yoast_head_json":{"title":"Punta tombo blog - Agencia de Viajes y Tours en Puerto Madryn Patagonia Punta Tombo: ping\u00fcinos en la costa patag\u00f3nica","description":"Descubr\u00ed Punta Tombo, hogar de miles de ping\u00fcinos de Magallanes. Conoc\u00e9 la mejor \u00e9poca para visitarlo, c\u00f3mo llegar y qu\u00e9 esperar de esta experiencia inolvidable.","robots":{"index":"index","follow":"follow","max-snippet":"max-snippet:-1","max-image-preview":"max-image-preview:large","max-video-preview":"max-video-preview:-1"},"canonical":"https:\/\/arneztravel.com.ar\/en\/punta-tombo-blog\/","og_locale":"en_US","og_type":"article","og_title":"Punta tombo blog","og_description":"Descubr\u00ed Punta Tombo, hogar de miles de ping\u00fcinos de Magallanes. Conoc\u00e9 la mejor \u00e9poca para visitarlo, c\u00f3mo llegar y qu\u00e9 esperar de esta experiencia inolvidable.","og_url":"https:\/\/arneztravel.com.ar\/en\/punta-tombo-blog\/","og_site_name":"Agencia de Viajes y Tours en Puerto Madryn Patagonia","article_modified_time":"2025-06-30T13:14:40+00:00","og_image":[{"width":665,"height":175,"url":"https:\/\/arneztravel.com.ar\/wp-content\/uploads\/2025\/06\/logoarnez.jpg","type":"image\/jpeg"}],"twitter_card":"summary_large_image","twitter_misc":{"Est. reading time":"2 minutes"},"schema":{"@context":"https:\/\/schema.org","@graph":[{"@type":"WebPage","@id":"https:\/\/arneztravel.com.ar\/punta-tombo-blog\/","url":"https:\/\/arneztravel.com.ar\/punta-tombo-blog\/","name":"Punta tombo blog - Agencia de Viajes y Tours en Puerto Madryn Patagonia Punta Tombo: ping\u00fcinos en la costa patag\u00f3nica","isPartOf":{"@id":"https:\/\/arneztravel.com.ar\/#website"},"primaryImageOfPage":{"@id":"https:\/\/arneztravel.com.ar\/punta-tombo-blog\/#primaryimage"},"image":{"@id":"https:\/\/arneztravel.com.ar\/punta-tombo-blog\/#primaryimage"},"thumbnailUrl":"https:\/\/arneztravel.com.ar\/wp-content\/uploads\/2025\/06\/tombo3.jpg","datePublished":"2025-06-23T19:05:44+00:00","dateModified":"2025-06-30T13:14:40+00:00","description":"Descubr\u00ed Punta Tombo, hogar de miles de ping\u00fcinos de Magallanes. Conoc\u00e9 la mejor \u00e9poca para visitarlo, c\u00f3mo llegar y qu\u00e9 esperar de esta experiencia inolvidable.","breadcrumb":{"@id":"https:\/\/arneztravel.com.ar\/punta-tombo-blog\/#breadcrumb"},"inLanguage":"en-US","potentialAction":[{"@type":"ReadAction","target":["https:\/\/arneztravel.com.ar\/punta-tombo-blog\/"]}]},{"@type":"ImageObject","inLanguage":"en-US","@id":"https:\/\/arneztravel.com.ar\/punta-tombo-blog\/#primaryimage","url":"https:\/\/arneztravel.com.ar\/wp-content\/uploads\/2025\/06\/tombo3.jpg","contentUrl":"https:\/\/arneztravel.com.ar\/wp-content\/uploads\/2025\/06\/tombo3.jpg"},{"@type":"BreadcrumbList","@id":"https:\/\/arneztravel.com.ar\/punta-tombo-blog\/#breadcrumb","itemListElement":[{"@type":"ListItem","position":1,"name":"Inicio","item":"https:\/\/arneztravel.com.ar\/"},{"@type":"ListItem","position":2,"name":"Punta tombo blog"}]},{"@type":"WebSite","@id":"https:\/\/arneztravel.com.ar\/#website","url":"https:\/\/arneztravel.com.ar\/","name":"Agencia de Viajes y Tours en Puerto Madryn Patagonia","description":"","publisher":{"@id":"https:\/\/arneztravel.com.ar\/#organization"},"potentialAction":[{"@type":"SearchAction","target":{"@type":"EntryPoint","urlTemplate":"https:\/\/arneztravel.com.ar\/?s={search_term_string}"},"query-input":{"@type":"PropertyValueSpecification","valueRequired":true,"valueName":"search_term_string"}}],"inLanguage":"en-US"},{"@type":"Organization","@id":"https:\/\/arneztravel.com.ar\/#organization","name":"Agencia de Viajes y Tours en Puerto Madryn Patagonia","url":"https:\/\/arneztravel.com.ar\/","logo":{"@type":"ImageObject","inLanguage":"en-US","@id":"https:\/\/arneztravel.com.ar\/#\/schema\/logo\/image\/","url":"https:\/\/arneztravel.com.ar\/wp-content\/uploads\/2025\/07\/logoarnez.jpg","contentUrl":"https:\/\/arneztravel.com.ar\/wp-content\/uploads\/2025\/07\/logoarnez.jpg","width":167,"height":146,"caption":"Agencia de Viajes y Tours en Puerto Madryn Patagonia"},"image":{"@id":"https:\/\/arneztravel.com.ar\/#\/schema\/logo\/image\/"},"sameAs":["https:\/\/www.instagram.com\/arneztravel\/"]}]}},"_links":{"self":[{"href":"https:\/\/arneztravel.com.ar\/en\/wp-json\/wp\/v2\/pages\/440","targetHints":{"allow":["GET"]}}],"collection":[{"href":"https:\/\/arneztravel.com.ar\/en\/wp-json\/wp\/v2\/pages"}],"about":[{"href":"https:\/\/arneztravel.com.ar\/en\/wp-json\/wp\/v2\/types\/page"}],"author":[{"embeddable":true,"href":"https:\/\/arneztravel.com.ar\/en\/wp-json\/wp\/v2\/users\/1"}],"replies":[{"embeddable":true,"href":"https:\/\/arneztravel.com.ar\/en\/wp-json\/wp\/v2\/comments?post=440"}],"version-history":[{"count":0,"href":"https:\/\/arneztravel.com.ar\/en\/wp-json\/wp\/v2\/pages\/440\/revisions"}],"wp:attachment":[{"href":"https:\/\/arneztravel.com.ar\/en\/wp-json\/wp\/v2\/media?parent=440"}],"curies":[{"name":"wp","href":"https:\/\/api.w.org\/{rel}","templated":true}]}}