{"id":428,"date":"2025-06-23T18:35:27","date_gmt":"2025-06-23T18:35:27","guid":{"rendered":"https:\/\/arneztravel.com.ar\/?page_id=428"},"modified":"2025-07-01T23:25:46","modified_gmt":"2025-07-01T23:25:46","slug":"cuando-ver-ballenas-en-puerto-madryn","status":"publish","type":"page","link":"https:\/\/arneztravel.com.ar\/en\/cuando-ver-ballenas-en-puerto-madryn\/","title":{"rendered":"Cuando ver ballenas en Puerto Madryn"},"content":{"rendered":"<div data-elementor-type=\"wp-page\" data-elementor-id=\"428\" class=\"elementor elementor-428\" data-elementor-post-type=\"page\">\n\t\t\t\t<div class=\"elementor-element elementor-element-6f4a97c e-flex e-con-boxed e-con e-parent\" data-id=\"6f4a97c\" data-element_type=\"container\" data-e-type=\"container\">\n\t\t\t\t\t<div class=\"e-con-inner\">\n\t\t\t\t<div class=\"elementor-element elementor-element-5d693f4 elementor-widget elementor-widget-heading\" data-id=\"5d693f4\" data-element_type=\"widget\" data-e-type=\"widget\" data-widget_type=\"heading.default\">\n\t\t\t\t<div class=\"elementor-widget-container\">\n\t\t\t\t\t<h2 class=\"elementor-heading-title elementor-size-default\">\u00bfCu\u00e1ndo es la temporada de avistaje de ballenas en Puerto Madryn?<\/h2>\t\t\t\t<\/div>\n\t\t\t\t<\/div>\n\t\t\t\t\t<\/div>\n\t\t\t\t<\/div>\n\t\t<div class=\"elementor-element elementor-element-f8ae1d6 e-flex e-con-boxed e-con e-parent\" data-id=\"f8ae1d6\" data-element_type=\"container\" data-e-type=\"container\">\n\t\t\t\t\t<div class=\"e-con-inner\">\n\t\t\t\t<div class=\"elementor-element elementor-element-a43dad8 elementor-widget elementor-widget-text-editor\" data-id=\"a43dad8\" data-element_type=\"widget\" data-e-type=\"widget\" data-widget_type=\"text-editor.default\">\n\t\t\t\t<div class=\"elementor-widget-container\">\n\t\t\t\t\t\t\t\t\t<p data-start=\"349\" data-end=\"588\">Puerto Madryn es uno de los principales destinos del mundo para observar ballenas francas australes en su h\u00e1bitat natural. Si bien se pueden ver en varios meses del a\u00f1o, existe un <strong data-start=\"529\" data-end=\"547\">per\u00edodo \u00f3ptimo<\/strong> para vivir esta experiencia inolvidable.<\/p>\t\t\t\t\t\t\t\t<\/div>\n\t\t\t\t<\/div>\n\t\t\t\t\t<\/div>\n\t\t\t\t<\/div>\n\t\t<div class=\"elementor-element elementor-element-7d97101 e-con-full e-flex e-con e-parent\" data-id=\"7d97101\" data-element_type=\"container\" data-e-type=\"container\">\n\t\t\t\t<div class=\"elementor-element elementor-element-07ac780 elementor-widget__width-initial elementor-widget-mobile__width-initial elementor-widget elementor-widget-image\" data-id=\"07ac780\" data-element_type=\"widget\" data-e-type=\"widget\" data-widget_type=\"image.default\">\n\t\t\t\t<div class=\"elementor-widget-container\">\n\t\t\t\t\t\t\t\t\t\t\t\t\t\t\t<img decoding=\"async\" data-src=\"https:\/\/arneztravel.com.ar\/wp-content\/uploads\/2025\/06\/avistaje2.jpg\" title=\"\" alt=\"\" src=\"data:image\/svg+xml;base64,PHN2ZyB3aWR0aD0iMSIgaGVpZ2h0PSIxIiB4bWxucz0iaHR0cDovL3d3dy53My5vcmcvMjAwMC9zdmciPjwvc3ZnPg==\" class=\"lazyload\" \/>\t\t\t\t\t\t\t\t\t\t\t\t\t\t\t<\/div>\n\t\t\t\t<\/div>\n\t\t\t\t<\/div>\n\t\t<div class=\"elementor-element elementor-element-c8f9ccd e-flex e-con-boxed e-con e-parent\" data-id=\"c8f9ccd\" data-element_type=\"container\" data-e-type=\"container\">\n\t\t\t\t\t<div class=\"e-con-inner\">\n\t\t<div class=\"elementor-element elementor-element-14251a7 e-con-full e-flex e-con e-child\" data-id=\"14251a7\" data-element_type=\"container\" data-e-type=\"container\">\n\t\t<div class=\"elementor-element elementor-element-87d9430 e-con-full e-flex e-con e-child\" data-id=\"87d9430\" data-element_type=\"container\" data-e-type=\"container\">\n\t\t\t\t<div class=\"elementor-element elementor-element-70bb11c elementor-widget elementor-widget-heading\" data-id=\"70bb11c\" data-element_type=\"widget\" data-e-type=\"widget\" data-widget_type=\"heading.default\">\n\t\t\t\t<div class=\"elementor-widget-container\">\n\t\t\t\t\t<h2 class=\"elementor-heading-title elementor-size-default\"> Temporada principal: de junio a diciembre<\/h2>\t\t\t\t<\/div>\n\t\t\t\t<\/div>\n\t\t\t\t<div class=\"elementor-element elementor-element-47657d6 elementor-widget elementor-widget-text-editor\" data-id=\"47657d6\" data-element_type=\"widget\" data-e-type=\"widget\" data-widget_type=\"text-editor.default\">\n\t\t\t\t<div class=\"elementor-widget-container\">\n\t\t\t\t\t\t\t\t\t<p data-start=\"791\" data-end=\"901\">La temporada de avistaje de ballenas comienza en <strong data-start=\"695\" data-end=\"704\">junio<\/strong> y se extiende hasta <strong data-start=\"725\" data-end=\"738\">diciembre<\/strong>, siendo los <strong data-start=\"751\" data-end=\"791\">meses pico de septiembre a noviembre<\/strong>. Durante ese per\u00edodo, las ballenas se acercan a las costas de Pen\u00ednsula Vald\u00e9s para reproducirse y cuidar a sus cr\u00edas, lo que genera un espect\u00e1culo \u00fanico. Septiembre y octubre suelen presentar las mayores probabilidades de verlas cerca de la costa.<\/p>\t\t\t\t\t\t\t\t<\/div>\n\t\t\t\t<\/div>\n\t\t\t\t<\/div>\n\t\t<div class=\"elementor-element elementor-element-f08bdb8 e-con-full e-flex e-con e-child\" data-id=\"f08bdb8\" data-element_type=\"container\" data-e-type=\"container\">\n\t\t\t\t<div class=\"elementor-element elementor-element-4cc777f elementor-widget elementor-widget-heading\" data-id=\"4cc777f\" data-element_type=\"widget\" data-e-type=\"widget\" data-widget_type=\"heading.default\">\n\t\t\t\t<div class=\"elementor-widget-container\">\n\t\t\t\t\t<h2 class=\"elementor-heading-title elementor-size-default\">Detalle por mes y actividad<\/h2>\t\t\t\t<\/div>\n\t\t\t\t<\/div>\n\t\t\t\t<div class=\"elementor-element elementor-element-5156a9d elementor-widget elementor-widget-text-editor\" data-id=\"5156a9d\" data-element_type=\"widget\" data-e-type=\"widget\" data-widget_type=\"text-editor.default\">\n\t\t\t\t<div class=\"elementor-widget-container\">\n\t\t\t\t\t\t\t\t\t<ul><li style=\"list-style-type: none;\"><ul><li data-start=\"1084\" data-end=\"1311\"><p data-start=\"1086\" data-end=\"1311\"><strong data-start=\"1086\" data-end=\"1104\">Junio \u2013 Julio:<\/strong> Inicio de temporada. Las ballenas empiezan a llegar y muchas veces se las ve cerca de las playas, como en El Doradillo. Es temporada baja, perfecta para quienes buscan tranquilidad y precios m\u00e1s accesibles.<\/p><\/li><li data-start=\"1315\" data-end=\"1469\"><p data-start=\"1317\" data-end=\"1469\"><strong data-start=\"1317\" data-end=\"1328\">Agosto:<\/strong> Crecimiento del n\u00famero de ejemplares. Todav\u00eda es temporada baja, pero las probabilidades de avistaje son buenas y la log\u00edstica m\u00e1s flexible.<\/p><\/li><li data-start=\"1471\" data-end=\"1695\"><p data-start=\"1473\" data-end=\"1695\"><strong data-start=\"1473\" data-end=\"1498\">Septiembre \u2013 Octubre:<\/strong> \u00c9poca ideal. Las ballenas est\u00e1n muy activas con saltos, contacto entre madres y cr\u00edas, y juegos cerca de la costa. Hay m\u00e1xima afluencia de visitantes, por lo que conviene reservar anticipadamente.<\/p><\/li><\/ul><\/li><li data-start=\"1699\" data-end=\"1881\"><strong data-start=\"1699\" data-end=\"1725\">Noviembre \u2013 Diciembre:<\/strong> Final de temporada. Las ballenas ya fueron madres y algunas comienzan a regresar mar adentro, pero a\u00fan se pueden ver junto a sus cr\u00edas cerca de las costas.<\/li><\/ul>\t\t\t\t\t\t\t\t<\/div>\n\t\t\t\t<\/div>\n\t\t\t\t<\/div>\n\t\t<div class=\"elementor-element elementor-element-4106e8b e-con-full e-flex e-con e-child\" data-id=\"4106e8b\" data-element_type=\"container\" data-e-type=\"container\">\n\t\t\t\t<div class=\"elementor-element elementor-element-b6bf614 elementor-widget elementor-widget-heading\" data-id=\"b6bf614\" data-element_type=\"widget\" data-e-type=\"widget\" data-widget_type=\"heading.default\">\n\t\t\t\t<div class=\"elementor-widget-container\">\n\t\t\t\t\t<h2 class=\"elementor-heading-title elementor-size-default\">\u00bfD\u00f3nde verlas?<\/h2>\t\t\t\t<\/div>\n\t\t\t\t<\/div>\n\t\t\t\t<div class=\"elementor-element elementor-element-7ac2cf1 elementor-widget elementor-widget-text-editor\" data-id=\"7ac2cf1\" data-element_type=\"widget\" data-e-type=\"widget\" data-widget_type=\"text-editor.default\">\n\t\t\t\t<div class=\"elementor-widget-container\">\n\t\t\t\t\t\t\t\t\t<p>\u00a0<\/p><ul><li style=\"list-style-type: none;\"><ul data-start=\"1911\" data-end=\"2394\"><li data-start=\"1911\" data-end=\"2139\"><p data-start=\"1913\" data-end=\"2139\"><strong data-start=\"1913\" data-end=\"1929\">Desde tierra<\/strong>: El lugar m\u00e1s accesible es <strong data-start=\"1957\" data-end=\"1973\">El Doradillo<\/strong>, a unos 15 km al norte de Puerto Madryn. Una zona donde suelen acercarse a pocos metros de la orilla. Perfecto para una vista gratuita y sin necesidad de embarcarte.<\/p><\/li><li data-start=\"2143\" data-end=\"2394\"><p data-start=\"2145\" data-end=\"2394\"><strong data-start=\"2145\" data-end=\"2162\">Desde el agua<\/strong>: Las <strong data-start=\"2168\" data-end=\"2207\">navegaciones desde Puerto Pir\u00e1mides<\/strong> ofrecen la experiencia m\u00e1s cercana: estar\u00e1s sobre el mar con vistas privilegiadas y acompa\u00f1ados por gu\u00edas naturalistas. Una experiencia emocionante, especialmente durante los meses pico.<\/p><\/li><\/ul><\/li><\/ul>\t\t\t\t\t\t\t\t<\/div>\n\t\t\t\t<\/div>\n\t\t\t\t<\/div>\n\t\t<div class=\"elementor-element elementor-element-6d00194 e-con-full e-flex e-con e-child\" data-id=\"6d00194\" data-element_type=\"container\" data-e-type=\"container\">\n\t\t\t\t<div class=\"elementor-element elementor-element-03f6da2 elementor-widget elementor-widget-heading\" data-id=\"03f6da2\" data-element_type=\"widget\" data-e-type=\"widget\" data-widget_type=\"heading.default\">\n\t\t\t\t<div class=\"elementor-widget-container\">\n\t\t\t\t\t<h2 class=\"elementor-heading-title elementor-size-default\">Consejos para un avistaje exitoso<\/h2>\t\t\t\t<\/div>\n\t\t\t\t<\/div>\n\t\t\t\t<div class=\"elementor-element elementor-element-b99e3da elementor-widget elementor-widget-text-editor\" data-id=\"b99e3da\" data-element_type=\"widget\" data-e-type=\"widget\" data-widget_type=\"text-editor.default\">\n\t\t\t\t<div class=\"elementor-widget-container\">\n\t\t\t\t\t\t\t\t\t<ol><li data-start=\"2443\" data-end=\"2517\"><p data-start=\"2446\" data-end=\"2517\"><strong data-start=\"2446\" data-end=\"2474\">Reserv\u00e1 con anticipaci\u00f3n<\/strong>, especialmente entre septiembre y octubre.<\/p><\/li><li data-start=\"2518\" data-end=\"2608\"><p data-start=\"2521\" data-end=\"2608\"><strong data-start=\"2521\" data-end=\"2549\">Eleg\u00ed tours certificados<\/strong>, con gu\u00edas capacitados y buenas pr\u00e1cticas de conservaci\u00f3n.<\/p><\/li><li data-start=\"2609\" data-end=\"2692\"><p data-start=\"2612\" data-end=\"2692\"><strong data-start=\"2612\" data-end=\"2656\">Llev\u00e1 binoculares y c\u00e1mara con buen zoom<\/strong>, para captar detalles inolvidables.<\/p><\/li><li data-start=\"2693\" data-end=\"2785\"><p data-start=\"2696\" data-end=\"2785\"><strong data-start=\"2696\" data-end=\"2713\">Ropa adecuada<\/strong>: abrigo cortaviento, gorro y c\u00e1maras para proteger del fr\u00edo patag\u00f3nico.<\/p><\/li><li data-start=\"2786\" data-end=\"2893\"><p data-start=\"2789\" data-end=\"2893\"><strong data-start=\"2789\" data-end=\"2809\">Respet\u00e1 la fauna<\/strong>: manten\u00e9 distancia si est\u00e1s en tierra, y segu\u00ed las indicaciones del gu\u00eda<\/p><\/li><\/ol>\t\t\t\t\t\t\t\t<\/div>\n\t\t\t\t<\/div>\n\t\t\t\t<\/div>\n\t\t<div class=\"elementor-element elementor-element-a468d43 e-con-full e-flex e-con e-child\" data-id=\"a468d43\" data-element_type=\"container\" data-e-type=\"container\">\n\t\t\t\t<\/div>\n\t\t\t\t<\/div>\n\t\t\t\t\t<\/div>\n\t\t\t\t<\/div>\n\t\t\t\t<\/div>","protected":false},"excerpt":{"rendered":"<p>\u00bfCu\u00e1ndo es la temporada de avistaje de ballenas en Puerto Madryn? Puerto Madryn es uno de los principales destinos del [&hellip;]<\/p>","protected":false},"author":1,"featured_media":0,"parent":0,"menu_order":0,"comment_status":"closed","ping_status":"closed","template":"","meta":{"site-sidebar-layout":"no-sidebar","site-content-layout":"","ast-site-content-layout":"full-width-container","site-content-style":"default","site-sidebar-style":"default","ast-global-header-display":"","ast-banner-title-visibility":"","ast-main-header-display":"","ast-hfb-above-header-display":"","ast-hfb-below-header-display":"","ast-hfb-mobile-header-display":"","site-post-title":"disabled","ast-breadcrumbs-content":"","ast-featured-img":"disabled","footer-sml-layout":"","theme-transparent-header-meta":"","adv-header-id-meta":"","stick-header-meta":"","header-above-stick-meta":"","header-main-stick-meta":"","header-below-stick-meta":"","astra-migrate-meta-layouts":"default","ast-page-background-enabled":"default","ast-page-background-meta":{"desktop":{"background-color":"var(--ast-global-color-4)","background-image":"","background-repeat":"repeat","background-position":"center center","background-size":"auto","background-attachment":"scroll","background-type":"","background-media":"","overlay-type":"","overlay-color":"","overlay-opacity":"","overlay-gradient":""},"tablet":{"background-color":"","background-image":"","background-repeat":"repeat","background-position":"center center","background-size":"auto","background-attachment":"scroll","background-type":"","background-media":"","overlay-type":"","overlay-color":"","overlay-opacity":"","overlay-gradient":""},"mobile":{"background-color":"","background-image":"","background-repeat":"repeat","background-position":"center center","background-size":"auto","background-attachment":"scroll","background-type":"","background-media":"","overlay-type":"","overlay-color":"","overlay-opacity":"","overlay-gradient":""}},"ast-content-background-meta":{"desktop":{"background-color":"var(--ast-global-color-5)","background-image":"","background-repeat":"repeat","background-position":"center center","background-size":"auto","background-attachment":"scroll","background-type":"","background-media":"","overlay-type":"","overlay-color":"","overlay-opacity":"","overlay-gradient":""},"tablet":{"background-color":"var(--ast-global-color-5)","background-image":"","background-repeat":"repeat","background-position":"center center","background-size":"auto","background-attachment":"scroll","background-type":"","background-media":"","overlay-type":"","overlay-color":"","overlay-opacity":"","overlay-gradient":""},"mobile":{"background-color":"var(--ast-global-color-5)","background-image":"","background-repeat":"repeat","background-position":"center center","background-size":"auto","background-attachment":"scroll","background-type":"","background-media":"","overlay-type":"","overlay-color":"","overlay-opacity":"","overlay-gradient":""}},"footnotes":""},"class_list":["post-428","page","type-page","status-publish","hentry"],"yoast_head":"<!-- This site is optimized with the Yoast SEO Premium plugin v26.2 (Yoast SEO v26.3) - https:\/\/yoast.com\/wordpress\/plugins\/seo\/ -->\n<title>Cuando ver ballenas en Puerto Madryn - Agencia de Viajes y Tours en Puerto Madryn Patagonia<\/title>\n<meta name=\"robots\" content=\"index, follow, max-snippet:-1, max-image-preview:large, max-video-preview:-1\" \/>\n<link rel=\"canonical\" href=\"https:\/\/arneztravel.com.ar\/en\/cuando-ver-ballenas-en-puerto-madryn\/\" \/>\n<meta property=\"og:locale\" content=\"en_US\" \/>\n<meta property=\"og:type\" content=\"article\" \/>\n<meta property=\"og:title\" content=\"Cuando ver ballenas en Puerto Madryn\" \/>\n<meta property=\"og:description\" content=\"\u00bfCu\u00e1ndo es la temporada de avistaje de ballenas en Puerto Madryn? Puerto Madryn es uno de los principales destinos del [&hellip;]\" \/>\n<meta property=\"og:url\" content=\"https:\/\/arneztravel.com.ar\/en\/cuando-ver-ballenas-en-puerto-madryn\/\" \/>\n<meta property=\"og:site_name\" content=\"Agencia de Viajes y Tours en Puerto Madryn Patagonia\" \/>\n<meta property=\"article:modified_time\" content=\"2025-07-01T23:25:46+00:00\" \/>\n<meta property=\"og:image\" content=\"https:\/\/arneztravel.com.ar\/wp-content\/uploads\/2025\/06\/logoarnez.jpg\" \/>\n\t<meta property=\"og:image:width\" content=\"665\" \/>\n\t<meta property=\"og:image:height\" content=\"175\" \/>\n\t<meta property=\"og:image:type\" content=\"image\/jpeg\" \/>\n<meta name=\"twitter:card\" content=\"summary_large_image\" \/>\n<meta name=\"twitter:label1\" content=\"Est. reading time\" \/>\n\t<meta name=\"twitter:data1\" content=\"2 minutes\" \/>\n<script type=\"application\/ld+json\" class=\"yoast-schema-graph\">{\"@context\":\"https:\/\/schema.org\",\"@graph\":[{\"@type\":\"WebPage\",\"@id\":\"https:\/\/arneztravel.com.ar\/cuando-ver-ballenas-en-puerto-madryn\/\",\"url\":\"https:\/\/arneztravel.com.ar\/cuando-ver-ballenas-en-puerto-madryn\/\",\"name\":\"Cuando ver ballenas en Puerto Madryn - Agencia de Viajes y Tours en Puerto Madryn Patagonia\",\"isPartOf\":{\"@id\":\"https:\/\/arneztravel.com.ar\/#website\"},\"primaryImageOfPage\":{\"@id\":\"https:\/\/arneztravel.com.ar\/cuando-ver-ballenas-en-puerto-madryn\/#primaryimage\"},\"image\":{\"@id\":\"https:\/\/arneztravel.com.ar\/cuando-ver-ballenas-en-puerto-madryn\/#primaryimage\"},\"thumbnailUrl\":\"https:\/\/arneztravel.com.ar\/wp-content\/uploads\/2025\/06\/avistaje2.jpg\",\"datePublished\":\"2025-06-23T18:35:27+00:00\",\"dateModified\":\"2025-07-01T23:25:46+00:00\",\"breadcrumb\":{\"@id\":\"https:\/\/arneztravel.com.ar\/cuando-ver-ballenas-en-puerto-madryn\/#breadcrumb\"},\"inLanguage\":\"en-US\",\"potentialAction\":[{\"@type\":\"ReadAction\",\"target\":[\"https:\/\/arneztravel.com.ar\/cuando-ver-ballenas-en-puerto-madryn\/\"]}]},{\"@type\":\"ImageObject\",\"inLanguage\":\"en-US\",\"@id\":\"https:\/\/arneztravel.com.ar\/cuando-ver-ballenas-en-puerto-madryn\/#primaryimage\",\"url\":\"https:\/\/arneztravel.com.ar\/wp-content\/uploads\/2025\/06\/avistaje2.jpg\",\"contentUrl\":\"https:\/\/arneztravel.com.ar\/wp-content\/uploads\/2025\/06\/avistaje2.jpg\"},{\"@type\":\"BreadcrumbList\",\"@id\":\"https:\/\/arneztravel.com.ar\/cuando-ver-ballenas-en-puerto-madryn\/#breadcrumb\",\"itemListElement\":[{\"@type\":\"ListItem\",\"position\":1,\"name\":\"Inicio\",\"item\":\"https:\/\/arneztravel.com.ar\/\"},{\"@type\":\"ListItem\",\"position\":2,\"name\":\"Cuando ver ballenas en Puerto Madryn\"}]},{\"@type\":\"WebSite\",\"@id\":\"https:\/\/arneztravel.com.ar\/#website\",\"url\":\"https:\/\/arneztravel.com.ar\/\",\"name\":\"Agencia de Viajes y Tours en Puerto Madryn Patagonia\",\"description\":\"\",\"publisher\":{\"@id\":\"https:\/\/arneztravel.com.ar\/#organization\"},\"potentialAction\":[{\"@type\":\"SearchAction\",\"target\":{\"@type\":\"EntryPoint\",\"urlTemplate\":\"https:\/\/arneztravel.com.ar\/?s={search_term_string}\"},\"query-input\":{\"@type\":\"PropertyValueSpecification\",\"valueRequired\":true,\"valueName\":\"search_term_string\"}}],\"inLanguage\":\"en-US\"},{\"@type\":\"Organization\",\"@id\":\"https:\/\/arneztravel.com.ar\/#organization\",\"name\":\"Agencia de Viajes y Tours en Puerto Madryn Patagonia\",\"url\":\"https:\/\/arneztravel.com.ar\/\",\"logo\":{\"@type\":\"ImageObject\",\"inLanguage\":\"en-US\",\"@id\":\"https:\/\/arneztravel.com.ar\/#\/schema\/logo\/image\/\",\"url\":\"https:\/\/arneztravel.com.ar\/wp-content\/uploads\/2025\/07\/logoarnez.jpg\",\"contentUrl\":\"https:\/\/arneztravel.com.ar\/wp-content\/uploads\/2025\/07\/logoarnez.jpg\",\"width\":167,\"height\":146,\"caption\":\"Agencia de Viajes y Tours en Puerto Madryn Patagonia\"},\"image\":{\"@id\":\"https:\/\/arneztravel.com.ar\/#\/schema\/logo\/image\/\"},\"sameAs\":[\"https:\/\/www.instagram.com\/arneztravel\/\"]}]}<\/script>\n<!-- \/ Yoast SEO Premium plugin. -->","yoast_head_json":{"title":"Cuando ver ballenas en Puerto Madryn - Agencia de Viajes y Tours en Puerto Madryn Patagonia","robots":{"index":"index","follow":"follow","max-snippet":"max-snippet:-1","max-image-preview":"max-image-preview:large","max-video-preview":"max-video-preview:-1"},"canonical":"https:\/\/arneztravel.com.ar\/en\/cuando-ver-ballenas-en-puerto-madryn\/","og_locale":"en_US","og_type":"article","og_title":"Cuando ver ballenas en Puerto Madryn","og_description":"\u00bfCu\u00e1ndo es la temporada de avistaje de ballenas en Puerto Madryn? Puerto Madryn es uno de los principales destinos del [&hellip;]","og_url":"https:\/\/arneztravel.com.ar\/en\/cuando-ver-ballenas-en-puerto-madryn\/","og_site_name":"Agencia de Viajes y Tours en Puerto Madryn Patagonia","article_modified_time":"2025-07-01T23:25:46+00:00","og_image":[{"width":665,"height":175,"url":"https:\/\/arneztravel.com.ar\/wp-content\/uploads\/2025\/06\/logoarnez.jpg","type":"image\/jpeg"}],"twitter_card":"summary_large_image","twitter_misc":{"Est. reading time":"2 minutes"},"schema":{"@context":"https:\/\/schema.org","@graph":[{"@type":"WebPage","@id":"https:\/\/arneztravel.com.ar\/cuando-ver-ballenas-en-puerto-madryn\/","url":"https:\/\/arneztravel.com.ar\/cuando-ver-ballenas-en-puerto-madryn\/","name":"Cuando ver ballenas en Puerto Madryn - Agencia de Viajes y Tours en Puerto Madryn Patagonia","isPartOf":{"@id":"https:\/\/arneztravel.com.ar\/#website"},"primaryImageOfPage":{"@id":"https:\/\/arneztravel.com.ar\/cuando-ver-ballenas-en-puerto-madryn\/#primaryimage"},"image":{"@id":"https:\/\/arneztravel.com.ar\/cuando-ver-ballenas-en-puerto-madryn\/#primaryimage"},"thumbnailUrl":"https:\/\/arneztravel.com.ar\/wp-content\/uploads\/2025\/06\/avistaje2.jpg","datePublished":"2025-06-23T18:35:27+00:00","dateModified":"2025-07-01T23:25:46+00:00","breadcrumb":{"@id":"https:\/\/arneztravel.com.ar\/cuando-ver-ballenas-en-puerto-madryn\/#breadcrumb"},"inLanguage":"en-US","potentialAction":[{"@type":"ReadAction","target":["https:\/\/arneztravel.com.ar\/cuando-ver-ballenas-en-puerto-madryn\/"]}]},{"@type":"ImageObject","inLanguage":"en-US","@id":"https:\/\/arneztravel.com.ar\/cuando-ver-ballenas-en-puerto-madryn\/#primaryimage","url":"https:\/\/arneztravel.com.ar\/wp-content\/uploads\/2025\/06\/avistaje2.jpg","contentUrl":"https:\/\/arneztravel.com.ar\/wp-content\/uploads\/2025\/06\/avistaje2.jpg"},{"@type":"BreadcrumbList","@id":"https:\/\/arneztravel.com.ar\/cuando-ver-ballenas-en-puerto-madryn\/#breadcrumb","itemListElement":[{"@type":"ListItem","position":1,"name":"Inicio","item":"https:\/\/arneztravel.com.ar\/"},{"@type":"ListItem","position":2,"name":"Cuando ver ballenas en Puerto Madryn"}]},{"@type":"WebSite","@id":"https:\/\/arneztravel.com.ar\/#website","url":"https:\/\/arneztravel.com.ar\/","name":"Agencia de Viajes y Tours en Puerto Madryn Patagonia","description":"","publisher":{"@id":"https:\/\/arneztravel.com.ar\/#organization"},"potentialAction":[{"@type":"SearchAction","target":{"@type":"EntryPoint","urlTemplate":"https:\/\/arneztravel.com.ar\/?s={search_term_string}"},"query-input":{"@type":"PropertyValueSpecification","valueRequired":true,"valueName":"search_term_string"}}],"inLanguage":"en-US"},{"@type":"Organization","@id":"https:\/\/arneztravel.com.ar\/#organization","name":"Agencia de Viajes y Tours en Puerto Madryn Patagonia","url":"https:\/\/arneztravel.com.ar\/","logo":{"@type":"ImageObject","inLanguage":"en-US","@id":"https:\/\/arneztravel.com.ar\/#\/schema\/logo\/image\/","url":"https:\/\/arneztravel.com.ar\/wp-content\/uploads\/2025\/07\/logoarnez.jpg","contentUrl":"https:\/\/arneztravel.com.ar\/wp-content\/uploads\/2025\/07\/logoarnez.jpg","width":167,"height":146,"caption":"Agencia de Viajes y Tours en Puerto Madryn Patagonia"},"image":{"@id":"https:\/\/arneztravel.com.ar\/#\/schema\/logo\/image\/"},"sameAs":["https:\/\/www.instagram.com\/arneztravel\/"]}]}},"_links":{"self":[{"href":"https:\/\/arneztravel.com.ar\/en\/wp-json\/wp\/v2\/pages\/428","targetHints":{"allow":["GET"]}}],"collection":[{"href":"https:\/\/arneztravel.com.ar\/en\/wp-json\/wp\/v2\/pages"}],"about":[{"href":"https:\/\/arneztravel.com.ar\/en\/wp-json\/wp\/v2\/types\/page"}],"author":[{"embeddable":true,"href":"https:\/\/arneztravel.com.ar\/en\/wp-json\/wp\/v2\/users\/1"}],"replies":[{"embeddable":true,"href":"https:\/\/arneztravel.com.ar\/en\/wp-json\/wp\/v2\/comments?post=428"}],"version-history":[{"count":0,"href":"https:\/\/arneztravel.com.ar\/en\/wp-json\/wp\/v2\/pages\/428\/revisions"}],"wp:attachment":[{"href":"https:\/\/arneztravel.com.ar\/en\/wp-json\/wp\/v2\/media?parent=428"}],"curies":[{"name":"wp","href":"https:\/\/api.w.org\/{rel}","templated":true}]}}