{"id":1605,"date":"2025-08-01T14:07:33","date_gmt":"2025-08-01T14:07:33","guid":{"rendered":"https:\/\/arneztravel.com.ar\/?page_id=1605"},"modified":"2025-08-01T14:17:06","modified_gmt":"2025-08-01T14:17:06","slug":"nosotros","status":"publish","type":"page","link":"https:\/\/arneztravel.com.ar\/en\/informacion\/nosotros\/","title":{"rendered":"Nosotros"},"content":{"rendered":"<div data-elementor-type=\"wp-page\" data-elementor-id=\"1605\" class=\"elementor elementor-1605\" data-elementor-post-type=\"page\">\n\t\t\t\t<div class=\"elementor-element elementor-element-d348d9e e-con-full e-flex e-con e-parent\" data-id=\"d348d9e\" data-element_type=\"container\" data-e-type=\"container\">\n\t\t\t\t<div class=\"elementor-element elementor-element-c13bfe0 elementor-widget elementor-widget-heading\" data-id=\"c13bfe0\" data-element_type=\"widget\" data-e-type=\"widget\" data-widget_type=\"heading.default\">\n\t\t\t\t<div class=\"elementor-widget-container\">\n\t\t\t\t\t<h2 class=\"elementor-heading-title elementor-size-default\">Somos Arnes Travel<\/h2>\t\t\t\t<\/div>\n\t\t\t\t<\/div>\n\t\t\t\t<div class=\"elementor-element elementor-element-140aa7c elementor-widget elementor-widget-text-editor\" data-id=\"140aa7c\" data-element_type=\"widget\" data-e-type=\"widget\" data-widget_type=\"text-editor.default\">\n\t\t\t\t<div class=\"elementor-widget-container\">\n\t\t\t\t\t\t\t\t\t<p>Lorem ipsum dolor sit amet, consectetur adipiscing elit. Ut elit tellus, luctus nec ullamcorper mattis, pulvinar dapibus leo.<\/p>\t\t\t\t\t\t\t\t<\/div>\n\t\t\t\t<\/div>\n\t\t\t\t<\/div>\n\t\t<div class=\"elementor-element elementor-element-f8716ab e-con-full e-flex e-con e-parent\" data-id=\"f8716ab\" data-element_type=\"container\" data-e-type=\"container\">\n\t\t<div class=\"elementor-element elementor-element-6a97183 e-con-full e-flex e-con e-child\" data-id=\"6a97183\" data-element_type=\"container\" data-e-type=\"container\">\n\t\t\t\t<div class=\"elementor-element elementor-element-2cd9834 elementor-widget elementor-widget-image\" data-id=\"2cd9834\" data-element_type=\"widget\" data-e-type=\"widget\" data-widget_type=\"image.default\">\n\t\t\t\t<div class=\"elementor-widget-container\">\n\t\t\t\t\t\t\t\t\t\t\t\t\t\t\t<img decoding=\"async\" data-src=\"https:\/\/arneztravel.com.ar\/wp-content\/uploads\/2025\/07\/cropped-Captura-de-pantalla-2025-07-21-181913.png\" title=\"\" alt=\"\" src=\"data:image\/svg+xml;base64,PHN2ZyB3aWR0aD0iMSIgaGVpZ2h0PSIxIiB4bWxucz0iaHR0cDovL3d3dy53My5vcmcvMjAwMC9zdmciPjwvc3ZnPg==\" class=\"lazyload\" \/>\t\t\t\t\t\t\t\t\t\t\t\t\t\t\t<\/div>\n\t\t\t\t<\/div>\n\t\t\t\t<\/div>\n\t\t<div class=\"elementor-element elementor-element-75070fc e-con-full e-flex e-con e-child\" data-id=\"75070fc\" data-element_type=\"container\" data-e-type=\"container\">\n\t\t<div class=\"elementor-element elementor-element-ac8676f e-con-full e-flex e-con e-child\" data-id=\"ac8676f\" data-element_type=\"container\" data-e-type=\"container\">\n\t\t\t\t<div class=\"elementor-element elementor-element-2177fa7 elementor-widget elementor-widget-text-editor\" data-id=\"2177fa7\" data-element_type=\"widget\" data-e-type=\"widget\" data-widget_type=\"text-editor.default\">\n\t\t\t\t<div class=\"elementor-widget-container\">\n\t\t\t\t\t\t\t\t\t<p data-start=\"466\" data-end=\"711\"><strong data-start=\"466\" data-end=\"584\">acArnez Travel es una agencia de viajes receptiva ubicada en Puerto Madryn, en el coraz\u00f3n de la Patagonia argentina.<\/strong><br data-start=\"584\" data-end=\"587\" \/>Nacimos con un prop\u00f3sito claro: brindar experiencias aut\u00e9nticas, responsables y memorables a quienes visitan nuestra regi\u00f3n.<\/p><p data-start=\"713\" data-end=\"993\">Contamos con un equipo local de gu\u00edas habilitados, asesores biling\u00fces y operadores log\u00edsticos que conocen cada rinc\u00f3n de este destino \u00fanico. Nos especializamos en dise\u00f1ar excursiones adaptadas al tiempo y a los intereses de cada viajero, combinando naturaleza, cultura y aventura.<\/p><p data-start=\"995\" data-end=\"1232\">Desde salidas a Pen\u00ednsula Vald\u00e9s hasta snorkel con lobos marinos, desde traves\u00edas culturales por el Valle del Chubut hasta excursiones para cruceristas con tiempos ajustados, en Arnez Travel te ayudamos a\u00a0<strong data-start=\"1200\" data-end=\"1232\">vivir la Patagonia en serio.<\/strong><\/p>\t\t\t\t\t\t\t\t<\/div>\n\t\t\t\t<\/div>\n\t\t\t\t<\/div>\n\t\t\t\t<\/div>\n\t\t\t\t<\/div>\n\t\t<div class=\"elementor-element elementor-element-5b5b4bd e-con-full e-flex e-con e-parent\" data-id=\"5b5b4bd\" data-element_type=\"container\" data-e-type=\"container\">\n\t\t\t\t<div class=\"elementor-element elementor-element-5164902 elementor-widget elementor-widget-heading\" data-id=\"5164902\" data-element_type=\"widget\" data-e-type=\"widget\" data-widget_type=\"heading.default\">\n\t\t\t\t<div class=\"elementor-widget-container\">\n\t\t\t\t\t<h2 class=\"elementor-heading-title elementor-size-default\">HISTORIA<\/h2>\t\t\t\t<\/div>\n\t\t\t\t<\/div>\n\t\t\t\t<div class=\"elementor-element elementor-element-052b68e elementor-widget elementor-widget-text-editor\" data-id=\"052b68e\" data-element_type=\"widget\" data-e-type=\"widget\" data-widget_type=\"text-editor.default\">\n\t\t\t\t<div class=\"elementor-widget-container\">\n\t\t\t\t\t\t\t\t\t<p style=\"font-size: 16px; font-style: normal; font-weight: 300;\" data-start=\"466\" data-end=\"711\"><span style=\"font-weight: bold;\" data-start=\"466\" data-end=\"584\">Arnez Travel es una agencia de viajes receptiva ubicada en Puerto Madryn, en el coraz\u00f3n de la Patagonia argentina.<\/span><br data-start=\"584\" data-end=\"587\" \/>Nacimos con un prop\u00f3sito claro: brindar experiencias aut\u00e9nticas, responsables y memorables a quienes visitan nuestra regi\u00f3n.<\/p><p style=\"font-size: 16px; font-style: normal; font-weight: 300;\" data-start=\"713\" data-end=\"993\">Contamos con un equipo local de gu\u00edas habilitados, asesores biling\u00fces y operadores log\u00edsticos que conocen cada rinc\u00f3n de este destino \u00fanico. Nos especializamos en dise\u00f1ar excursiones adaptadas al tiempo y a los intereses de cada viajero, combinando naturaleza, cultura y aventura.<\/p><p style=\"font-size: 16px; font-style: normal; font-weight: 300;\" data-start=\"995\" data-end=\"1232\">Desde salidas a Pen\u00ednsula Vald\u00e9s hasta snorkel con lobos marinos, desde traves\u00edas culturales por el Valle del Chubut hasta excursiones para cruceristas con tiempos ajustados, en Arnez Travel te ayudamos a\u00a0<span style=\"font-weight: bold;\" data-start=\"1200\" data-end=\"1232\">vivir la Patagonia en serio.<\/span><\/p><p data-start=\"466\" data-end=\"711\"><strong data-start=\"466\" data-end=\"584\">acArnez Travel es una agencia de viajes receptiva ubicada en Puerto Madryn, en el coraz\u00f3n de la Patagonia argentina.<\/strong><br data-start=\"584\" data-end=\"587\" \/>Nacimos con un prop\u00f3sito claro: brindar experiencias aut\u00e9nticas, responsables y memorables a quienes visitan nuestra regi\u00f3n.<\/p><p data-start=\"713\" data-end=\"993\">Contamos con un equipo local de gu\u00edas habilitados, asesores biling\u00fces y operadores log\u00edsticos que conocen cada rinc\u00f3n de este destino \u00fanico. Nos especializamos en dise\u00f1ar excursiones adaptadas al tiempo y a los intereses de cada viajero, combinando naturaleza, cultura y aventura.<\/p><p data-start=\"995\" data-end=\"1232\">Desde salidas a Pen\u00ednsula Vald\u00e9s hasta snorkel con lobos marinos, desde traves\u00edas culturales por el Valle del Chubut hasta excursiones para cruceristas con tiempos ajustados, en Arnez Travel te ayudamos a\u00a0<strong data-start=\"1200\" data-end=\"1232\">vivir la Patagonia en serio.<\/strong><\/p>\t\t\t\t\t\t\t\t<\/div>\n\t\t\t\t<\/div>\n\t\t\t\t<\/div>\n\t\t\t\t<\/div>","protected":false},"excerpt":{"rendered":"<p>Somos Arnes Travel Mas ande otro criollo pasa Mart\u00edn Fierro ha de pasar, Nada la hace recular Ni las fantasmas [&hellip;]<\/p>","protected":false},"author":1,"featured_media":0,"parent":152,"menu_order":0,"comment_status":"closed","ping_status":"closed","template":"","meta":{"site-sidebar-layout":"no-sidebar","site-content-layout":"","ast-site-content-layout":"full-width-container","site-content-style":"default","site-sidebar-style":"default","ast-global-header-display":"","ast-banner-title-visibility":"","ast-main-header-display":"","ast-hfb-above-header-display":"","ast-hfb-below-header-display":"","ast-hfb-mobile-header-display":"","site-post-title":"disabled","ast-breadcrumbs-content":"","ast-featured-img":"disabled","footer-sml-layout":"","theme-transparent-header-meta":"","adv-header-id-meta":"","stick-header-meta":"","header-above-stick-meta":"","header-main-stick-meta":"","header-below-stick-meta":"","astra-migrate-meta-layouts":"default","ast-page-background-enabled":"default","ast-page-background-meta":{"desktop":{"background-color":"var(--ast-global-color-4)","background-image":"","background-repeat":"repeat","background-position":"center center","background-size":"auto","background-attachment":"scroll","background-type":"","background-media":"","overlay-type":"","overlay-color":"","overlay-opacity":"","overlay-gradient":""},"tablet":{"background-color":"","background-image":"","background-repeat":"repeat","background-position":"center center","background-size":"auto","background-attachment":"scroll","background-type":"","background-media":"","overlay-type":"","overlay-color":"","overlay-opacity":"","overlay-gradient":""},"mobile":{"background-color":"","background-image":"","background-repeat":"repeat","background-position":"center center","background-size":"auto","background-attachment":"scroll","background-type":"","background-media":"","overlay-type":"","overlay-color":"","overlay-opacity":"","overlay-gradient":""}},"ast-content-background-meta":{"desktop":{"background-color":"var(--ast-global-color-5)","background-image":"","background-repeat":"repeat","background-position":"center center","background-size":"auto","background-attachment":"scroll","background-type":"","background-media":"","overlay-type":"","overlay-color":"","overlay-opacity":"","overlay-gradient":""},"tablet":{"background-color":"var(--ast-global-color-5)","background-image":"","background-repeat":"repeat","background-position":"center center","background-size":"auto","background-attachment":"scroll","background-type":"","background-media":"","overlay-type":"","overlay-color":"","overlay-opacity":"","overlay-gradient":""},"mobile":{"background-color":"var(--ast-global-color-5)","background-image":"","background-repeat":"repeat","background-position":"center center","background-size":"auto","background-attachment":"scroll","background-type":"","background-media":"","overlay-type":"","overlay-color":"","overlay-opacity":"","overlay-gradient":""}},"footnotes":""},"class_list":["post-1605","page","type-page","status-publish","hentry"],"yoast_head":"<!-- This site is optimized with the Yoast SEO Premium plugin v26.2 (Yoast SEO v26.3) - https:\/\/yoast.com\/wordpress\/plugins\/seo\/ -->\n<title>Nosotros - Agencia de Viajes y Tours en Puerto Madryn Patagonia<\/title>\n<meta name=\"robots\" content=\"index, follow, max-snippet:-1, max-image-preview:large, max-video-preview:-1\" \/>\n<link rel=\"canonical\" href=\"https:\/\/arneztravel.com.ar\/en\/informacion\/nosotros\/\" \/>\n<meta property=\"og:locale\" content=\"en_US\" \/>\n<meta property=\"og:type\" content=\"article\" \/>\n<meta property=\"og:title\" content=\"Nosotros\" \/>\n<meta property=\"og:description\" content=\"Somos Arnes Travel Mas ande otro criollo pasa Mart\u00edn Fierro ha de pasar, Nada la hace recular Ni las fantasmas [&hellip;]\" \/>\n<meta property=\"og:url\" content=\"https:\/\/arneztravel.com.ar\/en\/informacion\/nosotros\/\" \/>\n<meta property=\"og:site_name\" content=\"Agencia de Viajes y Tours en Puerto Madryn Patagonia\" \/>\n<meta property=\"article:modified_time\" content=\"2025-08-01T14:17:06+00:00\" \/>\n<meta property=\"og:image\" content=\"https:\/\/arneztravel.com.ar\/wp-content\/uploads\/2025\/06\/logoarnez.jpg\" \/>\n\t<meta property=\"og:image:width\" content=\"665\" \/>\n\t<meta property=\"og:image:height\" content=\"175\" \/>\n\t<meta property=\"og:image:type\" content=\"image\/jpeg\" \/>\n<meta name=\"twitter:card\" content=\"summary_large_image\" \/>\n<meta name=\"twitter:label1\" content=\"Est. reading time\" \/>\n\t<meta name=\"twitter:data1\" content=\"2 minutes\" \/>\n<script type=\"application\/ld+json\" class=\"yoast-schema-graph\">{\"@context\":\"https:\/\/schema.org\",\"@graph\":[{\"@type\":\"WebPage\",\"@id\":\"https:\/\/arneztravel.com.ar\/informacion\/nosotros\/\",\"url\":\"https:\/\/arneztravel.com.ar\/informacion\/nosotros\/\",\"name\":\"Nosotros - Agencia de Viajes y Tours en Puerto Madryn Patagonia\",\"isPartOf\":{\"@id\":\"https:\/\/arneztravel.com.ar\/#website\"},\"primaryImageOfPage\":{\"@id\":\"https:\/\/arneztravel.com.ar\/informacion\/nosotros\/#primaryimage\"},\"image\":{\"@id\":\"https:\/\/arneztravel.com.ar\/informacion\/nosotros\/#primaryimage\"},\"thumbnailUrl\":\"https:\/\/arneztravel.com.ar\/wp-content\/uploads\/2025\/07\/cropped-Captura-de-pantalla-2025-07-21-181913.png\",\"datePublished\":\"2025-08-01T14:07:33+00:00\",\"dateModified\":\"2025-08-01T14:17:06+00:00\",\"breadcrumb\":{\"@id\":\"https:\/\/arneztravel.com.ar\/informacion\/nosotros\/#breadcrumb\"},\"inLanguage\":\"en-US\",\"potentialAction\":[{\"@type\":\"ReadAction\",\"target\":[\"https:\/\/arneztravel.com.ar\/informacion\/nosotros\/\"]}]},{\"@type\":\"ImageObject\",\"inLanguage\":\"en-US\",\"@id\":\"https:\/\/arneztravel.com.ar\/informacion\/nosotros\/#primaryimage\",\"url\":\"https:\/\/arneztravel.com.ar\/wp-content\/uploads\/2025\/07\/cropped-Captura-de-pantalla-2025-07-21-181913.png\",\"contentUrl\":\"https:\/\/arneztravel.com.ar\/wp-content\/uploads\/2025\/07\/cropped-Captura-de-pantalla-2025-07-21-181913.png\"},{\"@type\":\"BreadcrumbList\",\"@id\":\"https:\/\/arneztravel.com.ar\/informacion\/nosotros\/#breadcrumb\",\"itemListElement\":[{\"@type\":\"ListItem\",\"position\":1,\"name\":\"Inicio\",\"item\":\"https:\/\/arneztravel.com.ar\/\"},{\"@type\":\"ListItem\",\"position\":2,\"name\":\"Informacion\",\"item\":\"https:\/\/arneztravel.com.ar\/informacion\/\"},{\"@type\":\"ListItem\",\"position\":3,\"name\":\"Nosotros\"}]},{\"@type\":\"WebSite\",\"@id\":\"https:\/\/arneztravel.com.ar\/#website\",\"url\":\"https:\/\/arneztravel.com.ar\/\",\"name\":\"Agencia de Viajes y Tours en Puerto Madryn Patagonia\",\"description\":\"\",\"publisher\":{\"@id\":\"https:\/\/arneztravel.com.ar\/#organization\"},\"potentialAction\":[{\"@type\":\"SearchAction\",\"target\":{\"@type\":\"EntryPoint\",\"urlTemplate\":\"https:\/\/arneztravel.com.ar\/?s={search_term_string}\"},\"query-input\":{\"@type\":\"PropertyValueSpecification\",\"valueRequired\":true,\"valueName\":\"search_term_string\"}}],\"inLanguage\":\"en-US\"},{\"@type\":\"Organization\",\"@id\":\"https:\/\/arneztravel.com.ar\/#organization\",\"name\":\"Agencia de Viajes y Tours en Puerto Madryn Patagonia\",\"url\":\"https:\/\/arneztravel.com.ar\/\",\"logo\":{\"@type\":\"ImageObject\",\"inLanguage\":\"en-US\",\"@id\":\"https:\/\/arneztravel.com.ar\/#\/schema\/logo\/image\/\",\"url\":\"https:\/\/arneztravel.com.ar\/wp-content\/uploads\/2025\/07\/logoarnez.jpg\",\"contentUrl\":\"https:\/\/arneztravel.com.ar\/wp-content\/uploads\/2025\/07\/logoarnez.jpg\",\"width\":167,\"height\":146,\"caption\":\"Agencia de Viajes y Tours en Puerto Madryn Patagonia\"},\"image\":{\"@id\":\"https:\/\/arneztravel.com.ar\/#\/schema\/logo\/image\/\"},\"sameAs\":[\"https:\/\/www.instagram.com\/arneztravel\/\"]}]}<\/script>\n<!-- \/ Yoast SEO Premium plugin. -->","yoast_head_json":{"title":"Nosotros - Agencia de Viajes y Tours en Puerto Madryn Patagonia","robots":{"index":"index","follow":"follow","max-snippet":"max-snippet:-1","max-image-preview":"max-image-preview:large","max-video-preview":"max-video-preview:-1"},"canonical":"https:\/\/arneztravel.com.ar\/en\/informacion\/nosotros\/","og_locale":"en_US","og_type":"article","og_title":"Nosotros","og_description":"Somos Arnes Travel Mas ande otro criollo pasa Mart\u00edn Fierro ha de pasar, Nada la hace recular Ni las fantasmas [&hellip;]","og_url":"https:\/\/arneztravel.com.ar\/en\/informacion\/nosotros\/","og_site_name":"Agencia de Viajes y Tours en Puerto Madryn Patagonia","article_modified_time":"2025-08-01T14:17:06+00:00","og_image":[{"width":665,"height":175,"url":"https:\/\/arneztravel.com.ar\/wp-content\/uploads\/2025\/06\/logoarnez.jpg","type":"image\/jpeg"}],"twitter_card":"summary_large_image","twitter_misc":{"Est. reading time":"2 minutes"},"schema":{"@context":"https:\/\/schema.org","@graph":[{"@type":"WebPage","@id":"https:\/\/arneztravel.com.ar\/informacion\/nosotros\/","url":"https:\/\/arneztravel.com.ar\/informacion\/nosotros\/","name":"Nosotros - Agencia de Viajes y Tours en Puerto Madryn Patagonia","isPartOf":{"@id":"https:\/\/arneztravel.com.ar\/#website"},"primaryImageOfPage":{"@id":"https:\/\/arneztravel.com.ar\/informacion\/nosotros\/#primaryimage"},"image":{"@id":"https:\/\/arneztravel.com.ar\/informacion\/nosotros\/#primaryimage"},"thumbnailUrl":"https:\/\/arneztravel.com.ar\/wp-content\/uploads\/2025\/07\/cropped-Captura-de-pantalla-2025-07-21-181913.png","datePublished":"2025-08-01T14:07:33+00:00","dateModified":"2025-08-01T14:17:06+00:00","breadcrumb":{"@id":"https:\/\/arneztravel.com.ar\/informacion\/nosotros\/#breadcrumb"},"inLanguage":"en-US","potentialAction":[{"@type":"ReadAction","target":["https:\/\/arneztravel.com.ar\/informacion\/nosotros\/"]}]},{"@type":"ImageObject","inLanguage":"en-US","@id":"https:\/\/arneztravel.com.ar\/informacion\/nosotros\/#primaryimage","url":"https:\/\/arneztravel.com.ar\/wp-content\/uploads\/2025\/07\/cropped-Captura-de-pantalla-2025-07-21-181913.png","contentUrl":"https:\/\/arneztravel.com.ar\/wp-content\/uploads\/2025\/07\/cropped-Captura-de-pantalla-2025-07-21-181913.png"},{"@type":"BreadcrumbList","@id":"https:\/\/arneztravel.com.ar\/informacion\/nosotros\/#breadcrumb","itemListElement":[{"@type":"ListItem","position":1,"name":"Inicio","item":"https:\/\/arneztravel.com.ar\/"},{"@type":"ListItem","position":2,"name":"Informacion","item":"https:\/\/arneztravel.com.ar\/informacion\/"},{"@type":"ListItem","position":3,"name":"Nosotros"}]},{"@type":"WebSite","@id":"https:\/\/arneztravel.com.ar\/#website","url":"https:\/\/arneztravel.com.ar\/","name":"Agencia de Viajes y Tours en Puerto Madryn Patagonia","description":"","publisher":{"@id":"https:\/\/arneztravel.com.ar\/#organization"},"potentialAction":[{"@type":"SearchAction","target":{"@type":"EntryPoint","urlTemplate":"https:\/\/arneztravel.com.ar\/?s={search_term_string}"},"query-input":{"@type":"PropertyValueSpecification","valueRequired":true,"valueName":"search_term_string"}}],"inLanguage":"en-US"},{"@type":"Organization","@id":"https:\/\/arneztravel.com.ar\/#organization","name":"Agencia de Viajes y Tours en Puerto Madryn Patagonia","url":"https:\/\/arneztravel.com.ar\/","logo":{"@type":"ImageObject","inLanguage":"en-US","@id":"https:\/\/arneztravel.com.ar\/#\/schema\/logo\/image\/","url":"https:\/\/arneztravel.com.ar\/wp-content\/uploads\/2025\/07\/logoarnez.jpg","contentUrl":"https:\/\/arneztravel.com.ar\/wp-content\/uploads\/2025\/07\/logoarnez.jpg","width":167,"height":146,"caption":"Agencia de Viajes y Tours en Puerto Madryn Patagonia"},"image":{"@id":"https:\/\/arneztravel.com.ar\/#\/schema\/logo\/image\/"},"sameAs":["https:\/\/www.instagram.com\/arneztravel\/"]}]}},"_links":{"self":[{"href":"https:\/\/arneztravel.com.ar\/en\/wp-json\/wp\/v2\/pages\/1605","targetHints":{"allow":["GET"]}}],"collection":[{"href":"https:\/\/arneztravel.com.ar\/en\/wp-json\/wp\/v2\/pages"}],"about":[{"href":"https:\/\/arneztravel.com.ar\/en\/wp-json\/wp\/v2\/types\/page"}],"author":[{"embeddable":true,"href":"https:\/\/arneztravel.com.ar\/en\/wp-json\/wp\/v2\/users\/1"}],"replies":[{"embeddable":true,"href":"https:\/\/arneztravel.com.ar\/en\/wp-json\/wp\/v2\/comments?post=1605"}],"version-history":[{"count":4,"href":"https:\/\/arneztravel.com.ar\/en\/wp-json\/wp\/v2\/pages\/1605\/revisions"}],"predecessor-version":[{"id":1613,"href":"https:\/\/arneztravel.com.ar\/en\/wp-json\/wp\/v2\/pages\/1605\/revisions\/1613"}],"up":[{"embeddable":true,"href":"https:\/\/arneztravel.com.ar\/en\/wp-json\/wp\/v2\/pages\/152"}],"wp:attachment":[{"href":"https:\/\/arneztravel.com.ar\/en\/wp-json\/wp\/v2\/media?parent=1605"}],"curies":[{"name":"wp","href":"https:\/\/api.w.org\/{rel}","templated":true}]}}