{"id":1326,"date":"2025-07-30T00:45:25","date_gmt":"2025-07-30T00:45:25","guid":{"rendered":"https:\/\/arneztravel.com.ar\/?page_id=1326"},"modified":"2025-08-01T13:24:45","modified_gmt":"2025-08-01T13:24:45","slug":"calendario-fauna","status":"publish","type":"page","link":"https:\/\/arneztravel.com.ar\/en\/informacion\/calendario-fauna\/","title":{"rendered":"calendario fauna"},"content":{"rendered":"<div data-elementor-type=\"wp-page\" data-elementor-id=\"1326\" class=\"elementor elementor-1326\" data-elementor-post-type=\"page\">\n\t\t\t\t<div class=\"elementor-element elementor-element-a052dbc e-grid e-con-boxed e-con e-parent\" data-id=\"a052dbc\" data-element_type=\"container\" data-e-type=\"container\">\n\t\t\t\t\t<div class=\"e-con-inner\">\n\t\t<div class=\"elementor-element elementor-element-86651c7 e-con-full e-flex e-con e-child\" data-id=\"86651c7\" data-element_type=\"container\" data-e-type=\"container\">\n\t\t\t\t<div class=\"elementor-element elementor-element-f074575 elementor-widget elementor-widget-heading\" data-id=\"f074575\" data-element_type=\"widget\" data-e-type=\"widget\" data-widget_type=\"heading.default\">\n\t\t\t\t<div class=\"elementor-widget-container\">\n\t\t\t\t\t<h2 class=\"elementor-heading-title elementor-size-default\">Descubri Puerto Madryn con Arnez Patagonica<\/h2>\t\t\t\t<\/div>\n\t\t\t\t<\/div>\n\t\t\t\t<div class=\"elementor-element elementor-element-f121895 elementor-widget elementor-widget-text-editor\" data-id=\"f121895\" data-element_type=\"widget\" data-e-type=\"widget\" data-widget_type=\"text-editor.default\">\n\t\t\t\t<div class=\"elementor-widget-container\">\n\t\t\t\t\t\t\t\t\t<h3 data-start=\"394\" data-end=\"441\"><span style=\"font-size: 16px; font-style: inherit; font-weight: inherit; color: #324a6d;\">Puerto Madryn no es solo un destino tur\u00edstico: es una experiencia profunda, de esas que conectan con el alma. Ubicada en la costa del Mar Argentino, en la inmensidad de la Patagonia, esta ciudad portuaria te invita a vivir una aventura inolvidable entre naturaleza salvaje, paisajes majestuosos y una cultura local que late con fuerza.<\/span><\/h3><p data-start=\"780\" data-end=\"1165\">En <strong data-start=\"783\" data-end=\"803\">Arnez Patag\u00f3nica<\/strong> somos mucho m\u00e1s que una agencia de turismo: somos anfitriones apasionados de nuestra tierra. Conocemos cada rinc\u00f3n, cada historia y cada ciclo natural que hace de esta regi\u00f3n un lugar \u00fanico en el mundo. Por eso, dise\u00f1amos experiencias aut\u00e9nticas que van m\u00e1s all\u00e1 del recorrido cl\u00e1sico: queremos que veas, sientas y entiendas la Patagonia como lo har\u00eda un local.<\/p><p data-start=\"1167\" data-end=\"1352\">Ya sea que busques <strong data-start=\"1186\" data-end=\"1261\">aventuras en la estepa, excursiones costeras, avistajes de fauna marina<\/strong>, o simplemente respirar el aire puro de este rinc\u00f3n del mundo, est\u00e1s en el lugar correcto.<\/p>\t\t\t\t\t\t\t\t<\/div>\n\t\t\t\t<\/div>\n\t\t\t\t<\/div>\n\t\t<div class=\"elementor-element elementor-element-c4b33b0 e-con-full e-flex e-con e-child\" data-id=\"c4b33b0\" data-element_type=\"container\" data-e-type=\"container\">\n\t\t\t\t<div class=\"elementor-element elementor-element-f645f25 elementor-widget elementor-widget-image\" data-id=\"f645f25\" data-element_type=\"widget\" data-e-type=\"widget\" data-widget_type=\"image.default\">\n\t\t\t\t<div class=\"elementor-widget-container\">\n\t\t\t\t\t\t\t\t\t\t\t\t\t\t\t<img fetchpriority=\"high\" decoding=\"async\" width=\"763\" height=\"636\" src=\"https:\/\/arneztravel.com.ar\/wp-content\/uploads\/2025\/07\/Captura-de-pantalla-2025-07-16-094246.png\" class=\"attachment-large size-large wp-image-999\" alt=\"\" srcset=\"https:\/\/arneztravel.com.ar\/wp-content\/uploads\/2025\/07\/Captura-de-pantalla-2025-07-16-094246.png 763w, https:\/\/arneztravel.com.ar\/wp-content\/uploads\/2025\/07\/Captura-de-pantalla-2025-07-16-094246-300x250.png 300w, https:\/\/arneztravel.com.ar\/wp-content\/uploads\/2025\/07\/Captura-de-pantalla-2025-07-16-094246-14x12.png 14w\" sizes=\"(max-width: 763px) 100vw, 763px\" \/>\t\t\t\t\t\t\t\t\t\t\t\t\t\t\t<\/div>\n\t\t\t\t<\/div>\n\t\t\t\t<\/div>\n\t\t\t\t\t<\/div>\n\t\t\t\t<\/div>\n\t\t<div class=\"elementor-element elementor-element-2405915 e-flex e-con-boxed e-con e-parent\" data-id=\"2405915\" data-element_type=\"container\" data-e-type=\"container\">\n\t\t\t\t\t<div class=\"e-con-inner\">\n\t\t\t\t<div class=\"elementor-element elementor-element-e9e0e38 elementor-widget elementor-widget-text-editor\" data-id=\"e9e0e38\" data-element_type=\"widget\" data-e-type=\"widget\" data-widget_type=\"text-editor.default\">\n\t\t\t\t<div class=\"elementor-widget-container\">\n\t\t\t\t\t\t\t\t\t<h3 data-start=\"1359\" data-end=\"1397\">Un Para\u00edso Natural de Vida Salvaje<\/h3><p data-start=\"1399\" data-end=\"1641\">Puerto Madryn es considerada la <strong data-start=\"1431\" data-end=\"1467\">capital del avistaje de ballenas<\/strong> en Argentina, y uno de los mejores destinos del mundo para observar fauna en su h\u00e1bitat natural. Cada estaci\u00f3n del a\u00f1o transforma la regi\u00f3n y ofrece un espect\u00e1culo distinto.<\/p><p data-start=\"1643\" data-end=\"1984\">Durante los meses de invierno y primavera, las majestuosas <strong data-start=\"1702\" data-end=\"1732\">ballenas francas australes<\/strong> visitan el Golfo Nuevo para aparearse y dar a luz, regalando escenas de una belleza conmovedora. En Punta Tombo, cientos de miles de <strong data-start=\"1866\" data-end=\"1893\">ping\u00fcinos de Magallanes<\/strong> arriban a las costas para nidificar, caminar por la playa y convivir entre los visitantes.<\/p><p data-start=\"1986\" data-end=\"2209\">Tambi\u00e9n es posible observar <strong data-start=\"2014\" data-end=\"2032\">toninas overas<\/strong>, <strong data-start=\"2034\" data-end=\"2063\">lobos y elefantes marinos<\/strong>, <strong data-start=\"2065\" data-end=\"2074\">orcas<\/strong> en determinadas \u00e9pocas, y una gran variedad de <strong data-start=\"2122\" data-end=\"2142\">aves patag\u00f3nicas<\/strong>, que convierten cada excursi\u00f3n en una clase viva de biodiversidad.<\/p><hr data-start=\"2211\" data-end=\"2214\" \/><h3 data-start=\"2216\" data-end=\"2253\">Una Cultura que Respira Patagonia<\/h3><p data-start=\"2255\" data-end=\"2511\">La historia de Madryn est\u00e1 profundamente marcada por la llegada de los colonos galeses en 1865, quienes encontraron en estas tierras un nuevo hogar. Esa herencia a\u00fan se respira en sus tradiciones, en la arquitectura de Gaiman, y en las t\u00edpicas casas de t\u00e9.<\/p><p data-start=\"2513\" data-end=\"2788\">Pero tambi\u00e9n est\u00e1 la <strong data-start=\"2534\" data-end=\"2552\">Patagonia viva<\/strong>, la de sus habitantes actuales: pescadores, gu\u00edas, fot\u00f3grafos de fauna, bi\u00f3logos y emprendedores que construyen comunidad con amor por el entorno. En cada excursi\u00f3n, en cada relato, vas a encontrar una parte de esa identidad colectiva.<\/p><hr data-start=\"2790\" data-end=\"2793\" \/><h3 data-start=\"2795\" data-end=\"2836\">\u00bfCu\u00e1ndo Viajar? \u2013 Calendario de Fauna<\/h3><p data-start=\"2838\" data-end=\"3250\">Uno de los mayores atractivos de la regi\u00f3n es su <strong data-start=\"2887\" data-end=\"2913\">ciclo natural de fauna<\/strong>, que var\u00eda mes a mes. A continuaci\u00f3n, podr\u00e1s consultar nuestro <strong data-start=\"2977\" data-end=\"3000\">Calendario de Fauna<\/strong> interactivo para elegir el mejor momento del a\u00f1o seg\u00fan la especie que desees observar. Ya sea para ver ballenas saltando, ping\u00fcinos marchando, lobos marinos descansando o aves migratorias cruzando el cielo, siempre habr\u00e1 una experiencia esper\u00e1ndote.<\/p><p data-start=\"3252\" data-end=\"3369\">(\ud83d\udc49 Aqu\u00ed pod\u00e9s insertar el calendario en forma de tabla visual o desplegable con \u00edconos de animales y meses del a\u00f1o).<\/p><hr data-start=\"3371\" data-end=\"3374\" \/><h3 data-start=\"3376\" data-end=\"3397\">Viaj\u00e1 con Sentido<\/h3><p data-start=\"3399\" data-end=\"3696\">Viajar con Arnez Patag\u00f3nica significa hacerlo con conciencia. Todas nuestras excursiones son guiadas por profesionales comprometidos con la <strong data-start=\"3539\" data-end=\"3567\">conservaci\u00f3n del entorno<\/strong>, la <strong data-start=\"3572\" data-end=\"3595\">educaci\u00f3n ambiental<\/strong> y el <strong data-start=\"3601\" data-end=\"3624\">turismo responsable<\/strong>. Queremos que tu visita deje huella en tu memoria, no en la naturaleza.<\/p><p data-start=\"3698\" data-end=\"3953\">Te invitamos a descubrir la Patagonia profunda. A dejarte sorprender por su fuerza, su quietud, su inmensidad. A emocionarte frente al mar. A mirar a los ojos de una ballena. A sentir que, por unos d\u00edas, fuiste parte de algo verdaderamente extraordinario.<\/p><p data-start=\"3955\" data-end=\"4019\"><strong data-start=\"3955\" data-end=\"4019\">Bienvenidos a Puerto Madryn. Bienvenidos a Arnez Patag\u00f3nica.<\/strong><\/p>\t\t\t\t\t\t\t\t<\/div>\n\t\t\t\t<\/div>\n\t\t\t\t\t<\/div>\n\t\t\t\t<\/div>\n\t\t\t\t<\/div>","protected":false},"excerpt":{"rendered":"<p>Descubri Puerto Madryn con Arnez Patagonica Puerto Madryn no es solo un destino tur\u00edstico: es una experiencia profunda, de esas [&hellip;]<\/p>","protected":false},"author":1,"featured_media":0,"parent":152,"menu_order":0,"comment_status":"closed","ping_status":"closed","template":"","meta":{"site-sidebar-layout":"no-sidebar","site-content-layout":"","ast-site-content-layout":"full-width-container","site-content-style":"default","site-sidebar-style":"default","ast-global-header-display":"","ast-banner-title-visibility":"","ast-main-header-display":"","ast-hfb-above-header-display":"","ast-hfb-below-header-display":"","ast-hfb-mobile-header-display":"","site-post-title":"disabled","ast-breadcrumbs-content":"","ast-featured-img":"disabled","footer-sml-layout":"","theme-transparent-header-meta":"","adv-header-id-meta":"","stick-header-meta":"","header-above-stick-meta":"","header-main-stick-meta":"","header-below-stick-meta":"","astra-migrate-meta-layouts":"default","ast-page-background-enabled":"default","ast-page-background-meta":{"desktop":{"background-color":"var(--ast-global-color-4)","background-image":"","background-repeat":"repeat","background-position":"center center","background-size":"auto","background-attachment":"scroll","background-type":"","background-media":"","overlay-type":"","overlay-color":"","overlay-opacity":"","overlay-gradient":""},"tablet":{"background-color":"","background-image":"","background-repeat":"repeat","background-position":"center center","background-size":"auto","background-attachment":"scroll","background-type":"","background-media":"","overlay-type":"","overlay-color":"","overlay-opacity":"","overlay-gradient":""},"mobile":{"background-color":"","background-image":"","background-repeat":"repeat","background-position":"center center","background-size":"auto","background-attachment":"scroll","background-type":"","background-media":"","overlay-type":"","overlay-color":"","overlay-opacity":"","overlay-gradient":""}},"ast-content-background-meta":{"desktop":{"background-color":"var(--ast-global-color-5)","background-image":"","background-repeat":"repeat","background-position":"center center","background-size":"auto","background-attachment":"scroll","background-type":"","background-media":"","overlay-type":"","overlay-color":"","overlay-opacity":"","overlay-gradient":""},"tablet":{"background-color":"var(--ast-global-color-5)","background-image":"","background-repeat":"repeat","background-position":"center center","background-size":"auto","background-attachment":"scroll","background-type":"","background-media":"","overlay-type":"","overlay-color":"","overlay-opacity":"","overlay-gradient":""},"mobile":{"background-color":"var(--ast-global-color-5)","background-image":"","background-repeat":"repeat","background-position":"center center","background-size":"auto","background-attachment":"scroll","background-type":"","background-media":"","overlay-type":"","overlay-color":"","overlay-opacity":"","overlay-gradient":""}},"footnotes":""},"class_list":["post-1326","page","type-page","status-publish","hentry"],"yoast_head":"<!-- This site is optimized with the Yoast SEO Premium plugin v26.2 (Yoast SEO v26.3) - https:\/\/yoast.com\/wordpress\/plugins\/seo\/ -->\n<title>calendario fauna - Agencia de Viajes y Tours en Puerto Madryn Patagonia<\/title>\n<meta name=\"robots\" content=\"index, follow, max-snippet:-1, max-image-preview:large, max-video-preview:-1\" \/>\n<link rel=\"canonical\" href=\"https:\/\/arneztravel.com.ar\/en\/informacion\/calendario-fauna\/\" \/>\n<meta property=\"og:locale\" content=\"en_US\" \/>\n<meta property=\"og:type\" content=\"article\" \/>\n<meta property=\"og:title\" content=\"calendario fauna\" \/>\n<meta property=\"og:description\" content=\"Descubri Puerto Madryn con Arnez Patagonica Puerto Madryn no es solo un destino tur\u00edstico: es una experiencia profunda, de esas [&hellip;]\" \/>\n<meta property=\"og:url\" content=\"https:\/\/arneztravel.com.ar\/en\/informacion\/calendario-fauna\/\" \/>\n<meta property=\"og:site_name\" content=\"Agencia de Viajes y Tours en Puerto Madryn Patagonia\" \/>\n<meta property=\"article:modified_time\" content=\"2025-08-01T13:24:45+00:00\" \/>\n<meta property=\"og:image\" content=\"https:\/\/arneztravel.com.ar\/wp-content\/uploads\/2025\/07\/Captura-de-pantalla-2025-07-16-094246.png\" \/>\n\t<meta property=\"og:image:width\" content=\"763\" \/>\n\t<meta property=\"og:image:height\" content=\"636\" \/>\n\t<meta property=\"og:image:type\" content=\"image\/png\" \/>\n<meta name=\"twitter:card\" content=\"summary_large_image\" \/>\n<meta name=\"twitter:label1\" content=\"Est. reading time\" \/>\n\t<meta name=\"twitter:data1\" content=\"3 minutes\" \/>\n<script type=\"application\/ld+json\" class=\"yoast-schema-graph\">{\"@context\":\"https:\/\/schema.org\",\"@graph\":[{\"@type\":\"WebPage\",\"@id\":\"https:\/\/arneztravel.com.ar\/informacion\/calendario-fauna\/\",\"url\":\"https:\/\/arneztravel.com.ar\/informacion\/calendario-fauna\/\",\"name\":\"calendario fauna - Agencia de Viajes y Tours en Puerto Madryn Patagonia\",\"isPartOf\":{\"@id\":\"https:\/\/arneztravel.com.ar\/#website\"},\"primaryImageOfPage\":{\"@id\":\"https:\/\/arneztravel.com.ar\/informacion\/calendario-fauna\/#primaryimage\"},\"image\":{\"@id\":\"https:\/\/arneztravel.com.ar\/informacion\/calendario-fauna\/#primaryimage\"},\"thumbnailUrl\":\"https:\/\/arneztravel.com.ar\/wp-content\/uploads\/2025\/07\/Captura-de-pantalla-2025-07-16-094246.png\",\"datePublished\":\"2025-07-30T00:45:25+00:00\",\"dateModified\":\"2025-08-01T13:24:45+00:00\",\"breadcrumb\":{\"@id\":\"https:\/\/arneztravel.com.ar\/informacion\/calendario-fauna\/#breadcrumb\"},\"inLanguage\":\"en-US\",\"potentialAction\":[{\"@type\":\"ReadAction\",\"target\":[\"https:\/\/arneztravel.com.ar\/informacion\/calendario-fauna\/\"]}]},{\"@type\":\"ImageObject\",\"inLanguage\":\"en-US\",\"@id\":\"https:\/\/arneztravel.com.ar\/informacion\/calendario-fauna\/#primaryimage\",\"url\":\"https:\/\/arneztravel.com.ar\/wp-content\/uploads\/2025\/07\/Captura-de-pantalla-2025-07-16-094246.png\",\"contentUrl\":\"https:\/\/arneztravel.com.ar\/wp-content\/uploads\/2025\/07\/Captura-de-pantalla-2025-07-16-094246.png\"},{\"@type\":\"BreadcrumbList\",\"@id\":\"https:\/\/arneztravel.com.ar\/informacion\/calendario-fauna\/#breadcrumb\",\"itemListElement\":[{\"@type\":\"ListItem\",\"position\":1,\"name\":\"Inicio\",\"item\":\"https:\/\/arneztravel.com.ar\/\"},{\"@type\":\"ListItem\",\"position\":2,\"name\":\"Informacion\",\"item\":\"https:\/\/arneztravel.com.ar\/informacion\/\"},{\"@type\":\"ListItem\",\"position\":3,\"name\":\"calendario fauna\"}]},{\"@type\":\"WebSite\",\"@id\":\"https:\/\/arneztravel.com.ar\/#website\",\"url\":\"https:\/\/arneztravel.com.ar\/\",\"name\":\"Agencia de Viajes y Tours en Puerto Madryn Patagonia\",\"description\":\"\",\"publisher\":{\"@id\":\"https:\/\/arneztravel.com.ar\/#organization\"},\"potentialAction\":[{\"@type\":\"SearchAction\",\"target\":{\"@type\":\"EntryPoint\",\"urlTemplate\":\"https:\/\/arneztravel.com.ar\/?s={search_term_string}\"},\"query-input\":{\"@type\":\"PropertyValueSpecification\",\"valueRequired\":true,\"valueName\":\"search_term_string\"}}],\"inLanguage\":\"en-US\"},{\"@type\":\"Organization\",\"@id\":\"https:\/\/arneztravel.com.ar\/#organization\",\"name\":\"Agencia de Viajes y Tours en Puerto Madryn Patagonia\",\"url\":\"https:\/\/arneztravel.com.ar\/\",\"logo\":{\"@type\":\"ImageObject\",\"inLanguage\":\"en-US\",\"@id\":\"https:\/\/arneztravel.com.ar\/#\/schema\/logo\/image\/\",\"url\":\"https:\/\/arneztravel.com.ar\/wp-content\/uploads\/2025\/07\/logoarnez.jpg\",\"contentUrl\":\"https:\/\/arneztravel.com.ar\/wp-content\/uploads\/2025\/07\/logoarnez.jpg\",\"width\":167,\"height\":146,\"caption\":\"Agencia de Viajes y Tours en Puerto Madryn Patagonia\"},\"image\":{\"@id\":\"https:\/\/arneztravel.com.ar\/#\/schema\/logo\/image\/\"},\"sameAs\":[\"https:\/\/www.instagram.com\/arneztravel\/\"]}]}<\/script>\n<!-- \/ Yoast SEO Premium plugin. -->","yoast_head_json":{"title":"calendario fauna - Agencia de Viajes y Tours en Puerto Madryn Patagonia","robots":{"index":"index","follow":"follow","max-snippet":"max-snippet:-1","max-image-preview":"max-image-preview:large","max-video-preview":"max-video-preview:-1"},"canonical":"https:\/\/arneztravel.com.ar\/en\/informacion\/calendario-fauna\/","og_locale":"en_US","og_type":"article","og_title":"calendario fauna","og_description":"Descubri Puerto Madryn con Arnez Patagonica Puerto Madryn no es solo un destino tur\u00edstico: es una experiencia profunda, de esas [&hellip;]","og_url":"https:\/\/arneztravel.com.ar\/en\/informacion\/calendario-fauna\/","og_site_name":"Agencia de Viajes y Tours en Puerto Madryn Patagonia","article_modified_time":"2025-08-01T13:24:45+00:00","og_image":[{"width":763,"height":636,"url":"https:\/\/arneztravel.com.ar\/wp-content\/uploads\/2025\/07\/Captura-de-pantalla-2025-07-16-094246.png","type":"image\/png"}],"twitter_card":"summary_large_image","twitter_misc":{"Est. reading time":"3 minutes"},"schema":{"@context":"https:\/\/schema.org","@graph":[{"@type":"WebPage","@id":"https:\/\/arneztravel.com.ar\/informacion\/calendario-fauna\/","url":"https:\/\/arneztravel.com.ar\/informacion\/calendario-fauna\/","name":"calendario fauna - Agencia de Viajes y Tours en Puerto Madryn Patagonia","isPartOf":{"@id":"https:\/\/arneztravel.com.ar\/#website"},"primaryImageOfPage":{"@id":"https:\/\/arneztravel.com.ar\/informacion\/calendario-fauna\/#primaryimage"},"image":{"@id":"https:\/\/arneztravel.com.ar\/informacion\/calendario-fauna\/#primaryimage"},"thumbnailUrl":"https:\/\/arneztravel.com.ar\/wp-content\/uploads\/2025\/07\/Captura-de-pantalla-2025-07-16-094246.png","datePublished":"2025-07-30T00:45:25+00:00","dateModified":"2025-08-01T13:24:45+00:00","breadcrumb":{"@id":"https:\/\/arneztravel.com.ar\/informacion\/calendario-fauna\/#breadcrumb"},"inLanguage":"en-US","potentialAction":[{"@type":"ReadAction","target":["https:\/\/arneztravel.com.ar\/informacion\/calendario-fauna\/"]}]},{"@type":"ImageObject","inLanguage":"en-US","@id":"https:\/\/arneztravel.com.ar\/informacion\/calendario-fauna\/#primaryimage","url":"https:\/\/arneztravel.com.ar\/wp-content\/uploads\/2025\/07\/Captura-de-pantalla-2025-07-16-094246.png","contentUrl":"https:\/\/arneztravel.com.ar\/wp-content\/uploads\/2025\/07\/Captura-de-pantalla-2025-07-16-094246.png"},{"@type":"BreadcrumbList","@id":"https:\/\/arneztravel.com.ar\/informacion\/calendario-fauna\/#breadcrumb","itemListElement":[{"@type":"ListItem","position":1,"name":"Inicio","item":"https:\/\/arneztravel.com.ar\/"},{"@type":"ListItem","position":2,"name":"Informacion","item":"https:\/\/arneztravel.com.ar\/informacion\/"},{"@type":"ListItem","position":3,"name":"calendario fauna"}]},{"@type":"WebSite","@id":"https:\/\/arneztravel.com.ar\/#website","url":"https:\/\/arneztravel.com.ar\/","name":"Agencia de Viajes y Tours en Puerto Madryn Patagonia","description":"","publisher":{"@id":"https:\/\/arneztravel.com.ar\/#organization"},"potentialAction":[{"@type":"SearchAction","target":{"@type":"EntryPoint","urlTemplate":"https:\/\/arneztravel.com.ar\/?s={search_term_string}"},"query-input":{"@type":"PropertyValueSpecification","valueRequired":true,"valueName":"search_term_string"}}],"inLanguage":"en-US"},{"@type":"Organization","@id":"https:\/\/arneztravel.com.ar\/#organization","name":"Agencia de Viajes y Tours en Puerto Madryn Patagonia","url":"https:\/\/arneztravel.com.ar\/","logo":{"@type":"ImageObject","inLanguage":"en-US","@id":"https:\/\/arneztravel.com.ar\/#\/schema\/logo\/image\/","url":"https:\/\/arneztravel.com.ar\/wp-content\/uploads\/2025\/07\/logoarnez.jpg","contentUrl":"https:\/\/arneztravel.com.ar\/wp-content\/uploads\/2025\/07\/logoarnez.jpg","width":167,"height":146,"caption":"Agencia de Viajes y Tours en Puerto Madryn Patagonia"},"image":{"@id":"https:\/\/arneztravel.com.ar\/#\/schema\/logo\/image\/"},"sameAs":["https:\/\/www.instagram.com\/arneztravel\/"]}]}},"_links":{"self":[{"href":"https:\/\/arneztravel.com.ar\/en\/wp-json\/wp\/v2\/pages\/1326","targetHints":{"allow":["GET"]}}],"collection":[{"href":"https:\/\/arneztravel.com.ar\/en\/wp-json\/wp\/v2\/pages"}],"about":[{"href":"https:\/\/arneztravel.com.ar\/en\/wp-json\/wp\/v2\/types\/page"}],"author":[{"embeddable":true,"href":"https:\/\/arneztravel.com.ar\/en\/wp-json\/wp\/v2\/users\/1"}],"replies":[{"embeddable":true,"href":"https:\/\/arneztravel.com.ar\/en\/wp-json\/wp\/v2\/comments?post=1326"}],"version-history":[{"count":4,"href":"https:\/\/arneztravel.com.ar\/en\/wp-json\/wp\/v2\/pages\/1326\/revisions"}],"predecessor-version":[{"id":1585,"href":"https:\/\/arneztravel.com.ar\/en\/wp-json\/wp\/v2\/pages\/1326\/revisions\/1585"}],"up":[{"embeddable":true,"href":"https:\/\/arneztravel.com.ar\/en\/wp-json\/wp\/v2\/pages\/152"}],"wp:attachment":[{"href":"https:\/\/arneztravel.com.ar\/en\/wp-json\/wp\/v2\/media?parent=1326"}],"curies":[{"name":"wp","href":"https:\/\/api.w.org\/{rel}","templated":true}]}}